{"id":5304,"date":"2025-12-12T18:11:05","date_gmt":"2025-12-12T18:11:05","guid":{"rendered":"https:\/\/veneludica.com\/?post_type=product&#038;p=5304"},"modified":"2026-01-05T17:30:33","modified_gmt":"2026-01-05T17:30:33","slug":"3000-granujas","status":"publish","type":"product","link":"https:\/\/veneludica.com\/?product=3000-granujas","title":{"rendered":"3000 granujas"},"content":{"rendered":"<p data-start=\"87\" data-end=\"392\">\u00abEl Viajero trajo muchos cambios a nuestro peque\u00f1o pueblo fronterizo en los \u00faltimos cinco a\u00f1os. Nos mostr\u00f3 maravillas m\u00e1s all\u00e1 de la imaginaci\u00f3n y nos ense\u00f1\u00f3 a usar sus extra\u00f1as m\u00e1quinas. Ahora que el Viajero ha desaparecido, se acerca una tormenta. \u00bfQui\u00e9n controlar\u00e1 el destino de la Frontera Americana?\u00bb<\/p>\n<p data-start=\"394\" data-end=\"733\">En <strong data-start=\"397\" data-end=\"416\">3000 Scoundrels<\/strong>, los jugadores asumen los roles de l\u00edderes rivales que intentan robar la valiosa tecnolog\u00eda que dej\u00f3 atr\u00e1s el Viajero. Al superponer cartas transparentes, creas bribones \u00fanicos y los usas para superar a tus rivales. En resumen: contrata bribones para crear poderosos combos, roba tecnolog\u00eda y supera a tus oponentes.<\/p>\n<p data-start=\"735\" data-end=\"1084\">En cada turno, juegas una carta de p\u00f3ker de tu mano boca abajo frente a tu tablero de jugador, luego utilizas todas las habilidades que coincidan con el n\u00famero que reclamas. No necesitas decir la verdad al reclamar un n\u00famero, pero si un oponente te descubre haciendo un farol, da\u00f1ar\u00e1 tu reputaci\u00f3n y disminuir\u00e1 tus posibilidades de ganar la partida.<\/p>\n<p data-start=\"1086\" data-end=\"1384\">Cada l\u00edder tiene una perspectiva y una motivaci\u00f3n \u00fanicas en el conflicto de <strong data-start=\"1162\" data-end=\"1181\">Graystone Gulch<\/strong>. \u00bfTe impulsa el dinero, la fama o el profundo deseo de mejorar el mundo? Las reglas avanzadas a\u00f1aden estrategias \u00fanicas para cada l\u00edder que reflejan sus fortalezas particulares y sus trucos m\u00e1s astutos.<\/p>\n<p data-start=\"1086\" data-end=\"1384\"><a href=\"https:\/\/boardgamegeek.com\/boardgame\/367525\/3000-scoundrels\" target=\"_blank\" rel=\"noopener\">PAGINA BGG<\/a><\/p>\n<p><iframe title=\"Conociendo 3000 Granujas\" width=\"640\" height=\"360\" src=\"https:\/\/www.youtube.com\/embed\/3ASzYoZWjhs?feature=oembed\" frameborder=\"0\" allow=\"accelerometer; autoplay; clipboard-write; encrypted-media; gyroscope; picture-in-picture; web-share\" referrerpolicy=\"strict-origin-when-cross-origin\" allowfullscreen><\/iframe><\/p>\n","protected":false},"excerpt":{"rendered":"<p>\u00abEl Viajero trajo muchos cambios a nuestro peque\u00f1o pueblo fronterizo en los \u00faltimos cinco a\u00f1os. Nos mostr\u00f3 maravillas m\u00e1s all\u00e1 de la imaginaci\u00f3n y nos ense\u00f1\u00f3 a usar sus extra\u00f1as m\u00e1quinas. Ahora que el Viajero ha desaparecido, se acerca una tormenta. \u00bfQui\u00e9n controlar\u00e1 el destino de la Frontera Americana?\u00bb En 3000 Scoundrels, los jugadores asumen los roles de l\u00edderes rivales que intentan robar la valiosa tecnolog\u00eda que dej\u00f3 atr\u00e1s el&hellip;<\/p>\n","protected":false},"featured_media":5300,"comment_status":"open","ping_status":"closed","template":"","meta":[],"product_brand":[],"product_cat":[82],"product_tag":[83],"class_list":{"0":"post-5304","1":"product","2":"type-product","3":"status-publish","4":"has-post-thumbnail","6":"product_cat-mentir-bluffing","7":"product_tag-familiar","9":"first","10":"instock","11":"taxable","12":"shipping-taxable","13":"purchasable","14":"product-type-simple"},"jetpack_sharing_enabled":true,"_links":{"self":[{"href":"https:\/\/veneludica.com\/index.php?rest_route=\/wp\/v2\/product\/5304","targetHints":{"allow":["GET"]}}],"collection":[{"href":"https:\/\/veneludica.com\/index.php?rest_route=\/wp\/v2\/product"}],"about":[{"href":"https:\/\/veneludica.com\/index.php?rest_route=\/wp\/v2\/types\/product"}],"replies":[{"embeddable":true,"href":"https:\/\/veneludica.com\/index.php?rest_route=%2Fwp%2Fv2%2Fcomments&post=5304"}],"version-history":[{"count":3,"href":"https:\/\/veneludica.com\/index.php?rest_route=\/wp\/v2\/product\/5304\/revisions"}],"predecessor-version":[{"id":5339,"href":"https:\/\/veneludica.com\/index.php?rest_route=\/wp\/v2\/product\/5304\/revisions\/5339"}],"wp:featuredmedia":[{"embeddable":true,"href":"https:\/\/veneludica.com\/index.php?rest_route=\/wp\/v2\/media\/5300"}],"wp:attachment":[{"href":"https:\/\/veneludica.com\/index.php?rest_route=%2Fwp%2Fv2%2Fmedia&parent=5304"}],"wp:term":[{"taxonomy":"product_brand","embeddable":true,"href":"https:\/\/veneludica.com\/index.php?rest_route=%2Fwp%2Fv2%2Fproduct_brand&post=5304"},{"taxonomy":"product_cat","embeddable":true,"href":"https:\/\/veneludica.com\/index.php?rest_route=%2Fwp%2Fv2%2Fproduct_cat&post=5304"},{"taxonomy":"product_tag","embeddable":true,"href":"https:\/\/veneludica.com\/index.php?rest_route=%2Fwp%2Fv2%2Fproduct_tag&post=5304"}],"curies":[{"name":"wp","href":"https:\/\/api.w.org\/{rel}","templated":true}]}}