{"id":5308,"date":"2025-12-12T18:21:45","date_gmt":"2025-12-12T18:21:45","guid":{"rendered":"https:\/\/veneludica.com\/?post_type=product&#038;p=5308"},"modified":"2026-01-05T17:50:55","modified_gmt":"2026-01-05T17:50:55","slug":"504","status":"publish","type":"product","link":"https:\/\/veneludica.com\/?product=504","title":{"rendered":"504."},"content":{"rendered":"<p data-start=\"103\" data-end=\"734\">En un futuro distante, los cient\u00edficos lograron construir peque\u00f1as Tierras alternativas. Hasta ahora, se han construido exactamente <strong data-start=\"235\" data-end=\"242\">504<\/strong> de estas Tierras. Los cient\u00edficos programaron cada uno de estos Mundos con un conjunto individual de leyes y reglas que sus habitantes siguen estrictamente y consideran fundamentales para sus vidas. Estas pueden ser exploraci\u00f3n, consumo, econom\u00eda, militar, etc., y cada una es \u00fanica. Puedes visitar todas estas 504 Tierras alternativas para experimentar c\u00f3mo vive su gente y decidir cu\u00e1l de estos mundos alberga la mejor civilizaci\u00f3n. \u00bfEn qu\u00e9 Mundo quieres vivir? \u00a1Expl\u00f3ralos todos y decide!<\/p>\n<p data-start=\"736\" data-end=\"853\"><strong data-start=\"736\" data-end=\"743\">504<\/strong> es un juego que crea <strong data-start=\"765\" data-end=\"790\">504 juegos diferentes<\/strong> a partir de una sola caja. El juego consiste en nueve m\u00f3dulos:<\/p>\n<ul data-start=\"855\" data-end=\"1112\">\n<li data-start=\"855\" data-end=\"891\">\n<p data-start=\"857\" data-end=\"891\"><strong data-start=\"857\" data-end=\"870\">M\u00f3dulo 1:<\/strong> Recoger y Entregar<\/p>\n<\/li>\n<li data-start=\"892\" data-end=\"917\">\n<p data-start=\"894\" data-end=\"917\"><strong data-start=\"894\" data-end=\"907\">M\u00f3dulo 2:<\/strong> Carrera<\/p>\n<\/li>\n<li data-start=\"918\" data-end=\"947\">\n<p data-start=\"920\" data-end=\"947\"><strong data-start=\"920\" data-end=\"933\">M\u00f3dulo 3:<\/strong> Privilegios<\/p>\n<\/li>\n<li data-start=\"948\" data-end=\"973\">\n<p data-start=\"950\" data-end=\"973\"><strong data-start=\"950\" data-end=\"963\">M\u00f3dulo 4:<\/strong> Militar<\/p>\n<\/li>\n<li data-start=\"974\" data-end=\"1003\">\n<p data-start=\"976\" data-end=\"1003\"><strong data-start=\"976\" data-end=\"989\">M\u00f3dulo 5:<\/strong> Exploraci\u00f3n<\/p>\n<\/li>\n<li data-start=\"1004\" data-end=\"1029\">\n<p data-start=\"1006\" data-end=\"1029\"><strong data-start=\"1006\" data-end=\"1019\">M\u00f3dulo 6:<\/strong> Caminos<\/p>\n<\/li>\n<li data-start=\"1030\" data-end=\"1056\">\n<p data-start=\"1032\" data-end=\"1056\"><strong data-start=\"1032\" data-end=\"1045\">M\u00f3dulo 7:<\/strong> Mayor\u00edas<\/p>\n<\/li>\n<li data-start=\"1057\" data-end=\"1085\">\n<p data-start=\"1059\" data-end=\"1085\"><strong data-start=\"1059\" data-end=\"1072\">M\u00f3dulo 8:<\/strong> Producci\u00f3n<\/p>\n<\/li>\n<li data-start=\"1086\" data-end=\"1112\">\n<p data-start=\"1088\" data-end=\"1112\"><strong data-start=\"1088\" data-end=\"1101\">M\u00f3dulo 9:<\/strong> Acciones<\/p>\n<\/li>\n<\/ul>\n<p data-start=\"1114\" data-end=\"1443\">En cada partida, tomas tres m\u00f3dulos diferentes de los nueve disponibles y los ensamblas en el orden que desees para crear un juego nuevo. (504 = 9 * 8 * 7 = el n\u00famero de permutaciones distintas de tres elementos de un conjunto de nueve. El orden de los m\u00f3dulos es significativo y no se pueden repetir.) Por ejemplo, puedes jugar:<\/p>\n<ul data-start=\"1445\" data-end=\"1898\">\n<li data-start=\"1445\" data-end=\"1584\">\n<p data-start=\"1447\" data-end=\"1584\">un juego de carreras que se expande mediante la exploraci\u00f3n, con tecnolog\u00eda que mejora las carreras o la exploraci\u00f3n (<strong data-start=\"1565\" data-end=\"1580\">Mundo \u201c253\u201d<\/strong>).<\/p>\n<\/li>\n<li data-start=\"1585\" data-end=\"1778\">\n<p data-start=\"1587\" data-end=\"1778\">un juego estilo <strong data-start=\"1603\" data-end=\"1611\">18XX<\/strong> de acciones, con construcci\u00f3n de redes para generar ingresos y sitios de producci\u00f3n que proporcionan trabajadores para la construcci\u00f3n de caminos (<strong data-start=\"1759\" data-end=\"1774\">Mundo \u201c968\u201d<\/strong>).<\/p>\n<\/li>\n<li data-start=\"1779\" data-end=\"1898\">\n<p data-start=\"1781\" data-end=\"1898\">un juego de guerra con una econom\u00eda de recoger y entregar, y puntuaci\u00f3n extra basada en mayor\u00edas (<strong data-start=\"1879\" data-end=\"1894\">Mundo \u201c417\u201d<\/strong>).<\/p>\n<\/li>\n<\/ul>\n<p data-start=\"1900\" data-end=\"1945\">Cada partida dura entre <strong data-start=\"1924\" data-end=\"1944\">30 y 120 minutos<\/strong>.<\/p>\n<p data-start=\"1900\" data-end=\"1945\"><a href=\"https:\/\/boardgamegeek.com\/boardgame\/175878\/504\" target=\"_blank\" rel=\"noopener\">PAGINA BGG<\/a><\/p>\n<p><iframe title=\"Conociendo 504\" width=\"640\" height=\"360\" src=\"https:\/\/www.youtube.com\/embed\/p62P2kUZvbQ?feature=oembed\" frameborder=\"0\" allow=\"accelerometer; autoplay; clipboard-write; encrypted-media; gyroscope; picture-in-picture; web-share\" referrerpolicy=\"strict-origin-when-cross-origin\" allowfullscreen><\/iframe><\/p>\n","protected":false},"excerpt":{"rendered":"<p>En un futuro distante, los cient\u00edficos lograron construir peque\u00f1as Tierras alternativas. Hasta ahora, se han construido exactamente 504 de estas Tierras. Los cient\u00edficos programaron cada uno de estos Mundos con un conjunto individual de leyes y reglas que sus habitantes siguen estrictamente y consideran fundamentales para sus vidas. Estas pueden ser exploraci\u00f3n, consumo, econom\u00eda, militar, etc., y cada una es \u00fanica. Puedes visitar todas estas 504 Tierras alternativas para experimentar&hellip;<\/p>\n","protected":false},"featured_media":5319,"comment_status":"open","ping_status":"closed","template":"","meta":[],"product_brand":[],"product_cat":[66,84],"product_tag":[85,86,87,83],"class_list":{"0":"post-5308","1":"product","2":"type-product","3":"status-publish","4":"has-post-thumbnail","6":"product_cat-abstractos","7":"product_cat-estrategia","8":"product_tag-animales","9":"product_tag-economia","10":"product_tag-explorar","11":"product_tag-familiar","13":"first","14":"instock","15":"taxable","16":"shipping-taxable","17":"purchasable","18":"product-type-simple"},"jetpack_sharing_enabled":true,"_links":{"self":[{"href":"https:\/\/veneludica.com\/index.php?rest_route=\/wp\/v2\/product\/5308","targetHints":{"allow":["GET"]}}],"collection":[{"href":"https:\/\/veneludica.com\/index.php?rest_route=\/wp\/v2\/product"}],"about":[{"href":"https:\/\/veneludica.com\/index.php?rest_route=\/wp\/v2\/types\/product"}],"replies":[{"embeddable":true,"href":"https:\/\/veneludica.com\/index.php?rest_route=%2Fwp%2Fv2%2Fcomments&post=5308"}],"version-history":[{"count":4,"href":"https:\/\/veneludica.com\/index.php?rest_route=\/wp\/v2\/product\/5308\/revisions"}],"predecessor-version":[{"id":5387,"href":"https:\/\/veneludica.com\/index.php?rest_route=\/wp\/v2\/product\/5308\/revisions\/5387"}],"wp:featuredmedia":[{"embeddable":true,"href":"https:\/\/veneludica.com\/index.php?rest_route=\/wp\/v2\/media\/5319"}],"wp:attachment":[{"href":"https:\/\/veneludica.com\/index.php?rest_route=%2Fwp%2Fv2%2Fmedia&parent=5308"}],"wp:term":[{"taxonomy":"product_brand","embeddable":true,"href":"https:\/\/veneludica.com\/index.php?rest_route=%2Fwp%2Fv2%2Fproduct_brand&post=5308"},{"taxonomy":"product_cat","embeddable":true,"href":"https:\/\/veneludica.com\/index.php?rest_route=%2Fwp%2Fv2%2Fproduct_cat&post=5308"},{"taxonomy":"product_tag","embeddable":true,"href":"https:\/\/veneludica.com\/index.php?rest_route=%2Fwp%2Fv2%2Fproduct_tag&post=5308"}],"curies":[{"name":"wp","href":"https:\/\/api.w.org\/{rel}","templated":true}]}}