{"id":5320,"date":"2025-12-12T18:26:08","date_gmt":"2025-12-12T18:26:08","guid":{"rendered":"https:\/\/veneludica.com\/?post_type=product&#038;p=5320"},"modified":"2026-01-05T17:53:58","modified_gmt":"2026-01-05T17:53:58","slug":"5211","status":"publish","type":"product","link":"https:\/\/veneludica.com\/?product=5211","title":{"rendered":"5211"},"content":{"rendered":"<p data-start=\"77\" data-end=\"194\"><strong data-start=\"77\" data-end=\"85\">5211<\/strong> es un juego de cartas de ritmo r\u00e1pido con un m\u00e9todo de puntuaci\u00f3n \u00fanico que recompensa el juego inteligente.<\/p>\n<p data-start=\"196\" data-end=\"514\">El juego incluye cartas del <strong data-start=\"224\" data-end=\"234\">1 al 6<\/strong> en cinco colores. Cada jugador comienza con una mano de cinco cartas. Los jugadores juegan dos cartas boca abajo y luego las revelan simult\u00e1neamente. Luego roban cartas para volver a tener cinco en mano, y repiten este proceso dos veces m\u00e1s, pero solo jugando una carta cada vez.<\/p>\n<p data-start=\"516\" data-end=\"824\">Las cartas del color con mayor\u00eda puntuar\u00e1n \u2014a menos que haya demasiadas, en cuyo caso ese color \u201crevienta\u201d y punt\u00faa el segundo color con m\u00e1s cartas\u2014. En caso de empate por mayor\u00eda, los colores empatados tambi\u00e9n quedan fuera. Estas rondas se repiten hasta que el mazo se agota. El jugador con m\u00e1s puntos gana.<\/p>\n<p data-start=\"826\" data-end=\"905\"><strong data-start=\"826\" data-end=\"834\">5211<\/strong> es una nueva edici\u00f3n de <strong data-start=\"859\" data-end=\"871\">5 COLORS<\/strong>, con arte completamente renovado.<\/p>\n<p data-start=\"826\" data-end=\"905\"><a href=\"https:\/\/boardgamegeek.com\/boardgame\/271512\/5211\" target=\"_blank\" rel=\"noopener\">PAGINA BGG<\/a><\/p>\n<p><iframe title=\"Conociendo 5211\" width=\"640\" height=\"360\" src=\"https:\/\/www.youtube.com\/embed\/9bkly2kPF_M?feature=oembed\" frameborder=\"0\" allow=\"accelerometer; autoplay; clipboard-write; encrypted-media; gyroscope; picture-in-picture; web-share\" referrerpolicy=\"strict-origin-when-cross-origin\" allowfullscreen><\/iframe><\/p>\n","protected":false},"excerpt":{"rendered":"<p>5211 es un juego de cartas de ritmo r\u00e1pido con un m\u00e9todo de puntuaci\u00f3n \u00fanico que recompensa el juego inteligente. El juego incluye cartas del 1 al 6 en cinco colores. Cada jugador comienza con una mano de cinco cartas. Los jugadores juegan dos cartas boca abajo y luego las revelan simult\u00e1neamente. Luego roban cartas para volver a tener cinco en mano, y repiten este proceso dos veces m\u00e1s, pero&hellip;<\/p>\n","protected":false},"featured_media":5321,"comment_status":"open","ping_status":"closed","template":"","meta":[],"product_brand":[],"product_cat":[88],"product_tag":[72,83],"class_list":{"0":"post-5320","1":"product","2":"type-product","3":"status-publish","4":"has-post-thumbnail","6":"product_cat-familiar","7":"product_tag-de-cartas","8":"product_tag-familiar","10":"first","11":"instock","12":"taxable","13":"shipping-taxable","14":"purchasable","15":"product-type-simple"},"jetpack_sharing_enabled":true,"_links":{"self":[{"href":"https:\/\/veneludica.com\/index.php?rest_route=\/wp\/v2\/product\/5320","targetHints":{"allow":["GET"]}}],"collection":[{"href":"https:\/\/veneludica.com\/index.php?rest_route=\/wp\/v2\/product"}],"about":[{"href":"https:\/\/veneludica.com\/index.php?rest_route=\/wp\/v2\/types\/product"}],"replies":[{"embeddable":true,"href":"https:\/\/veneludica.com\/index.php?rest_route=%2Fwp%2Fv2%2Fcomments&post=5320"}],"version-history":[{"count":3,"href":"https:\/\/veneludica.com\/index.php?rest_route=\/wp\/v2\/product\/5320\/revisions"}],"predecessor-version":[{"id":5331,"href":"https:\/\/veneludica.com\/index.php?rest_route=\/wp\/v2\/product\/5320\/revisions\/5331"}],"wp:featuredmedia":[{"embeddable":true,"href":"https:\/\/veneludica.com\/index.php?rest_route=\/wp\/v2\/media\/5321"}],"wp:attachment":[{"href":"https:\/\/veneludica.com\/index.php?rest_route=%2Fwp%2Fv2%2Fmedia&parent=5320"}],"wp:term":[{"taxonomy":"product_brand","embeddable":true,"href":"https:\/\/veneludica.com\/index.php?rest_route=%2Fwp%2Fv2%2Fproduct_brand&post=5320"},{"taxonomy":"product_cat","embeddable":true,"href":"https:\/\/veneludica.com\/index.php?rest_route=%2Fwp%2Fv2%2Fproduct_cat&post=5320"},{"taxonomy":"product_tag","embeddable":true,"href":"https:\/\/veneludica.com\/index.php?rest_route=%2Fwp%2Fv2%2Fproduct_tag&post=5320"}],"curies":[{"name":"wp","href":"https:\/\/api.w.org\/{rel}","templated":true}]}}