{"id":5325,"date":"2025-12-12T18:29:24","date_gmt":"2025-12-12T18:29:24","guid":{"rendered":"https:\/\/veneludica.com\/?post_type=product&#038;p=5325"},"modified":"2026-01-05T17:58:46","modified_gmt":"2026-01-05T17:58:46","slug":"75-gnom-street","status":"publish","type":"product","link":"https:\/\/veneludica.com\/?product=75-gnom-street","title":{"rendered":"75 Gnom Street"},"content":{"rendered":"<p data-start=\"81\" data-end=\"296\">Cuando Mamie sale de su acogedora casa, su jard\u00edn se convierte en el campo de batalla de una guerra secreta y terrible entre bandas de gnomos, \u00a1todas buscando tesoros enterrados antes de que la due\u00f1a regrese a casa!<\/p>\n<p data-start=\"298\" data-end=\"501\"><strong data-start=\"298\" data-end=\"317\">75 Gnom&#8217; Street<\/strong> es un juego de investigaci\u00f3n y faroleo, en el que cada jugador intenta adivinar la ubicaci\u00f3n del bot\u00edn de las dem\u00e1s bandas y espera que ellas no logren encontrar tus tesoros a cambio.<\/p>\n<p data-start=\"298\" data-end=\"501\"><a href=\"https:\/\/boardgamegeek.com\/boardgame\/215065\/75-gnom-street\" target=\"_blank\" rel=\"noopener\">PAGINA BGG<\/a><\/p>\n<p><iframe title=\"Conociendo 75 Gnom&#039; Street\" width=\"640\" height=\"360\" src=\"https:\/\/www.youtube.com\/embed\/TdKCtcjF980?feature=oembed\" frameborder=\"0\" allow=\"accelerometer; autoplay; clipboard-write; encrypted-media; gyroscope; picture-in-picture; web-share\" referrerpolicy=\"strict-origin-when-cross-origin\" allowfullscreen><\/iframe><\/p>\n","protected":false},"excerpt":{"rendered":"<p>Cuando Mamie sale de su acogedora casa, su jard\u00edn se convierte en el campo de batalla de una guerra secreta y terrible entre bandas de gnomos, \u00a1todas buscando tesoros enterrados antes de que la due\u00f1a regrese a casa! 75 Gnom&#8217; Street es un juego de investigaci\u00f3n y faroleo, en el que cada jugador intenta adivinar la ubicaci\u00f3n del bot\u00edn de las dem\u00e1s bandas y espera que ellas no logren encontrar&hellip;<\/p>\n","protected":false},"featured_media":5326,"comment_status":"open","ping_status":"closed","template":"","meta":[],"product_brand":[],"product_cat":[70,82],"product_tag":[],"class_list":{"0":"post-5325","1":"product","2":"type-product","3":"status-publish","4":"has-post-thumbnail","6":"product_cat-detective-deduccion","7":"product_cat-mentir-bluffing","9":"first","10":"instock","11":"taxable","12":"shipping-taxable","13":"purchasable","14":"product-type-simple"},"jetpack_sharing_enabled":true,"_links":{"self":[{"href":"https:\/\/veneludica.com\/index.php?rest_route=\/wp\/v2\/product\/5325","targetHints":{"allow":["GET"]}}],"collection":[{"href":"https:\/\/veneludica.com\/index.php?rest_route=\/wp\/v2\/product"}],"about":[{"href":"https:\/\/veneludica.com\/index.php?rest_route=\/wp\/v2\/types\/product"}],"replies":[{"embeddable":true,"href":"https:\/\/veneludica.com\/index.php?rest_route=%2Fwp%2Fv2%2Fcomments&post=5325"}],"version-history":[{"count":3,"href":"https:\/\/veneludica.com\/index.php?rest_route=\/wp\/v2\/product\/5325\/revisions"}],"predecessor-version":[{"id":5333,"href":"https:\/\/veneludica.com\/index.php?rest_route=\/wp\/v2\/product\/5325\/revisions\/5333"}],"wp:featuredmedia":[{"embeddable":true,"href":"https:\/\/veneludica.com\/index.php?rest_route=\/wp\/v2\/media\/5326"}],"wp:attachment":[{"href":"https:\/\/veneludica.com\/index.php?rest_route=%2Fwp%2Fv2%2Fmedia&parent=5325"}],"wp:term":[{"taxonomy":"product_brand","embeddable":true,"href":"https:\/\/veneludica.com\/index.php?rest_route=%2Fwp%2Fv2%2Fproduct_brand&post=5325"},{"taxonomy":"product_cat","embeddable":true,"href":"https:\/\/veneludica.com\/index.php?rest_route=%2Fwp%2Fv2%2Fproduct_cat&post=5325"},{"taxonomy":"product_tag","embeddable":true,"href":"https:\/\/veneludica.com\/index.php?rest_route=%2Fwp%2Fv2%2Fproduct_tag&post=5325"}],"curies":[{"name":"wp","href":"https:\/\/api.w.org\/{rel}","templated":true}]}}