{"id":5342,"date":"2025-12-12T21:04:49","date_gmt":"2025-12-12T21:04:49","guid":{"rendered":"https:\/\/veneludica.com\/?post_type=product&#038;p=5342"},"modified":"2026-01-07T14:08:58","modified_gmt":"2026-01-07T14:08:58","slug":"akropolis","status":"publish","type":"product","link":"https:\/\/veneludica.com\/?product=akropolis","title":{"rendered":"Akropolis"},"content":{"rendered":"<p data-start=\"87\" data-end=\"429\">Los arquitectos m\u00e1s talentosos de la antigua Grecia est\u00e1n listos para alcanzar este objetivo. Construye viviendas, templos, mercados, jardines y cuarteles para hacer crecer tu ciudad y asegurarte de que triunfe sobre las dem\u00e1s. Aumenta su prestigio con una planificaci\u00f3n armoniosa que cumpla reglas espec\u00edficas y mej\u00f3rala construyendo plazas.<\/p>\n<p data-start=\"431\" data-end=\"626\">La piedra es un recurso esencial, as\u00ed que aseg\u00farate de no descuidarla. Necesitar\u00e1s suficientes canteras para poder construir en niveles superiores, haciendo que tu ciudad se eleve hacia el cielo.<\/p>\n<ul data-start=\"628\" data-end=\"840\">\n<li data-start=\"628\" data-end=\"674\">\n<p data-start=\"630\" data-end=\"674\">Elige una loseta del sitio de construcci\u00f3n<\/p>\n<\/li>\n<li data-start=\"675\" data-end=\"752\">\n<p data-start=\"677\" data-end=\"752\">Col\u00f3cala en tu ciudad para desbloquear todo el potencial de cada distrito<\/p>\n<\/li>\n<li data-start=\"753\" data-end=\"840\">\n<p data-start=\"755\" data-end=\"840\">Construye en niveles m\u00e1s altos, aumenta el valor de tus distritos y gana la partida<\/p>\n<\/li>\n<\/ul>\n<p><a href=\"https:\/\/boardgamegeek.com\/boardgame\/357563\/akropolis\" target=\"_blank\" rel=\"noopener\">PAGINA BGG<\/a><\/p>\n<p><iframe title=\"Conociendo Akropolis\" width=\"640\" height=\"360\" src=\"https:\/\/www.youtube.com\/embed\/SJV4Iq_yDZo?feature=oembed\" frameborder=\"0\" allow=\"accelerometer; autoplay; clipboard-write; encrypted-media; gyroscope; picture-in-picture; web-share\" referrerpolicy=\"strict-origin-when-cross-origin\" allowfullscreen><\/iframe><\/p>\n","protected":false},"excerpt":{"rendered":"<p>Los arquitectos m\u00e1s talentosos de la antigua Grecia est\u00e1n listos para alcanzar este objetivo. Construye viviendas, templos, mercados, jardines y cuarteles para hacer crecer tu ciudad y asegurarte de que triunfe sobre las dem\u00e1s. Aumenta su prestigio con una planificaci\u00f3n armoniosa que cumpla reglas espec\u00edficas y mej\u00f3rala construyendo plazas. La piedra es un recurso esencial, as\u00ed que aseg\u00farate de no descuidarla. Necesitar\u00e1s suficientes canteras para poder construir en niveles superiores,&hellip;<\/p>\n","protected":false},"featured_media":5343,"comment_status":"open","ping_status":"closed","template":"","meta":[],"product_brand":[],"product_cat":[66,88],"product_tag":[89],"class_list":{"0":"post-5342","1":"product","2":"type-product","3":"status-publish","4":"has-post-thumbnail","6":"product_cat-abstractos","7":"product_cat-familiar","8":"product_tag-city-building","10":"first","11":"instock","12":"taxable","13":"shipping-taxable","14":"purchasable","15":"product-type-simple"},"jetpack_sharing_enabled":true,"_links":{"self":[{"href":"https:\/\/veneludica.com\/index.php?rest_route=\/wp\/v2\/product\/5342","targetHints":{"allow":["GET"]}}],"collection":[{"href":"https:\/\/veneludica.com\/index.php?rest_route=\/wp\/v2\/product"}],"about":[{"href":"https:\/\/veneludica.com\/index.php?rest_route=\/wp\/v2\/types\/product"}],"replies":[{"embeddable":true,"href":"https:\/\/veneludica.com\/index.php?rest_route=%2Fwp%2Fv2%2Fcomments&post=5342"}],"version-history":[{"count":2,"href":"https:\/\/veneludica.com\/index.php?rest_route=\/wp\/v2\/product\/5342\/revisions"}],"predecessor-version":[{"id":5486,"href":"https:\/\/veneludica.com\/index.php?rest_route=\/wp\/v2\/product\/5342\/revisions\/5486"}],"wp:featuredmedia":[{"embeddable":true,"href":"https:\/\/veneludica.com\/index.php?rest_route=\/wp\/v2\/media\/5343"}],"wp:attachment":[{"href":"https:\/\/veneludica.com\/index.php?rest_route=%2Fwp%2Fv2%2Fmedia&parent=5342"}],"wp:term":[{"taxonomy":"product_brand","embeddable":true,"href":"https:\/\/veneludica.com\/index.php?rest_route=%2Fwp%2Fv2%2Fproduct_brand&post=5342"},{"taxonomy":"product_cat","embeddable":true,"href":"https:\/\/veneludica.com\/index.php?rest_route=%2Fwp%2Fv2%2Fproduct_cat&post=5342"},{"taxonomy":"product_tag","embeddable":true,"href":"https:\/\/veneludica.com\/index.php?rest_route=%2Fwp%2Fv2%2Fproduct_tag&post=5342"}],"curies":[{"name":"wp","href":"https:\/\/api.w.org\/{rel}","templated":true}]}}