{"id":5348,"date":"2025-12-12T21:47:38","date_gmt":"2025-12-12T21:47:38","guid":{"rendered":"https:\/\/veneludica.com\/?post_type=product&#038;p=5348"},"modified":"2026-01-05T18:05:06","modified_gmt":"2026-01-05T18:05:06","slug":"alta-tension-primeras-chispas","status":"publish","type":"product","link":"https:\/\/veneludica.com\/?product=alta-tension-primeras-chispas","title":{"rendered":"Alta Tensi\u00f3n: Primeras Chispas"},"content":{"rendered":"<p data-start=\"99\" data-end=\"470\">En 2011, es momento de mirar atr\u00e1s\u2026 \u00a1muy atr\u00e1s! Para celebrar el d\u00e9cimo aniversario del <strong data-start=\"187\" data-end=\"203\">Funkenschlag<\/strong> original, el dise\u00f1ador <strong data-start=\"227\" data-end=\"248\">Friedemann Friese<\/strong> te transporta al pasado para revivir los inicios de la humanidad. Fiel al nombre de la edici\u00f3n alemana (cuya traducci\u00f3n literal es \u201cChispas Voladoras\u201d), llega <strong data-start=\"408\" data-end=\"443\">Funkenschlag: Die ersten Funken<\/strong>, o <strong data-start=\"447\" data-end=\"469\">\u201cThe First Sparks\u201d<\/strong>.<\/p>\n<p data-start=\"472\" data-end=\"738\"><strong data-start=\"472\" data-end=\"492\">The First Sparks<\/strong> traslada los mecanismos de Funkenschlag a la Edad de Piedra. El orden de las fases durante una ronda, el orden de turno, las cartas de tecnolog\u00eda: todos estos elementos te resultar\u00e1n familiares de <em data-start=\"690\" data-end=\"704\">Funkenschlag<\/em>. Pero \u00bfqu\u00e9 es nuevo? \u00bfQu\u00e9 cambia?<\/p>\n<p data-start=\"740\" data-end=\"1230\"><strong data-start=\"740\" data-end=\"760\">The First Sparks<\/strong> es mucho m\u00e1s r\u00e1pido y directo. Desde el inicio est\u00e1s en plena acci\u00f3n. Cada turno y cada decisi\u00f3n son importantes. Como l\u00edder de un clan, decides el bienestar de tu gente durante la Edad de Piedra. Debes desarrollar nuevas tecnolog\u00edas de caza y obtener nuevos conocimientos, ya sea para cazar alimentos con \u00e9xito o aprender a controlar el fuego. Con estas habilidades, podr\u00e1s recolectar suficiente comida para alimentar a tu clan y expandirlo hacia nuevas zonas de caza.<\/p>\n<p data-start=\"1232\" data-end=\"1317\">En una partida de <strong data-start=\"1250\" data-end=\"1270\">The First Sparks<\/strong>, siempre te enfrentar\u00e1s a muchas decisiones:<\/p>\n<ul data-start=\"1318\" data-end=\"1506\">\n<li data-start=\"1318\" data-end=\"1380\">\n<p data-start=\"1320\" data-end=\"1380\">\u00bfQu\u00e9 cartas de tecnolog\u00eda te ofrecen las mayores ventajas?<\/p>\n<\/li>\n<li data-start=\"1381\" data-end=\"1453\">\n<p data-start=\"1383\" data-end=\"1453\">\u00bfCu\u00e1ndo es el momento adecuado para expandir tu clan por el tablero?<\/p>\n<\/li>\n<li data-start=\"1454\" data-end=\"1506\">\n<p data-start=\"1456\" data-end=\"1506\">\u00bfQu\u00e9 \u00e1reas de caza te proporcionar\u00e1n m\u00e1s comida?<\/p>\n<\/li>\n<\/ul>\n<p data-start=\"1508\" data-end=\"1824\">Llegar a nuevas zonas de caza o asegurar partes del tablero para tu propio clan son factores clave en tu estrategia. Los espacios vac\u00edos son m\u00e1s baratos de ocupar que aquellos donde otros clanes ya est\u00e1n establecidos. Si eres el primero en aumentar el tama\u00f1o de tu clan a <strong data-start=\"1780\" data-end=\"1795\">13 miembros<\/strong>, ganas <strong data-start=\"1803\" data-end=\"1823\">The First Sparks<\/strong>.<\/p>\n<p><a href=\"https:\/\/boardgamegeek.com\/boardgame\/106662\/power-grid-the-first-sparks\" target=\"_blank\" rel=\"noopener\">PAGINA BGG<\/a><\/p>\n<p><iframe title=\"Conociendo Alta Tensio\u0301n\" width=\"640\" height=\"360\" src=\"https:\/\/www.youtube.com\/embed\/ZxDUcufUkQQ?feature=oembed\" frameborder=\"0\" allow=\"accelerometer; autoplay; clipboard-write; encrypted-media; gyroscope; picture-in-picture; web-share\" referrerpolicy=\"strict-origin-when-cross-origin\" allowfullscreen><\/iframe><\/p>\n","protected":false},"excerpt":{"rendered":"<p>En 2011, es momento de mirar atr\u00e1s\u2026 \u00a1muy atr\u00e1s! Para celebrar el d\u00e9cimo aniversario del Funkenschlag original, el dise\u00f1ador Friedemann Friese te transporta al pasado para revivir los inicios de la humanidad. Fiel al nombre de la edici\u00f3n alemana (cuya traducci\u00f3n literal es \u201cChispas Voladoras\u201d), llega Funkenschlag: Die ersten Funken, o \u201cThe First Sparks\u201d. The First Sparks traslada los mecanismos de Funkenschlag a la Edad de Piedra. El orden de&hellip;<\/p>\n","protected":false},"featured_media":5349,"comment_status":"open","ping_status":"closed","template":"","meta":[],"product_brand":[],"product_cat":[84],"product_tag":[85,86],"class_list":{"0":"post-5348","1":"product","2":"type-product","3":"status-publish","4":"has-post-thumbnail","6":"product_cat-estrategia","7":"product_tag-animales","8":"product_tag-economia","10":"first","11":"instock","12":"taxable","13":"shipping-taxable","14":"purchasable","15":"product-type-simple"},"jetpack_sharing_enabled":true,"_links":{"self":[{"href":"https:\/\/veneludica.com\/index.php?rest_route=\/wp\/v2\/product\/5348","targetHints":{"allow":["GET"]}}],"collection":[{"href":"https:\/\/veneludica.com\/index.php?rest_route=\/wp\/v2\/product"}],"about":[{"href":"https:\/\/veneludica.com\/index.php?rest_route=\/wp\/v2\/types\/product"}],"replies":[{"embeddable":true,"href":"https:\/\/veneludica.com\/index.php?rest_route=%2Fwp%2Fv2%2Fcomments&post=5348"}],"version-history":[{"count":1,"href":"https:\/\/veneludica.com\/index.php?rest_route=\/wp\/v2\/product\/5348\/revisions"}],"predecessor-version":[{"id":5350,"href":"https:\/\/veneludica.com\/index.php?rest_route=\/wp\/v2\/product\/5348\/revisions\/5350"}],"wp:featuredmedia":[{"embeddable":true,"href":"https:\/\/veneludica.com\/index.php?rest_route=\/wp\/v2\/media\/5349"}],"wp:attachment":[{"href":"https:\/\/veneludica.com\/index.php?rest_route=%2Fwp%2Fv2%2Fmedia&parent=5348"}],"wp:term":[{"taxonomy":"product_brand","embeddable":true,"href":"https:\/\/veneludica.com\/index.php?rest_route=%2Fwp%2Fv2%2Fproduct_brand&post=5348"},{"taxonomy":"product_cat","embeddable":true,"href":"https:\/\/veneludica.com\/index.php?rest_route=%2Fwp%2Fv2%2Fproduct_cat&post=5348"},{"taxonomy":"product_tag","embeddable":true,"href":"https:\/\/veneludica.com\/index.php?rest_route=%2Fwp%2Fv2%2Fproduct_tag&post=5348"}],"curies":[{"name":"wp","href":"https:\/\/api.w.org\/{rel}","templated":true}]}}