{"id":5351,"date":"2025-12-12T21:54:14","date_gmt":"2025-12-12T21:54:14","guid":{"rendered":"https:\/\/veneludica.com\/?post_type=product&#038;p=5351"},"modified":"2026-01-06T20:09:15","modified_gmt":"2026-01-06T20:09:15","slug":"armadora","status":"publish","type":"product","link":"https:\/\/veneludica.com\/?product=armadora","title":{"rendered":"Armadora"},"content":{"rendered":"<p data-start=\"106\" data-end=\"709\">En <strong data-start=\"109\" data-end=\"120\">Nuggets<\/strong> (2003), los jugadores intentan rodear las \u201cminas de oro\u201d (cilindros numerados) en un tablero de cuadr\u00edcula de 8&#215;5. En su turno, un jugador puede colocar una loseta numerada boca abajo o colocar dos secciones de cerca en el tablero; estas cercas determinan los l\u00edmites de cada reclamaci\u00f3n, y cada reclamaci\u00f3n debe tener al menos cuatro espacios de tama\u00f1o. Al final del juego, todas las losetas se revelan y cada mina de oro se otorga al jugador cuyas losetas en esa zona tengan la suma m\u00e1s alta; los empates dan lugar a una divisi\u00f3n igual de puntos. Quien acumule m\u00e1s puntos de minas gana.<\/p>\n<p data-start=\"711\" data-end=\"1572\"><strong data-start=\"711\" data-end=\"723\">Armad\u00f6ra<\/strong> (2013) utiliza la misma mec\u00e1nica b\u00e1sica de Nuggets, aunque con una ambientaci\u00f3n en la que los jugadores son orcos, elfos, magos y goblins en busca del oro de los enanos. Armad\u00f6ra tambi\u00e9n a\u00f1ade reglas avanzadas, en las que cada jugador recibe una ficha de refuerzo y 1\u20132 fichas de poder especial. En lugar de colocar un guerrero o construir empalizadas (cercas), un jugador puede colocar una ficha de refuerzo sobre uno de sus guerreros en un territorio ya completo, aumentando su fuerza en uno. Un jugador puede usar su poder especial antes de realizar una de las tres acciones normales: el elfo dispara a un guerrero rival en un territorio incompleto (reduciendo su fuerza en uno), el orco coloca una empalizada adicional ese turno, el goblin coloca un segundo guerrero (Este boca arriba), y el mago mira el valor de un guerrero rival ya colocado.<\/p>\n<p data-start=\"1574\" data-end=\"1879\"><strong data-start=\"1574\" data-end=\"1588\">Pearlad\u00f6ra<\/strong> (2022) traslada la mec\u00e1nica al agua, con los jugadores colocando dos pontones o un buzo en cada turno para delimitar zonas del mar y luego usar la fuerza de sus buzos para reclamar perlas. Esta versi\u00f3n incluye las reglas avanzadas, con ligeros ajustes a los poderes presentados en Armad\u00f6ra.<\/p>\n<p><a href=\"https:\/\/boardgamegeek.com\/boardgame\/8229\/pearladora\" target=\"_blank\" rel=\"noopener\">PAGINA BGG<\/a><\/p>\n<p><iframe title=\"Time to Dive into Pearladora: Board Game Review\" width=\"640\" height=\"360\" src=\"https:\/\/www.youtube.com\/embed\/XlUEbH3IinU?feature=oembed\" frameborder=\"0\" allow=\"accelerometer; autoplay; clipboard-write; encrypted-media; gyroscope; picture-in-picture; web-share\" referrerpolicy=\"strict-origin-when-cross-origin\" allowfullscreen><\/iframe><\/p>\n","protected":false},"excerpt":{"rendered":"<p>En Nuggets (2003), los jugadores intentan rodear las \u201cminas de oro\u201d (cilindros numerados) en un tablero de cuadr\u00edcula de 8&#215;5. En su turno, un jugador puede colocar una loseta numerada boca abajo o colocar dos secciones de cerca en el tablero; estas cercas determinan los l\u00edmites de cada reclamaci\u00f3n, y cada reclamaci\u00f3n debe tener al menos cuatro espacios de tama\u00f1o. Al final del juego, todas las losetas se revelan y&hellip;<\/p>\n","protected":false},"featured_media":5352,"comment_status":"open","ping_status":"closed","template":"","meta":[],"product_brand":[],"product_cat":[66,88,82],"product_tag":[91,90],"class_list":{"0":"post-5351","1":"product","2":"type-product","3":"status-publish","4":"has-post-thumbnail","6":"product_cat-abstractos","7":"product_cat-familiar","8":"product_cat-mentir-bluffing","9":"product_tag-construccion","10":"product_tag-fantasia","12":"first","13":"instock","14":"taxable","15":"shipping-taxable","16":"purchasable","17":"product-type-simple"},"jetpack_sharing_enabled":true,"_links":{"self":[{"href":"https:\/\/veneludica.com\/index.php?rest_route=\/wp\/v2\/product\/5351","targetHints":{"allow":["GET"]}}],"collection":[{"href":"https:\/\/veneludica.com\/index.php?rest_route=\/wp\/v2\/product"}],"about":[{"href":"https:\/\/veneludica.com\/index.php?rest_route=\/wp\/v2\/types\/product"}],"replies":[{"embeddable":true,"href":"https:\/\/veneludica.com\/index.php?rest_route=%2Fwp%2Fv2%2Fcomments&post=5351"}],"version-history":[{"count":1,"href":"https:\/\/veneludica.com\/index.php?rest_route=\/wp\/v2\/product\/5351\/revisions"}],"predecessor-version":[{"id":5353,"href":"https:\/\/veneludica.com\/index.php?rest_route=\/wp\/v2\/product\/5351\/revisions\/5353"}],"wp:featuredmedia":[{"embeddable":true,"href":"https:\/\/veneludica.com\/index.php?rest_route=\/wp\/v2\/media\/5352"}],"wp:attachment":[{"href":"https:\/\/veneludica.com\/index.php?rest_route=%2Fwp%2Fv2%2Fmedia&parent=5351"}],"wp:term":[{"taxonomy":"product_brand","embeddable":true,"href":"https:\/\/veneludica.com\/index.php?rest_route=%2Fwp%2Fv2%2Fproduct_brand&post=5351"},{"taxonomy":"product_cat","embeddable":true,"href":"https:\/\/veneludica.com\/index.php?rest_route=%2Fwp%2Fv2%2Fproduct_cat&post=5351"},{"taxonomy":"product_tag","embeddable":true,"href":"https:\/\/veneludica.com\/index.php?rest_route=%2Fwp%2Fv2%2Fproduct_tag&post=5351"}],"curies":[{"name":"wp","href":"https:\/\/api.w.org\/{rel}","templated":true}]}}