{"id":5354,"date":"2025-12-12T22:01:20","date_gmt":"2025-12-12T22:01:20","guid":{"rendered":"https:\/\/veneludica.com\/?post_type=product&#038;p=5354"},"modified":"2026-01-06T20:14:53","modified_gmt":"2026-01-06T20:14:53","slug":"ataris-missile-command","status":"publish","type":"product","link":"https:\/\/veneludica.com\/?product=ataris-missile-command","title":{"rendered":"Atari&#8217;s Missile Command"},"content":{"rendered":"<p data-start=\"90\" data-end=\"556\">A medida que aumentan las tensiones globales, los l\u00edderes de naciones poderosas est\u00e1n preparados para defender a su pueblo o destruir a sus enemigos. Se forman alianzas, aunque fr\u00e1giles. Se hacen acuerdos, pero no siempre se cumplen. La diplomacia es tan importante como la planificaci\u00f3n estrat\u00e9gica y la adquisici\u00f3n de armamento. Los misiles est\u00e1n bajo tu mando y la decisi\u00f3n es tuya: dispara a tus enemigos o traiciona a tus aliados en <strong data-start=\"528\" data-end=\"555\">Atari\u2019s Missile Command<\/strong>.<\/p>\n<p data-start=\"558\" data-end=\"848\">En <strong data-start=\"561\" data-end=\"580\">Missile Command<\/strong>, de 3 a 6 jugadores se adentran en el mundo del cl\u00e1sico videojuego arcade. Cada jugador construye y despliega su reserva de Misiles, Nukes e Interceptores con la misi\u00f3n de destruir la mayor cantidad posible de ciudades enemigas, mientras intenta proteger las propias.<\/p>\n<p data-start=\"850\" data-end=\"1127\">En cada ronda, los jugadores pueden negociar entre ellos, formando alianzas y treguas temporales, o intercambiando fondos y Misiles. Despu\u00e9s, planean en secreto sus ataques detr\u00e1s de sus Pantallas de Radar. Finalmente, revelan sus ataques\u2026 \u00a1y la destrucci\u00f3n cae desde el cielo!<\/p>\n<p data-start=\"1129\" data-end=\"1243\">Al final, el jugador que mejor logre proteger sus ciudades mientras destruye las de sus oponentes gana la partida.<\/p>\n<p data-start=\"1129\" data-end=\"1243\"><a href=\"https:\/\/boardgamegeek.com\/boardgame\/223762\/ataris-missile-command\" target=\"_blank\" rel=\"noopener\">PAGINA BGG<\/a><\/p>\n<p><iframe title=\"Unboxing Missile Command! Atari Arcade Classic Made Into A Board Game!\" width=\"640\" height=\"360\" src=\"https:\/\/www.youtube.com\/embed\/Kb3LmuDYI_M?feature=oembed\" frameborder=\"0\" allow=\"accelerometer; autoplay; clipboard-write; encrypted-media; gyroscope; picture-in-picture; web-share\" referrerpolicy=\"strict-origin-when-cross-origin\" allowfullscreen><\/iframe><\/p>\n","protected":false},"excerpt":{"rendered":"<p>A medida que aumentan las tensiones globales, los l\u00edderes de naciones poderosas est\u00e1n preparados para defender a su pueblo o destruir a sus enemigos. Se forman alianzas, aunque fr\u00e1giles. Se hacen acuerdos, pero no siempre se cumplen. La diplomacia es tan importante como la planificaci\u00f3n estrat\u00e9gica y la adquisici\u00f3n de armamento. Los misiles est\u00e1n bajo tu mando y la decisi\u00f3n es tuya: dispara a tus enemigos o traiciona a tus&hellip;<\/p>\n","protected":false},"featured_media":5355,"comment_status":"open","ping_status":"closed","template":"","meta":[],"product_brand":[],"product_cat":[66,84],"product_tag":[92],"class_list":{"0":"post-5354","1":"product","2":"type-product","3":"status-publish","4":"has-post-thumbnail","6":"product_cat-abstractos","7":"product_cat-estrategia","8":"product_tag-video-juego","10":"first","11":"instock","12":"taxable","13":"shipping-taxable","14":"purchasable","15":"product-type-simple"},"jetpack_sharing_enabled":true,"_links":{"self":[{"href":"https:\/\/veneludica.com\/index.php?rest_route=\/wp\/v2\/product\/5354","targetHints":{"allow":["GET"]}}],"collection":[{"href":"https:\/\/veneludica.com\/index.php?rest_route=\/wp\/v2\/product"}],"about":[{"href":"https:\/\/veneludica.com\/index.php?rest_route=\/wp\/v2\/types\/product"}],"replies":[{"embeddable":true,"href":"https:\/\/veneludica.com\/index.php?rest_route=%2Fwp%2Fv2%2Fcomments&post=5354"}],"version-history":[{"count":2,"href":"https:\/\/veneludica.com\/index.php?rest_route=\/wp\/v2\/product\/5354\/revisions"}],"predecessor-version":[{"id":5401,"href":"https:\/\/veneludica.com\/index.php?rest_route=\/wp\/v2\/product\/5354\/revisions\/5401"}],"wp:featuredmedia":[{"embeddable":true,"href":"https:\/\/veneludica.com\/index.php?rest_route=\/wp\/v2\/media\/5355"}],"wp:attachment":[{"href":"https:\/\/veneludica.com\/index.php?rest_route=%2Fwp%2Fv2%2Fmedia&parent=5354"}],"wp:term":[{"taxonomy":"product_brand","embeddable":true,"href":"https:\/\/veneludica.com\/index.php?rest_route=%2Fwp%2Fv2%2Fproduct_brand&post=5354"},{"taxonomy":"product_cat","embeddable":true,"href":"https:\/\/veneludica.com\/index.php?rest_route=%2Fwp%2Fv2%2Fproduct_cat&post=5354"},{"taxonomy":"product_tag","embeddable":true,"href":"https:\/\/veneludica.com\/index.php?rest_route=%2Fwp%2Fv2%2Fproduct_tag&post=5354"}],"curies":[{"name":"wp","href":"https:\/\/api.w.org\/{rel}","templated":true}]}}