{"id":5361,"date":"2025-12-12T22:14:09","date_gmt":"2025-12-12T22:14:09","guid":{"rendered":"https:\/\/veneludica.com\/?post_type=product&#038;p=5361"},"modified":"2026-01-06T20:20:51","modified_gmt":"2026-01-06T20:20:51","slug":"azul","status":"publish","type":"product","link":"https:\/\/veneludica.com\/?product=azul","title":{"rendered":"Azul"},"content":{"rendered":"<p data-start=\"98\" data-end=\"677\">Introducidos por los moros, los <strong data-start=\"130\" data-end=\"142\">azulejos<\/strong> (originalmente baldosas cer\u00e1micas blancas y azules) fueron plenamente adoptados por los portugueses cuando el rey <strong data-start=\"257\" data-end=\"269\">Manuel I<\/strong>, durante una visita al palacio de la Alhambra en el sur de Espa\u00f1a, qued\u00f3 fascinado por la impresionante belleza de los mosaicos decorativos moriscos. El rey, maravillado por la belleza interior de la Alhambra, orden\u00f3 de inmediato que su propio palacio en Portugal fuera decorado con azulejos similares. Como artista colocador de baldosas, has sido desafiado a embellecer los muros del Palacio Real de \u00c9vora.<\/p>\n<p data-start=\"679\" data-end=\"1142\">En el juego <strong data-start=\"691\" data-end=\"699\">Azul<\/strong>, los jugadores se turnan para seleccionar baldosas de colores de los proveedores y llevarlas a su tablero personal. M\u00e1s adelante en la ronda, los jugadores obtienen puntos seg\u00fan c\u00f3mo hayan colocado sus baldosas para decorar el palacio. Se consiguen puntos adicionales por patrones espec\u00edficos y por completar conjuntos; los materiales desperdiciados perjudican la puntuaci\u00f3n del jugador. El jugador con m\u00e1s puntos al final de la partida gana.<\/p>\n<p data-start=\"679\" data-end=\"1142\"><a href=\"https:\/\/boardgamegeek.com\/boardgame\/230802\/azul\" target=\"_blank\" rel=\"noopener\">PAGINA BGG<\/a><\/p>\n<p><iframe title=\"Conociendo Azul\" width=\"640\" height=\"360\" src=\"https:\/\/www.youtube.com\/embed\/j1DlqFPqZMY?feature=oembed\" frameborder=\"0\" allow=\"accelerometer; autoplay; clipboard-write; encrypted-media; gyroscope; picture-in-picture; web-share\" referrerpolicy=\"strict-origin-when-cross-origin\" allowfullscreen><\/iframe><\/p>\n","protected":false},"excerpt":{"rendered":"<p>Introducidos por los moros, los azulejos (originalmente baldosas cer\u00e1micas blancas y azules) fueron plenamente adoptados por los portugueses cuando el rey Manuel I, durante una visita al palacio de la Alhambra en el sur de Espa\u00f1a, qued\u00f3 fascinado por la impresionante belleza de los mosaicos decorativos moriscos. El rey, maravillado por la belleza interior de la Alhambra, orden\u00f3 de inmediato que su propio palacio en Portugal fuera decorado con azulejos&hellip;<\/p>\n","protected":false},"featured_media":5362,"comment_status":"open","ping_status":"closed","template":"","meta":[],"product_brand":[],"product_cat":[66,88],"product_tag":[],"class_list":{"0":"post-5361","1":"product","2":"type-product","3":"status-publish","4":"has-post-thumbnail","6":"product_cat-abstractos","7":"product_cat-familiar","9":"first","10":"instock","11":"taxable","12":"shipping-taxable","13":"purchasable","14":"product-type-simple"},"jetpack_sharing_enabled":true,"_links":{"self":[{"href":"https:\/\/veneludica.com\/index.php?rest_route=\/wp\/v2\/product\/5361","targetHints":{"allow":["GET"]}}],"collection":[{"href":"https:\/\/veneludica.com\/index.php?rest_route=\/wp\/v2\/product"}],"about":[{"href":"https:\/\/veneludica.com\/index.php?rest_route=\/wp\/v2\/types\/product"}],"replies":[{"embeddable":true,"href":"https:\/\/veneludica.com\/index.php?rest_route=%2Fwp%2Fv2%2Fcomments&post=5361"}],"version-history":[{"count":1,"href":"https:\/\/veneludica.com\/index.php?rest_route=\/wp\/v2\/product\/5361\/revisions"}],"predecessor-version":[{"id":5363,"href":"https:\/\/veneludica.com\/index.php?rest_route=\/wp\/v2\/product\/5361\/revisions\/5363"}],"wp:featuredmedia":[{"embeddable":true,"href":"https:\/\/veneludica.com\/index.php?rest_route=\/wp\/v2\/media\/5362"}],"wp:attachment":[{"href":"https:\/\/veneludica.com\/index.php?rest_route=%2Fwp%2Fv2%2Fmedia&parent=5361"}],"wp:term":[{"taxonomy":"product_brand","embeddable":true,"href":"https:\/\/veneludica.com\/index.php?rest_route=%2Fwp%2Fv2%2Fproduct_brand&post=5361"},{"taxonomy":"product_cat","embeddable":true,"href":"https:\/\/veneludica.com\/index.php?rest_route=%2Fwp%2Fv2%2Fproduct_cat&post=5361"},{"taxonomy":"product_tag","embeddable":true,"href":"https:\/\/veneludica.com\/index.php?rest_route=%2Fwp%2Fv2%2Fproduct_tag&post=5361"}],"curies":[{"name":"wp","href":"https:\/\/api.w.org\/{rel}","templated":true}]}}