{"id":5364,"date":"2025-12-12T22:25:46","date_gmt":"2025-12-12T22:25:46","guid":{"rendered":"https:\/\/veneludica.com\/?post_type=product&#038;p=5364"},"modified":"2026-01-06T20:25:36","modified_gmt":"2026-01-06T20:25:36","slug":"aventureros-al-tren-cambio-de-agujas","status":"publish","type":"product","link":"https:\/\/veneludica.com\/?product=aventureros-al-tren-cambio-de-agujas","title":{"rendered":"Aventureros al Tren: Cambio de agujas"},"content":{"rendered":"<p data-start=\"77\" data-end=\"523\">\u00a1Bienvenido a <strong data-start=\"91\" data-end=\"99\">1900<\/strong>, la Era de la Locomotora! Los ferrocarriles conectan todas las ciudades importantes del pa\u00eds, permitiendo a las personas viajar grandes distancias en solo unos d\u00edas. Los trenes son m\u00e1s populares que nunca y el patio ferroviario est\u00e1 en constante actividad, mientras los ingenieros y trabajadores maniobran para mover los vagones hacia sus v\u00edas de salida. Como <strong data-start=\"460\" data-end=\"493\">Gerente del Patio Ferroviario<\/strong>, T\u00da tienes un papel esencial\u2026<\/p>\n<p data-start=\"525\" data-end=\"783\">Dirigiendo locomotoras y desplazando los vagones a su posici\u00f3n correcta, puedes asegurarte de que cada tren salga a tiempo. Aseg\u00farate de planificar bien, ya que los vagones rara vez est\u00e1n en el lugar adecuado en el momento adecuado, y el reloj no se detiene.<\/p>\n<p><a href=\"https:\/\/www.daysofwonder.com\/game\/ticket-to-ride-track-switcher\/\" target=\"_blank\" rel=\"noopener\">PAGINA BGG<\/a><\/p>\n<p><iframe title=\"Conociendo \u00a1Aventureros al Tren! Cambio de Agujas\" width=\"640\" height=\"360\" src=\"https:\/\/www.youtube.com\/embed\/SLPVUvv1nOA?feature=oembed\" frameborder=\"0\" allow=\"accelerometer; autoplay; clipboard-write; encrypted-media; gyroscope; picture-in-picture; web-share\" referrerpolicy=\"strict-origin-when-cross-origin\" allowfullscreen><\/iframe><\/p>\n","protected":false},"excerpt":{"rendered":"<p>\u00a1Bienvenido a 1900, la Era de la Locomotora! Los ferrocarriles conectan todas las ciudades importantes del pa\u00eds, permitiendo a las personas viajar grandes distancias en solo unos d\u00edas. Los trenes son m\u00e1s populares que nunca y el patio ferroviario est\u00e1 en constante actividad, mientras los ingenieros y trabajadores maniobran para mover los vagones hacia sus v\u00edas de salida. Como Gerente del Patio Ferroviario, T\u00da tienes un papel esencial\u2026 Dirigiendo locomotoras&hellip;<\/p>\n","protected":false},"featured_media":5365,"comment_status":"open","ping_status":"closed","template":"","meta":[],"product_brand":[],"product_cat":[84,88],"product_tag":[94],"class_list":{"0":"post-5364","1":"product","2":"type-product","3":"status-publish","4":"has-post-thumbnail","6":"product_cat-estrategia","7":"product_cat-familiar","8":"product_tag-trenes","10":"first","11":"instock","12":"taxable","13":"shipping-taxable","14":"purchasable","15":"product-type-simple"},"jetpack_sharing_enabled":true,"_links":{"self":[{"href":"https:\/\/veneludica.com\/index.php?rest_route=\/wp\/v2\/product\/5364","targetHints":{"allow":["GET"]}}],"collection":[{"href":"https:\/\/veneludica.com\/index.php?rest_route=\/wp\/v2\/product"}],"about":[{"href":"https:\/\/veneludica.com\/index.php?rest_route=\/wp\/v2\/types\/product"}],"replies":[{"embeddable":true,"href":"https:\/\/veneludica.com\/index.php?rest_route=%2Fwp%2Fv2%2Fcomments&post=5364"}],"version-history":[{"count":1,"href":"https:\/\/veneludica.com\/index.php?rest_route=\/wp\/v2\/product\/5364\/revisions"}],"predecessor-version":[{"id":5367,"href":"https:\/\/veneludica.com\/index.php?rest_route=\/wp\/v2\/product\/5364\/revisions\/5367"}],"wp:featuredmedia":[{"embeddable":true,"href":"https:\/\/veneludica.com\/index.php?rest_route=\/wp\/v2\/media\/5365"}],"wp:attachment":[{"href":"https:\/\/veneludica.com\/index.php?rest_route=%2Fwp%2Fv2%2Fmedia&parent=5364"}],"wp:term":[{"taxonomy":"product_brand","embeddable":true,"href":"https:\/\/veneludica.com\/index.php?rest_route=%2Fwp%2Fv2%2Fproduct_brand&post=5364"},{"taxonomy":"product_cat","embeddable":true,"href":"https:\/\/veneludica.com\/index.php?rest_route=%2Fwp%2Fv2%2Fproduct_cat&post=5364"},{"taxonomy":"product_tag","embeddable":true,"href":"https:\/\/veneludica.com\/index.php?rest_route=%2Fwp%2Fv2%2Fproduct_tag&post=5364"}],"curies":[{"name":"wp","href":"https:\/\/api.w.org\/{rel}","templated":true}]}}