{"id":5371,"date":"2025-12-13T02:51:31","date_gmt":"2025-12-13T02:51:31","guid":{"rendered":"https:\/\/veneludica.com\/?post_type=product&#038;p=5371"},"modified":"2026-01-07T01:41:28","modified_gmt":"2026-01-07T01:41:28","slug":"banquet-royal","status":"publish","type":"product","link":"https:\/\/veneludica.com\/?product=banquet-royal","title":{"rendered":"Banquet Royal"},"content":{"rendered":"<p data-start=\"77\" data-end=\"325\">Convi\u00e9rtete en el <strong data-start=\"95\" data-end=\"112\">Cocinero Real<\/strong> y gana el favor de la familia real respetando el orden de los men\u00fas del banquete ofrecido en su honor. Pero ten cuidado: no eres el \u00fanico cocinero en el banquete y la familia real tiene <strong data-start=\"299\" data-end=\"324\">peticiones especiales<\/strong>.<\/p>\n<p data-start=\"327\" data-end=\"703\">A lo largo de <strong data-start=\"341\" data-end=\"358\">Banquet Royal<\/strong>, los jugadores colocan platos o sus toques en la mesa y, respetando el orden correcto de las combinaciones, obtienen puntos reales. Pero tambi\u00e9n deber\u00e1s memorizar los platos que se encuentran bajo las campanas de cocina para cumplir los deseos de la familia real. Quien tenga m\u00e1s puntos al final de la partida ser\u00e1 proclamado <strong data-start=\"685\" data-end=\"702\">Cocinero Real<\/strong>.<\/p>\n<p data-start=\"705\" data-end=\"801\">El juego incluye diferentes niveles de dificultad, estrategia y puntuaci\u00f3n, seg\u00fan lo que desees.<\/p>\n<p data-start=\"705\" data-end=\"801\"><a href=\"https:\/\/boardgamegeek.com\/boardgame\/245502\/banquet-royal\" target=\"_blank\" rel=\"noopener\">PAGINA BGG<\/a><\/p>\n<p><iframe title=\"Banquet Royal Review - with Tom Vasel\" width=\"640\" height=\"360\" src=\"https:\/\/www.youtube.com\/embed\/ok1BkDS-Obw?feature=oembed\" frameborder=\"0\" allow=\"accelerometer; autoplay; clipboard-write; encrypted-media; gyroscope; picture-in-picture; web-share\" referrerpolicy=\"strict-origin-when-cross-origin\" allowfullscreen><\/iframe><\/p>\n<p data-start=\"705\" data-end=\"801\">\n","protected":false},"excerpt":{"rendered":"<p>Convi\u00e9rtete en el Cocinero Real y gana el favor de la familia real respetando el orden de los men\u00fas del banquete ofrecido en su honor. Pero ten cuidado: no eres el \u00fanico cocinero en el banquete y la familia real tiene peticiones especiales. A lo largo de Banquet Royal, los jugadores colocan platos o sus toques en la mesa y, respetando el orden correcto de las combinaciones, obtienen puntos reales.&hellip;<\/p>\n","protected":false},"featured_media":5372,"comment_status":"open","ping_status":"closed","template":"","meta":[],"product_brand":[],"product_cat":[66,88],"product_tag":[],"class_list":{"0":"post-5371","1":"product","2":"type-product","3":"status-publish","4":"has-post-thumbnail","6":"product_cat-abstractos","7":"product_cat-familiar","9":"first","10":"instock","11":"taxable","12":"shipping-taxable","13":"purchasable","14":"product-type-simple"},"jetpack_sharing_enabled":true,"_links":{"self":[{"href":"https:\/\/veneludica.com\/index.php?rest_route=\/wp\/v2\/product\/5371","targetHints":{"allow":["GET"]}}],"collection":[{"href":"https:\/\/veneludica.com\/index.php?rest_route=\/wp\/v2\/product"}],"about":[{"href":"https:\/\/veneludica.com\/index.php?rest_route=\/wp\/v2\/types\/product"}],"replies":[{"embeddable":true,"href":"https:\/\/veneludica.com\/index.php?rest_route=%2Fwp%2Fv2%2Fcomments&post=5371"}],"version-history":[{"count":1,"href":"https:\/\/veneludica.com\/index.php?rest_route=\/wp\/v2\/product\/5371\/revisions"}],"predecessor-version":[{"id":5374,"href":"https:\/\/veneludica.com\/index.php?rest_route=\/wp\/v2\/product\/5371\/revisions\/5374"}],"wp:featuredmedia":[{"embeddable":true,"href":"https:\/\/veneludica.com\/index.php?rest_route=\/wp\/v2\/media\/5372"}],"wp:attachment":[{"href":"https:\/\/veneludica.com\/index.php?rest_route=%2Fwp%2Fv2%2Fmedia&parent=5371"}],"wp:term":[{"taxonomy":"product_brand","embeddable":true,"href":"https:\/\/veneludica.com\/index.php?rest_route=%2Fwp%2Fv2%2Fproduct_brand&post=5371"},{"taxonomy":"product_cat","embeddable":true,"href":"https:\/\/veneludica.com\/index.php?rest_route=%2Fwp%2Fv2%2Fproduct_cat&post=5371"},{"taxonomy":"product_tag","embeddable":true,"href":"https:\/\/veneludica.com\/index.php?rest_route=%2Fwp%2Fv2%2Fproduct_tag&post=5371"}],"curies":[{"name":"wp","href":"https:\/\/api.w.org\/{rel}","templated":true}]}}