{"id":5375,"date":"2025-12-13T02:55:46","date_gmt":"2025-12-13T02:55:46","guid":{"rendered":"https:\/\/veneludica.com\/?post_type=product&#038;p=5375"},"modified":"2026-01-07T03:02:40","modified_gmt":"2026-01-07T03:02:40","slug":"beez","status":"publish","type":"product","link":"https:\/\/veneludica.com\/?product=beez","title":{"rendered":"Beez"},"content":{"rendered":"<p data-start=\"77\" data-end=\"123\">\u00a1Prep\u00e1rate para alzar el vuelo como una abeja!<\/p>\n<p data-start=\"125\" data-end=\"431\">En <strong data-start=\"128\" data-end=\"136\">Beez<\/strong>, los jugadores compiten por optimizar sus planes de vuelo para asegurar n\u00e9ctar para su colmena. Ten cuidado con las dem\u00e1s abejas, ya que competir\u00e1s con ellas por una serie de objetivos de puntuaci\u00f3n p\u00fablicos y privados. \u00a1El desaf\u00edo de planificar y almacenar el n\u00e9ctar har\u00e1 que tu cerebro zumbe!<\/p>\n<p data-start=\"125\" data-end=\"431\"><a href=\"https:\/\/boardgamegeek.com\/boardgame\/299592\/beez\" target=\"_blank\" rel=\"noopener\">PAGINA BGG<\/a><\/p>\n<p><iframe title=\"Conociendo Beez\" width=\"640\" height=\"360\" src=\"https:\/\/www.youtube.com\/embed\/BvGmquVtpQs?feature=oembed\" frameborder=\"0\" allow=\"accelerometer; autoplay; clipboard-write; encrypted-media; gyroscope; picture-in-picture; web-share\" referrerpolicy=\"strict-origin-when-cross-origin\" allowfullscreen><\/iframe><\/p>\n","protected":false},"excerpt":{"rendered":"<p>\u00a1Prep\u00e1rate para alzar el vuelo como una abeja! En Beez, los jugadores compiten por optimizar sus planes de vuelo para asegurar n\u00e9ctar para su colmena. Ten cuidado con las dem\u00e1s abejas, ya que competir\u00e1s con ellas por una serie de objetivos de puntuaci\u00f3n p\u00fablicos y privados. \u00a1El desaf\u00edo de planificar y almacenar el n\u00e9ctar har\u00e1 que tu cerebro zumbe! PAGINA BGG<\/p>\n","protected":false},"featured_media":5376,"comment_status":"open","ping_status":"closed","template":"","meta":[],"product_brand":[],"product_cat":[66],"product_tag":[85],"class_list":{"0":"post-5375","1":"product","2":"type-product","3":"status-publish","4":"has-post-thumbnail","6":"product_cat-abstractos","7":"product_tag-animales","9":"first","10":"instock","11":"taxable","12":"shipping-taxable","13":"purchasable","14":"product-type-simple"},"jetpack_sharing_enabled":true,"_links":{"self":[{"href":"https:\/\/veneludica.com\/index.php?rest_route=\/wp\/v2\/product\/5375","targetHints":{"allow":["GET"]}}],"collection":[{"href":"https:\/\/veneludica.com\/index.php?rest_route=\/wp\/v2\/product"}],"about":[{"href":"https:\/\/veneludica.com\/index.php?rest_route=\/wp\/v2\/types\/product"}],"replies":[{"embeddable":true,"href":"https:\/\/veneludica.com\/index.php?rest_route=%2Fwp%2Fv2%2Fcomments&post=5375"}],"version-history":[{"count":1,"href":"https:\/\/veneludica.com\/index.php?rest_route=\/wp\/v2\/product\/5375\/revisions"}],"predecessor-version":[{"id":5379,"href":"https:\/\/veneludica.com\/index.php?rest_route=\/wp\/v2\/product\/5375\/revisions\/5379"}],"wp:featuredmedia":[{"embeddable":true,"href":"https:\/\/veneludica.com\/index.php?rest_route=\/wp\/v2\/media\/5376"}],"wp:attachment":[{"href":"https:\/\/veneludica.com\/index.php?rest_route=%2Fwp%2Fv2%2Fmedia&parent=5375"}],"wp:term":[{"taxonomy":"product_brand","embeddable":true,"href":"https:\/\/veneludica.com\/index.php?rest_route=%2Fwp%2Fv2%2Fproduct_brand&post=5375"},{"taxonomy":"product_cat","embeddable":true,"href":"https:\/\/veneludica.com\/index.php?rest_route=%2Fwp%2Fv2%2Fproduct_cat&post=5375"},{"taxonomy":"product_tag","embeddable":true,"href":"https:\/\/veneludica.com\/index.php?rest_route=%2Fwp%2Fv2%2Fproduct_tag&post=5375"}],"curies":[{"name":"wp","href":"https:\/\/api.w.org\/{rel}","templated":true}]}}