{"id":5382,"date":"2025-12-13T13:59:04","date_gmt":"2025-12-13T13:59:04","guid":{"rendered":"https:\/\/veneludica.com\/?post_type=product&#038;p=5382"},"modified":"2026-01-07T03:07:12","modified_gmt":"2026-01-07T03:07:12","slug":"between-two-cities-capitales","status":"publish","type":"product","link":"https:\/\/veneludica.com\/?product=between-two-cities-capitales","title":{"rendered":"Between Two Cities: Capitales"},"content":{"rendered":"<p data-start=\"77\" data-end=\"462\">Ahora, en la c\u00faspide de tu carrera, dos capitales compiten por tus servicios para construir sus centros urbanos. No solo debes tener en cuenta las caracter\u00edsticas naturales que fueron la raz\u00f3n de su fundaci\u00f3n, sino que tambi\u00e9n necesitas asegurarte de que los edificios c\u00edvicos est\u00e9n colocados adecuadamente, sin olvidar satisfacer las demandas de los ciudadanos a lo largo del proceso.<\/p>\n<p data-start=\"464\" data-end=\"719\"><strong data-start=\"464\" data-end=\"496\">Between Two Cities: Capitals<\/strong> ampl\u00eda el juego base a\u00f1adiendo varios nuevos desaf\u00edos: paisajes, distritos y losetas de edificios c\u00edvicos. No es una expansi\u00f3n independiente; necesitas el juego original <strong data-start=\"667\" data-end=\"689\">Between Two Cities<\/strong> para poder jugar. En detalle:<\/p>\n<ul data-start=\"721\" data-end=\"1163\">\n<li data-start=\"721\" data-end=\"851\">\n<p data-start=\"723\" data-end=\"851\"><strong data-start=\"723\" data-end=\"745\">Losetas de paisaje<\/strong>: otorgan a cada ciudad una disposici\u00f3n \u00fanica sobre la cual construir y alrededor de la cual expandirse.<\/p>\n<\/li>\n<li data-start=\"852\" data-end=\"967\">\n<p data-start=\"854\" data-end=\"967\"><strong data-start=\"854\" data-end=\"867\">Distritos<\/strong>: conceden una bonificaci\u00f3n por mayor\u00eda a los jugadores que conecten tipos espec\u00edficos de losetas.<\/p>\n<\/li>\n<li data-start=\"968\" data-end=\"1163\">\n<p data-start=\"970\" data-end=\"1163\"><strong data-start=\"970\" data-end=\"1002\">Losetas de edificios c\u00edvicos<\/strong>: un nuevo tipo de loseta de edificio; cada edificio c\u00edvico \u00fanico desea estar adyacente a dos tipos espec\u00edficos de losetas (y no a un tipo espec\u00edfico de loseta).<\/p>\n<\/li>\n<\/ul>\n<p><a href=\"https:\/\/boardgamegeek.com\/boardgame\/225370\/between-two-cities-capitals#:~:text=Between%20Two%20Cities%3A%20Capitals%20expands,In%20more%20detail%3A&amp;text=Landscape%20mats%20give%20each%20city,to%20build%20on%20and%20around.\" target=\"_blank\" rel=\"noopener\">PAGINA BGG<\/a><\/p>\n<p><iframe title=\"Ampliando Between Two Cities: Capitales\" width=\"640\" height=\"360\" src=\"https:\/\/www.youtube.com\/embed\/LXQ0odkLG4E?feature=oembed\" frameborder=\"0\" allow=\"accelerometer; autoplay; clipboard-write; encrypted-media; gyroscope; picture-in-picture; web-share\" referrerpolicy=\"strict-origin-when-cross-origin\" allowfullscreen><\/iframe><\/p>\n","protected":false},"excerpt":{"rendered":"<p>Ahora, en la c\u00faspide de tu carrera, dos capitales compiten por tus servicios para construir sus centros urbanos. No solo debes tener en cuenta las caracter\u00edsticas naturales que fueron la raz\u00f3n de su fundaci\u00f3n, sino que tambi\u00e9n necesitas asegurarte de que los edificios c\u00edvicos est\u00e9n colocados adecuadamente, sin olvidar satisfacer las demandas de los ciudadanos a lo largo del proceso. Between Two Cities: Capitals ampl\u00eda el juego base a\u00f1adiendo varios&hellip;<\/p>\n","protected":false},"featured_media":5383,"comment_status":"open","ping_status":"closed","template":"","meta":[],"product_brand":[],"product_cat":[84,88],"product_tag":[91],"class_list":{"0":"post-5382","1":"product","2":"type-product","3":"status-publish","4":"has-post-thumbnail","6":"product_cat-estrategia","7":"product_cat-familiar","8":"product_tag-construccion","10":"first","11":"instock","12":"taxable","13":"shipping-taxable","14":"purchasable","15":"product-type-simple"},"jetpack_sharing_enabled":true,"_links":{"self":[{"href":"https:\/\/veneludica.com\/index.php?rest_route=\/wp\/v2\/product\/5382","targetHints":{"allow":["GET"]}}],"collection":[{"href":"https:\/\/veneludica.com\/index.php?rest_route=\/wp\/v2\/product"}],"about":[{"href":"https:\/\/veneludica.com\/index.php?rest_route=\/wp\/v2\/types\/product"}],"replies":[{"embeddable":true,"href":"https:\/\/veneludica.com\/index.php?rest_route=%2Fwp%2Fv2%2Fcomments&post=5382"}],"version-history":[{"count":1,"href":"https:\/\/veneludica.com\/index.php?rest_route=\/wp\/v2\/product\/5382\/revisions"}],"predecessor-version":[{"id":5385,"href":"https:\/\/veneludica.com\/index.php?rest_route=\/wp\/v2\/product\/5382\/revisions\/5385"}],"wp:featuredmedia":[{"embeddable":true,"href":"https:\/\/veneludica.com\/index.php?rest_route=\/wp\/v2\/media\/5383"}],"wp:attachment":[{"href":"https:\/\/veneludica.com\/index.php?rest_route=%2Fwp%2Fv2%2Fmedia&parent=5382"}],"wp:term":[{"taxonomy":"product_brand","embeddable":true,"href":"https:\/\/veneludica.com\/index.php?rest_route=%2Fwp%2Fv2%2Fproduct_brand&post=5382"},{"taxonomy":"product_cat","embeddable":true,"href":"https:\/\/veneludica.com\/index.php?rest_route=%2Fwp%2Fv2%2Fproduct_cat&post=5382"},{"taxonomy":"product_tag","embeddable":true,"href":"https:\/\/veneludica.com\/index.php?rest_route=%2Fwp%2Fv2%2Fproduct_tag&post=5382"}],"curies":[{"name":"wp","href":"https:\/\/api.w.org\/{rel}","templated":true}]}}