{"id":5395,"date":"2026-01-05T18:11:17","date_gmt":"2026-01-05T18:11:17","guid":{"rendered":"https:\/\/veneludica.com\/?post_type=product&#038;p=5395"},"modified":"2026-01-05T18:13:37","modified_gmt":"2026-01-05T18:13:37","slug":"amritsar","status":"publish","type":"product","link":"https:\/\/veneludica.com\/?product=amritsar","title":{"rendered":"Amritsar"},"content":{"rendered":"<p data-start=\"47\" data-end=\"315\">Amritsar, en la India, es el hogar del <strong data-start=\"86\" data-end=\"103\">Templo Dorado<\/strong>, tambi\u00e9n conocido como <strong data-start=\"127\" data-end=\"150\">Sri Harmandir Sahib<\/strong>. Este espectacular edificio es conocido en todo el mundo como un lugar sagrado para la comunidad sij y uno de los destinos de peregrinaci\u00f3n m\u00e1s famosos del planeta.<\/p>\n<p data-start=\"317\" data-end=\"478\">Tras haber sido demolido en varias ocasiones, el maharaj\u00e1 <strong data-start=\"375\" data-end=\"391\">Ranjit Singh<\/strong> lo reconstruy\u00f3 utilizando m\u00e1rmol, cobre y <strong data-start=\"434\" data-end=\"459\">750 kilos de oro puro<\/strong>, de ah\u00ed su nombre.<\/p>\n<p data-start=\"480\" data-end=\"648\">En <strong data-start=\"483\" data-end=\"495\">Amritsar<\/strong>, los jugadores representar\u00e1n a las distintas personalidades de la \u00e9poca que ayudaron al maharaj\u00e1 del Imperio Sij en la reconstrucci\u00f3n del Templo Dorado.<\/p>\n<p data-start=\"650\" data-end=\"1425\">Mediante una ingeniosa mec\u00e1nica basada en el sistema de siembra de los cl\u00e1sicos juegos de <strong data-start=\"740\" data-end=\"751\">mancala<\/strong>, los jugadores utilizar\u00e1n a los diferentes trabajadores y a su propio elefante para llevar a cabo las tareas necesarias. En tu turno, podr\u00e1s realizar entre <strong data-start=\"908\" data-end=\"926\">1 y 3 acciones<\/strong>, dependiendo de lo bien que hayas coordinado a los trabajadores y a tu elefante. Estas acciones consistir\u00e1n en recolectar recursos en la cantera o en el mercado, avanzar por los distintos caminos del conocimiento, mejorar tu tablero personal, pedir ayuda a tu <strong data-start=\"1187\" data-end=\"1197\">mahout<\/strong> (el cuidador del elefante) y, sobre todo, hacer donaciones al templo con el objetivo de obtener el mayor n\u00famero posible de <strong data-start=\"1321\" data-end=\"1344\">puntos de prestigio<\/strong>.<br data-start=\"1345\" data-end=\"1348\" \/>Al final de la partida, el jugador con m\u00e1s prestigio ser\u00e1 proclamado ganador.<\/p>\n<hr data-start=\"1427\" data-end=\"1430\" \/>\n<p data-start=\"1432\" data-end=\"1572\" data-is-last-node=\"\" data-is-only-node=\"\"><a href=\"https:\/\/boardgamegeek.com\/boardgame\/386502\/amritsar-the-golden-temple\">PAGINA BGG<\/a><\/p>\n<p><iframe title=\"Conociendo Amritsar\" width=\"640\" height=\"360\" src=\"https:\/\/www.youtube.com\/embed\/GtzUR2m8Rc8?feature=oembed\" frameborder=\"0\" allow=\"accelerometer; autoplay; clipboard-write; encrypted-media; gyroscope; picture-in-picture; web-share\" referrerpolicy=\"strict-origin-when-cross-origin\" allowfullscreen><\/iframe><\/p>\n","protected":false},"excerpt":{"rendered":"<p>Amritsar, en la India, es el hogar del Templo Dorado, tambi\u00e9n conocido como Sri Harmandir Sahib. Este espectacular edificio es conocido en todo el mundo como un lugar sagrado para la comunidad sij y uno de los destinos de peregrinaci\u00f3n m\u00e1s famosos del planeta. Tras haber sido demolido en varias ocasiones, el maharaj\u00e1 Ranjit Singh lo reconstruy\u00f3 utilizando m\u00e1rmol, cobre y 750 kilos de oro puro, de ah\u00ed su nombre.&hellip;<\/p>\n","protected":false},"featured_media":5397,"comment_status":"open","ping_status":"closed","template":"","meta":[],"product_brand":[],"product_cat":[84],"product_tag":[123],"class_list":{"0":"post-5395","1":"product","2":"type-product","3":"status-publish","4":"has-post-thumbnail","6":"product_cat-estrategia","7":"product_tag-construccion-de-terreno","9":"first","10":"instock","11":"taxable","12":"shipping-taxable","13":"purchasable","14":"product-type-simple"},"jetpack_sharing_enabled":true,"_links":{"self":[{"href":"https:\/\/veneludica.com\/index.php?rest_route=\/wp\/v2\/product\/5395","targetHints":{"allow":["GET"]}}],"collection":[{"href":"https:\/\/veneludica.com\/index.php?rest_route=\/wp\/v2\/product"}],"about":[{"href":"https:\/\/veneludica.com\/index.php?rest_route=\/wp\/v2\/types\/product"}],"replies":[{"embeddable":true,"href":"https:\/\/veneludica.com\/index.php?rest_route=%2Fwp%2Fv2%2Fcomments&post=5395"}],"version-history":[{"count":1,"href":"https:\/\/veneludica.com\/index.php?rest_route=\/wp\/v2\/product\/5395\/revisions"}],"predecessor-version":[{"id":5400,"href":"https:\/\/veneludica.com\/index.php?rest_route=\/wp\/v2\/product\/5395\/revisions\/5400"}],"wp:featuredmedia":[{"embeddable":true,"href":"https:\/\/veneludica.com\/index.php?rest_route=\/wp\/v2\/media\/5397"}],"wp:attachment":[{"href":"https:\/\/veneludica.com\/index.php?rest_route=%2Fwp%2Fv2%2Fmedia&parent=5395"}],"wp:term":[{"taxonomy":"product_brand","embeddable":true,"href":"https:\/\/veneludica.com\/index.php?rest_route=%2Fwp%2Fv2%2Fproduct_brand&post=5395"},{"taxonomy":"product_cat","embeddable":true,"href":"https:\/\/veneludica.com\/index.php?rest_route=%2Fwp%2Fv2%2Fproduct_cat&post=5395"},{"taxonomy":"product_tag","embeddable":true,"href":"https:\/\/veneludica.com\/index.php?rest_route=%2Fwp%2Fv2%2Fproduct_tag&post=5395"}],"curies":[{"name":"wp","href":"https:\/\/api.w.org\/{rel}","templated":true}]}}