{"id":5402,"date":"2026-01-06T20:49:30","date_gmt":"2026-01-06T20:49:30","guid":{"rendered":"https:\/\/veneludica.com\/?post_type=product&#038;p=5402"},"modified":"2026-01-06T21:04:17","modified_gmt":"2026-01-06T21:04:17","slug":"azul-mini","status":"publish","type":"product","link":"https:\/\/veneludica.com\/?product=azul-mini","title":{"rendered":"Azul Mini"},"content":{"rendered":"<p data-start=\"47\" data-end=\"645\">Introducidos por los moros, los <strong data-start=\"79\" data-end=\"91\">azulejos<\/strong> (originalmente baldosas de cer\u00e1mica blancas y azules) fueron plenamente adoptados por los portugueses cuando su rey <strong data-start=\"208\" data-end=\"220\">Manuel I<\/strong>, durante una visita al palacio de la <strong data-start=\"258\" data-end=\"270\">Alhambra<\/strong> en el sur de Espa\u00f1a, qued\u00f3 maravillado por la impresionante belleza de los azulejos decorativos de origen musulm\u00e1n. Asombrado por la riqueza interior de la Alhambra, el rey orden\u00f3 de inmediato que su propio palacio en Portugal fuera decorado con azulejos similares. Como artista colocador de azulejos, se te ha encomendado embellecer los muros del <strong data-start=\"619\" data-end=\"644\">Palacio Real de \u00c9vora<\/strong>.<\/p>\n<p data-start=\"647\" data-end=\"1138\">En el juego <strong data-start=\"659\" data-end=\"667\">Azul<\/strong>, los jugadores se turnan para seleccionar losetas de colores de los proveedores y colocarlas en su tablero personal. M\u00e1s adelante, durante la ronda, los jugadores obtienen puntos en funci\u00f3n de c\u00f3mo hayan colocado sus losetas para decorar el palacio. Se consiguen puntos adicionales por patrones espec\u00edficos y por completar conjuntos, mientras que los suministros desperdiciados perjudican la puntuaci\u00f3n del jugador. El jugador con m\u00e1s puntos al final de la partida gana.<\/p>\n<p><a href=\"https:\/\/boardgamegeek.com\/boardgame\/230802\/azul\">PAGINA BGG<\/a><\/p>\n<p>&nbsp;<\/p>\n<p><iframe title=\"Conociendo Azul\" width=\"640\" height=\"360\" src=\"https:\/\/www.youtube.com\/embed\/j1DlqFPqZMY?feature=oembed\" frameborder=\"0\" allow=\"accelerometer; autoplay; clipboard-write; encrypted-media; gyroscope; picture-in-picture; web-share\" referrerpolicy=\"strict-origin-when-cross-origin\" allowfullscreen><\/iframe><\/p>\n","protected":false},"excerpt":{"rendered":"<p>Introducidos por los moros, los azulejos (originalmente baldosas de cer\u00e1mica blancas y azules) fueron plenamente adoptados por los portugueses cuando su rey Manuel I, durante una visita al palacio de la Alhambra en el sur de Espa\u00f1a, qued\u00f3 maravillado por la impresionante belleza de los azulejos decorativos de origen musulm\u00e1n. Asombrado por la riqueza interior de la Alhambra, el rey orden\u00f3 de inmediato que su propio palacio en Portugal fuera&hellip;<\/p>\n","protected":false},"featured_media":5403,"comment_status":"open","ping_status":"closed","template":"","meta":[],"product_brand":[],"product_cat":[66,88],"product_tag":[],"class_list":{"0":"post-5402","1":"product","2":"type-product","3":"status-publish","4":"has-post-thumbnail","6":"product_cat-abstractos","7":"product_cat-familiar","9":"first","10":"instock","11":"taxable","12":"shipping-taxable","13":"purchasable","14":"product-type-simple"},"jetpack_sharing_enabled":true,"_links":{"self":[{"href":"https:\/\/veneludica.com\/index.php?rest_route=\/wp\/v2\/product\/5402","targetHints":{"allow":["GET"]}}],"collection":[{"href":"https:\/\/veneludica.com\/index.php?rest_route=\/wp\/v2\/product"}],"about":[{"href":"https:\/\/veneludica.com\/index.php?rest_route=\/wp\/v2\/types\/product"}],"replies":[{"embeddable":true,"href":"https:\/\/veneludica.com\/index.php?rest_route=%2Fwp%2Fv2%2Fcomments&post=5402"}],"version-history":[{"count":2,"href":"https:\/\/veneludica.com\/index.php?rest_route=\/wp\/v2\/product\/5402\/revisions"}],"predecessor-version":[{"id":5405,"href":"https:\/\/veneludica.com\/index.php?rest_route=\/wp\/v2\/product\/5402\/revisions\/5405"}],"wp:featuredmedia":[{"embeddable":true,"href":"https:\/\/veneludica.com\/index.php?rest_route=\/wp\/v2\/media\/5403"}],"wp:attachment":[{"href":"https:\/\/veneludica.com\/index.php?rest_route=%2Fwp%2Fv2%2Fmedia&parent=5402"}],"wp:term":[{"taxonomy":"product_brand","embeddable":true,"href":"https:\/\/veneludica.com\/index.php?rest_route=%2Fwp%2Fv2%2Fproduct_brand&post=5402"},{"taxonomy":"product_cat","embeddable":true,"href":"https:\/\/veneludica.com\/index.php?rest_route=%2Fwp%2Fv2%2Fproduct_cat&post=5402"},{"taxonomy":"product_tag","embeddable":true,"href":"https:\/\/veneludica.com\/index.php?rest_route=%2Fwp%2Fv2%2Fproduct_tag&post=5402"}],"curies":[{"name":"wp","href":"https:\/\/api.w.org\/{rel}","templated":true}]}}