{"id":5407,"date":"2026-01-06T21:21:42","date_gmt":"2026-01-06T21:21:42","guid":{"rendered":"https:\/\/veneludica.com\/?post_type=product&#038;p=5407"},"modified":"2026-01-06T21:21:42","modified_gmt":"2026-01-06T21:21:42","slug":"bahamas","status":"publish","type":"product","link":"https:\/\/veneludica.com\/?product=bahamas","title":{"rendered":"Bahamas"},"content":{"rendered":"<p data-start=\"47\" data-end=\"396\">El golpe fue perfecto\u2026 \u00a1un plan sin fisuras! Millones en una bolsa, la huida en avi\u00f3n\u2026 s\u00ed, realmente parec\u00eda infalible. Todos empiezan a relajarse cuando, de repente, \u00a1el motor comienza a fallar! Entonces el avi\u00f3n empieza a caer\u2026<br data-start=\"276\" data-end=\"279\" \/>S\u00ed, el golpe fue perfecto y lo hab\u00edan previsto todo\u2026 todo excepto que <strong data-start=\"349\" data-end=\"395\">no hab\u00eda suficientes paraca\u00eddas para todos<\/strong>.<\/p>\n<p data-start=\"398\" data-end=\"581\">Interpreta tu papel entre <strong data-start=\"424\" data-end=\"443\">diez personajes<\/strong> en las Bahamas y roba, miente, amenaza y haz todo lo que est\u00e9 en tu mano para quedarte con la mayor parte del bot\u00edn y aterrizar con vida.<\/p>\n<p data-start=\"583\" data-end=\"1440\">Entrando en m\u00e1s detalle, cada jugador recibe al azar una hoja de personaje (cada uno con un poder especial diferente), junto con una carta inicial, una carta de acci\u00f3n y dos cartas de dinero. Entre las cartas iniciales hay <strong data-start=\"806\" data-end=\"832\">entre 2 y 5 paraca\u00eddas<\/strong> (dependiendo del n\u00famero de jugadores), y querr\u00e1s conseguir uno de ellos para sobrevivir al final de la partida. Se utilizan tantos dados como el n\u00famero de jugadores menos uno. Se elige un jugador inicial al azar. Este jugador lanza todos los dados, usa uno de ellos (robando una carta de acci\u00f3n o de dinero, robando una carta de acci\u00f3n o de dinero a un oponente, o usando su poder especial) y, a continuaci\u00f3n, elige al siguiente jugador que realizar\u00e1 un turno. Una vez que se han usado todos los dados, el jugador que no haya podido utilizar ninguno se convierte en el jugador inicial de la siguiente ronda.<\/p>\n<p data-start=\"1442\" data-end=\"1917\">Una carta de <strong data-start=\"1455\" data-end=\"1470\">\u201cAccidente\u201d<\/strong> se baraja entre las cuatro \u00faltimas cartas del mazo de acci\u00f3n y, cuando se roba, todos los que no tengan un paraca\u00eddas \u2014o el bote salvavidas oculto en el mazo de acci\u00f3n\u2014 caen al vac\u00edo y mueren. \u00a1El personaje superviviente con m\u00e1s dinero gana la partida!<br data-start=\"1723\" data-end=\"1726\" \/>Alternativamente, si un jugador consigue las <strong data-start=\"1771\" data-end=\"1805\">tres cartas diferentes del FBI<\/strong> antes del accidente, logra aterrizar el avi\u00f3n de forma segura, arresta a todos los dem\u00e1s y gana inmediatamente.<\/p>\n<p data-start=\"1442\" data-end=\"1917\"><a href=\"https:\/\/boardgamegeek.com\/boardgame\/269917\/bahamas\">PAGINA BGG<\/a><\/p>\n<p><iframe title=\"Conociendo Bahamas\" width=\"640\" height=\"360\" src=\"https:\/\/www.youtube.com\/embed\/Z4s56jQcRvQ?feature=oembed\" frameborder=\"0\" allow=\"accelerometer; autoplay; clipboard-write; encrypted-media; gyroscope; picture-in-picture; web-share\" referrerpolicy=\"strict-origin-when-cross-origin\" allowfullscreen><\/iframe><\/p>\n","protected":false},"excerpt":{"rendered":"<p>El golpe fue perfecto\u2026 \u00a1un plan sin fisuras! Millones en una bolsa, la huida en avi\u00f3n\u2026 s\u00ed, realmente parec\u00eda infalible. Todos empiezan a relajarse cuando, de repente, \u00a1el motor comienza a fallar! Entonces el avi\u00f3n empieza a caer\u2026S\u00ed, el golpe fue perfecto y lo hab\u00edan previsto todo\u2026 todo excepto que no hab\u00eda suficientes paraca\u00eddas para todos. Interpreta tu papel entre diez personajes en las Bahamas y roba, miente, amenaza y&hellip;<\/p>\n","protected":false},"featured_media":5410,"comment_status":"open","ping_status":"closed","template":"","meta":[],"product_brand":[],"product_cat":[88,82,65],"product_tag":[],"class_list":{"0":"post-5407","1":"product","2":"type-product","3":"status-publish","4":"has-post-thumbnail","6":"product_cat-familiar","7":"product_cat-mentir-bluffing","8":"product_cat-party-games","10":"first","11":"instock","12":"taxable","13":"shipping-taxable","14":"purchasable","15":"product-type-simple"},"jetpack_sharing_enabled":true,"_links":{"self":[{"href":"https:\/\/veneludica.com\/index.php?rest_route=\/wp\/v2\/product\/5407","targetHints":{"allow":["GET"]}}],"collection":[{"href":"https:\/\/veneludica.com\/index.php?rest_route=\/wp\/v2\/product"}],"about":[{"href":"https:\/\/veneludica.com\/index.php?rest_route=\/wp\/v2\/types\/product"}],"replies":[{"embeddable":true,"href":"https:\/\/veneludica.com\/index.php?rest_route=%2Fwp%2Fv2%2Fcomments&post=5407"}],"version-history":[{"count":2,"href":"https:\/\/veneludica.com\/index.php?rest_route=\/wp\/v2\/product\/5407\/revisions"}],"predecessor-version":[{"id":5412,"href":"https:\/\/veneludica.com\/index.php?rest_route=\/wp\/v2\/product\/5407\/revisions\/5412"}],"wp:featuredmedia":[{"embeddable":true,"href":"https:\/\/veneludica.com\/index.php?rest_route=\/wp\/v2\/media\/5410"}],"wp:attachment":[{"href":"https:\/\/veneludica.com\/index.php?rest_route=%2Fwp%2Fv2%2Fmedia&parent=5407"}],"wp:term":[{"taxonomy":"product_brand","embeddable":true,"href":"https:\/\/veneludica.com\/index.php?rest_route=%2Fwp%2Fv2%2Fproduct_brand&post=5407"},{"taxonomy":"product_cat","embeddable":true,"href":"https:\/\/veneludica.com\/index.php?rest_route=%2Fwp%2Fv2%2Fproduct_cat&post=5407"},{"taxonomy":"product_tag","embeddable":true,"href":"https:\/\/veneludica.com\/index.php?rest_route=%2Fwp%2Fv2%2Fproduct_tag&post=5407"}],"curies":[{"name":"wp","href":"https:\/\/api.w.org\/{rel}","templated":true}]}}