{"id":5413,"date":"2026-01-06T21:29:49","date_gmt":"2026-01-06T21:29:49","guid":{"rendered":"https:\/\/veneludica.com\/?post_type=product&#038;p=5413"},"modified":"2026-01-06T21:29:49","modified_gmt":"2026-01-06T21:29:49","slug":"bang","status":"publish","type":"product","link":"https:\/\/veneludica.com\/?product=bang","title":{"rendered":"Bang!"},"content":{"rendered":"<p data-start=\"47\" data-end=\"446\">\u00abLos forajidos cazan al Sheriff. El Sheriff caza a los forajidos. El Renegado conspira en secreto, listo para ponerse de un bando u otro. Las balas vuelan. \u00bfQui\u00e9n de los pistoleros es un Ayudante, dispuesto a sacrificarse por el Sheriff? \u00bfY qui\u00e9n es un forajido despiadado, dispuesto a matarlo? Si quieres averiguarlo, \u00a1solo tienes que robar (tus cartas)!\u00bb<br data-start=\"403\" data-end=\"406\" \/><em data-start=\"406\" data-end=\"446\">(Texto de la parte trasera de la caja)<\/em><\/p>\n<p data-start=\"448\" data-end=\"699\">El juego de cartas <strong data-start=\"467\" data-end=\"476\">BANG!<\/strong> recrea un tiroteo al m\u00e1s puro estilo del <em data-start=\"518\" data-end=\"537\">spaghetti western<\/em>, en el que cada jugador recibe al azar una carta de <strong data-start=\"590\" data-end=\"603\">Personaje<\/strong> que determina sus habilidades especiales y una carta de <strong data-start=\"660\" data-end=\"667\">Rol<\/strong> secreta que define su objetivo.<\/p>\n<p data-start=\"701\" data-end=\"775\">Hay cuatro Roles diferentes, cada uno con una condici\u00f3n de victoria \u00fanica:<\/p>\n<ul data-start=\"776\" data-end=\"983\">\n<li data-start=\"776\" data-end=\"834\">\n<p data-start=\"778\" data-end=\"834\"><strong data-start=\"778\" data-end=\"789\">Sheriff<\/strong>: matar a todos los Forajidos y al Renegado<\/p>\n<\/li>\n<li data-start=\"835\" data-end=\"901\">\n<p data-start=\"837\" data-end=\"901\"><strong data-start=\"837\" data-end=\"849\">Ayudante<\/strong>: proteger al Sheriff y matar a cualquier Forajido<\/p>\n<\/li>\n<li data-start=\"902\" data-end=\"936\">\n<p data-start=\"904\" data-end=\"936\"><strong data-start=\"904\" data-end=\"916\">Forajido<\/strong>: matar al Sheriff<\/p>\n<\/li>\n<li data-start=\"937\" data-end=\"983\">\n<p data-start=\"939\" data-end=\"983\"><strong data-start=\"939\" data-end=\"951\">Renegado<\/strong>: ser el \u00faltimo jugador en pie<\/p>\n<\/li>\n<\/ul>\n<p data-start=\"985\" data-end=\"1212\">El Rol de cada jugador se mantiene en secreto, excepto el del Sheriff. Las cartas de Personaje se colocan boca arriba sobre la mesa y tambi\u00e9n indican la resistencia del jugador (l\u00edmite de mano), adem\u00e1s de su habilidad especial.<\/p>\n<p data-start=\"1214\" data-end=\"2122\">Hay <strong data-start=\"1218\" data-end=\"1251\">22 tipos diferentes de cartas<\/strong> en el mazo de robo. Las m\u00e1s comunes son las cartas <strong data-start=\"1303\" data-end=\"1313\">\u00a1BANG!<\/strong>, que te permiten disparar a otro jugador, siempre que el objetivo est\u00e9 dentro del \u00abalcance\u00bb del arma que tengas equipada. El jugador objetivo puede jugar una carta <strong data-start=\"1478\" data-end=\"1492\">\u00a1FALLASTE!<\/strong> para esquivar el disparo. Otras cartas proporcionan mejoras temporales mientras est\u00e1n en juego (por ejemplo, distintas armas para aumentar tu alcance de disparo) y efectos especiales de un solo uso para ayudarte o entorpecer a tus oponentes (como <strong data-start=\"1740\" data-end=\"1751\">Cerveza<\/strong> para recuperar vida o <strong data-start=\"1774\" data-end=\"1786\">Barriles<\/strong> para cubrirte durante un tiroteo). Un <strong data-start=\"1825\" data-end=\"1836\">caballo<\/strong> es \u00fatil para mantener la distancia con vecinos indisciplinados, mientras que el <strong data-start=\"1917\" data-end=\"1931\">Winchester<\/strong> puede alcanzar objetivos a distancia 5. La <strong data-start=\"1975\" data-end=\"1986\">Gatling<\/strong> es una excepci\u00f3n letal en la que el alcance no importa: solo puede usarse una vez, \u00a1pero afecta a todos los dem\u00e1s jugadores de la mesa!<\/p>\n<p data-start=\"2124\" data-end=\"2253\">La informaci\u00f3n de las cartas se muestra mediante s\u00edmbolos independientes del idioma, y se incluyen <strong data-start=\"2223\" data-end=\"2252\">7 cartas de ayuda\/resumen<\/strong>.<\/p>\n<p data-start=\"2124\" data-end=\"2253\"><a href=\"https:\/\/boardgamegeek.com\/boardgame\/3955\/bang\">PAGINA BGG<\/a><\/p>\n<p><iframe title=\"Conociendo Bang\" width=\"640\" height=\"360\" src=\"https:\/\/www.youtube.com\/embed\/OofGrvD6Zaw?feature=oembed\" frameborder=\"0\" allow=\"accelerometer; autoplay; clipboard-write; encrypted-media; gyroscope; picture-in-picture; web-share\" referrerpolicy=\"strict-origin-when-cross-origin\" allowfullscreen><\/iframe><\/p>\n","protected":false},"excerpt":{"rendered":"<p>\u00abLos forajidos cazan al Sheriff. El Sheriff caza a los forajidos. El Renegado conspira en secreto, listo para ponerse de un bando u otro. Las balas vuelan. \u00bfQui\u00e9n de los pistoleros es un Ayudante, dispuesto a sacrificarse por el Sheriff? \u00bfY qui\u00e9n es un forajido despiadado, dispuesto a matarlo? Si quieres averiguarlo, \u00a1solo tienes que robar (tus cartas)!\u00bb(Texto de la parte trasera de la caja) El juego de cartas BANG!&hellip;<\/p>\n","protected":false},"featured_media":5415,"comment_status":"open","ping_status":"closed","template":"","meta":[],"product_brand":[],"product_cat":[82,65],"product_tag":[],"class_list":{"0":"post-5413","1":"product","2":"type-product","3":"status-publish","4":"has-post-thumbnail","6":"product_cat-mentir-bluffing","7":"product_cat-party-games","9":"first","10":"instock","11":"taxable","12":"shipping-taxable","13":"purchasable","14":"product-type-simple"},"jetpack_sharing_enabled":true,"_links":{"self":[{"href":"https:\/\/veneludica.com\/index.php?rest_route=\/wp\/v2\/product\/5413","targetHints":{"allow":["GET"]}}],"collection":[{"href":"https:\/\/veneludica.com\/index.php?rest_route=\/wp\/v2\/product"}],"about":[{"href":"https:\/\/veneludica.com\/index.php?rest_route=\/wp\/v2\/types\/product"}],"replies":[{"embeddable":true,"href":"https:\/\/veneludica.com\/index.php?rest_route=%2Fwp%2Fv2%2Fcomments&post=5413"}],"version-history":[{"count":1,"href":"https:\/\/veneludica.com\/index.php?rest_route=\/wp\/v2\/product\/5413\/revisions"}],"predecessor-version":[{"id":5417,"href":"https:\/\/veneludica.com\/index.php?rest_route=\/wp\/v2\/product\/5413\/revisions\/5417"}],"wp:featuredmedia":[{"embeddable":true,"href":"https:\/\/veneludica.com\/index.php?rest_route=\/wp\/v2\/media\/5415"}],"wp:attachment":[{"href":"https:\/\/veneludica.com\/index.php?rest_route=%2Fwp%2Fv2%2Fmedia&parent=5413"}],"wp:term":[{"taxonomy":"product_brand","embeddable":true,"href":"https:\/\/veneludica.com\/index.php?rest_route=%2Fwp%2Fv2%2Fproduct_brand&post=5413"},{"taxonomy":"product_cat","embeddable":true,"href":"https:\/\/veneludica.com\/index.php?rest_route=%2Fwp%2Fv2%2Fproduct_cat&post=5413"},{"taxonomy":"product_tag","embeddable":true,"href":"https:\/\/veneludica.com\/index.php?rest_route=%2Fwp%2Fv2%2Fproduct_tag&post=5413"}],"curies":[{"name":"wp","href":"https:\/\/api.w.org\/{rel}","templated":true}]}}