{"id":5419,"date":"2026-01-07T01:57:27","date_gmt":"2026-01-07T01:57:27","guid":{"rendered":"https:\/\/veneludica.com\/?post_type=product&#038;p=5419"},"modified":"2026-01-07T01:57:28","modified_gmt":"2026-01-07T01:57:28","slug":"barcelona-passeig-de-gracia","status":"publish","type":"product","link":"https:\/\/veneludica.com\/?product=barcelona-passeig-de-gracia","title":{"rendered":"Barcelona: Passeig de Gracia"},"content":{"rendered":"<p data-start=\"150\" data-end=\"689\">De todas las calles del Eixample, el <strong data-start=\"187\" data-end=\"208\">Passeig de Gr\u00e0cia<\/strong> es la m\u00e1s emblem\u00e1tica. En sus inicios, no era m\u00e1s que un camino que conectaba Barcelona con la entonces villa de Gr\u00e0cia, hoy un importante distrito de la ciudad. Con el tiempo, se transform\u00f3 en un paseo donde los barceloneses acud\u00edan a relajarse, y se llen\u00f3 de restaurantes, caf\u00e9s, salones de baile, teatros, parques e incluso monta\u00f1as rusas. Lamentablemente, estos servicios solo estaban al alcance de las clases media y alta, ya que a menudo formaban parte de jardines privados.<\/p>\n<p data-start=\"691\" data-end=\"1057\">Cuando comenz\u00f3 la construcci\u00f3n del Eixample, todos estos elementos fueron eliminados para dar paso a los edificios, pero ello no disminuy\u00f3 la importancia del Passeig de Gr\u00e0cia. Muchos ciudadanos adinerados decidieron construir all\u00ed sus viviendas, contratando a los arquitectos modernistas m\u00e1s famosos, que crearon algunos de los monumentos m\u00e1s ic\u00f3nicos de la ciudad.<\/p>\n<p data-start=\"1059\" data-end=\"1456\"><strong data-start=\"1059\" data-end=\"1091\">Barcelona: Passeig de Gr\u00e0cia<\/strong> es una expansi\u00f3n de <em data-start=\"1112\" data-end=\"1123\">Barcelona<\/em>, por lo que necesitas una copia del juego base para poder jugarla. Los nuevos elementos que introduce esta expansi\u00f3n son los <strong data-start=\"1249\" data-end=\"1261\">peatones<\/strong>, que recorren el Passeig de Gr\u00e0cia disfrutando de los distintos servicios disponibles. Cuanto m\u00e1s agradable sea su paseo, mayores ser\u00e1n las recompensas que obtendr\u00e1s cuando lleguen a su destino.<\/p>\n<p><a href=\"https:\/\/boardgamegeek.com\/boardgame\/415314\/barcelona-passeig-de-gracia\">PAGINA BGG<\/a><\/p>\n<p><iframe title=\"Apertura y Sinopsis - Barcelona: Passeig de Gr\u00e0cia\" width=\"640\" height=\"360\" src=\"https:\/\/www.youtube.com\/embed\/49VevCB23tU?feature=oembed\" frameborder=\"0\" allow=\"accelerometer; autoplay; clipboard-write; encrypted-media; gyroscope; picture-in-picture; web-share\" referrerpolicy=\"strict-origin-when-cross-origin\" allowfullscreen><\/iframe><\/p>\n<p>&nbsp;<\/p>\n","protected":false},"excerpt":{"rendered":"<p>De todas las calles del Eixample, el Passeig de Gr\u00e0cia es la m\u00e1s emblem\u00e1tica. En sus inicios, no era m\u00e1s que un camino que conectaba Barcelona con la entonces villa de Gr\u00e0cia, hoy un importante distrito de la ciudad. Con el tiempo, se transform\u00f3 en un paseo donde los barceloneses acud\u00edan a relajarse, y se llen\u00f3 de restaurantes, caf\u00e9s, salones de baile, teatros, parques e incluso monta\u00f1as rusas. Lamentablemente, estos&hellip;<\/p>\n","protected":false},"featured_media":5420,"comment_status":"open","ping_status":"closed","template":"","meta":[],"product_brand":[],"product_cat":[66,84],"product_tag":[144],"class_list":{"0":"post-5419","1":"product","2":"type-product","3":"status-publish","4":"has-post-thumbnail","6":"product_cat-abstractos","7":"product_cat-estrategia","8":"product_tag-expansion","10":"first","11":"instock","12":"taxable","13":"shipping-taxable","14":"purchasable","15":"product-type-simple"},"jetpack_sharing_enabled":true,"_links":{"self":[{"href":"https:\/\/veneludica.com\/index.php?rest_route=\/wp\/v2\/product\/5419","targetHints":{"allow":["GET"]}}],"collection":[{"href":"https:\/\/veneludica.com\/index.php?rest_route=\/wp\/v2\/product"}],"about":[{"href":"https:\/\/veneludica.com\/index.php?rest_route=\/wp\/v2\/types\/product"}],"replies":[{"embeddable":true,"href":"https:\/\/veneludica.com\/index.php?rest_route=%2Fwp%2Fv2%2Fcomments&post=5419"}],"version-history":[{"count":1,"href":"https:\/\/veneludica.com\/index.php?rest_route=\/wp\/v2\/product\/5419\/revisions"}],"predecessor-version":[{"id":5422,"href":"https:\/\/veneludica.com\/index.php?rest_route=\/wp\/v2\/product\/5419\/revisions\/5422"}],"wp:featuredmedia":[{"embeddable":true,"href":"https:\/\/veneludica.com\/index.php?rest_route=\/wp\/v2\/media\/5420"}],"wp:attachment":[{"href":"https:\/\/veneludica.com\/index.php?rest_route=%2Fwp%2Fv2%2Fmedia&parent=5419"}],"wp:term":[{"taxonomy":"product_brand","embeddable":true,"href":"https:\/\/veneludica.com\/index.php?rest_route=%2Fwp%2Fv2%2Fproduct_brand&post=5419"},{"taxonomy":"product_cat","embeddable":true,"href":"https:\/\/veneludica.com\/index.php?rest_route=%2Fwp%2Fv2%2Fproduct_cat&post=5419"},{"taxonomy":"product_tag","embeddable":true,"href":"https:\/\/veneludica.com\/index.php?rest_route=%2Fwp%2Fv2%2Fproduct_tag&post=5419"}],"curies":[{"name":"wp","href":"https:\/\/api.w.org\/{rel}","templated":true}]}}