{"id":5424,"date":"2026-01-07T02:05:38","date_gmt":"2026-01-07T02:05:38","guid":{"rendered":"https:\/\/veneludica.com\/?post_type=product&#038;p=5424"},"modified":"2026-01-07T02:05:38","modified_gmt":"2026-01-07T02:05:38","slug":"barony","status":"publish","type":"product","link":"https:\/\/veneludica.com\/?product=barony","title":{"rendered":"Barony"},"content":{"rendered":"<p data-start=\"127\" data-end=\"288\">En <strong data-start=\"130\" data-end=\"140\">Barony<\/strong>, los jugadores son ambiciosos barones que intentan extender su dominio sobre el territorio. \u00bfQui\u00e9n lograr\u00e1 imponerse y convertirse en el nuevo rey?<\/p>\n<p data-start=\"290\" data-end=\"669\">Al comienzo de la partida, los jugadores crean el tablero de forma aleatoria utilizando <strong data-start=\"378\" data-end=\"407\">nueve losetas por jugador<\/strong>. Cada loseta est\u00e1 formada por <strong data-start=\"438\" data-end=\"456\">tres hex\u00e1gonos<\/strong>, y cada hex\u00e1gono representa uno de los <strong data-start=\"496\" data-end=\"522\">cinco tipos de terreno<\/strong>: bosque, llanura, campo, monta\u00f1a y lago. A continuaci\u00f3n, cada jugador coloca <strong data-start=\"600\" data-end=\"617\">tres ciudades<\/strong> en el tablero, con <strong data-start=\"637\" data-end=\"668\">un caballero en cada ciudad<\/strong>.<\/p>\n<p data-start=\"671\" data-end=\"840\">Despu\u00e9s, los jugadores se turnan en el sentido de las agujas del reloj. En su turno, cada jugador realiza <strong data-start=\"777\" data-end=\"803\">exactamente una acci\u00f3n<\/strong> de entre las seis acciones posibles:<\/p>\n<p data-start=\"842\" data-end=\"954\"><strong data-start=\"842\" data-end=\"860\">Reclutamiento:<\/strong><br data-start=\"860\" data-end=\"863\" \/>A\u00f1ade dos caballeros a una ciudad, o tres caballeros si la ciudad est\u00e1 adyacente a un lago.<\/p>\n<p data-start=\"956\" data-end=\"1403\"><strong data-start=\"956\" data-end=\"971\">Movimiento:<\/strong><br data-start=\"971\" data-end=\"974\" \/>Mueve uno o dos de tus caballeros, un espacio por caballero. Un caballero no puede entrar en un lago (glup), en una monta\u00f1a que contenga una pieza enemiga, ni en un espacio que tenga una ciudad o fortaleza de un oponente, ni en un espacio con dos caballeros del mismo color rival. Si mueves un segundo caballero a un espacio con una pieza enemiga o una aldea, retira esas fichas y toma <strong data-start=\"1360\" data-end=\"1374\">un recurso<\/strong> del propietario de la aldea.<\/p>\n<p data-start=\"1405\" data-end=\"1640\"><strong data-start=\"1405\" data-end=\"1422\">Construcci\u00f3n:<\/strong><br data-start=\"1422\" data-end=\"1425\" \/>Retira uno o m\u00e1s de tus caballeros del tablero y sustit\u00fayelos, uno a uno, por una <strong data-start=\"1507\" data-end=\"1516\">aldea<\/strong> o una <strong data-start=\"1523\" data-end=\"1536\">fortaleza<\/strong>, obteniendo un <strong data-start=\"1552\" data-end=\"1563\">recurso<\/strong> que coincida con el tipo de terreno sobre el que se construye la estructura.<\/p>\n<p data-start=\"1642\" data-end=\"1748\"><strong data-start=\"1642\" data-end=\"1659\">Nueva ciudad:<\/strong><br data-start=\"1659\" data-end=\"1662\" \/>Sustituye una de tus aldeas por una <strong data-start=\"1698\" data-end=\"1708\">ciudad<\/strong> y obt\u00e9n <strong data-start=\"1717\" data-end=\"1747\">10 puntos de victoria (PV)<\/strong>.<\/p>\n<p data-start=\"1750\" data-end=\"1929\"><strong data-start=\"1750\" data-end=\"1765\">Expedici\u00f3n:<\/strong><br data-start=\"1765\" data-end=\"1768\" \/>Retira dos caballeros de tu reserva: uno se devuelve a la caja y queda fuera de la partida, y el otro se coloca en cualquier espacio vac\u00edo del borde del tablero.<\/p>\n<p data-start=\"1931\" data-end=\"2099\"><strong data-start=\"1931\" data-end=\"1953\">T\u00edtulo nobiliario:<\/strong><br data-start=\"1953\" data-end=\"1956\" \/>Descarta al menos <strong data-start=\"1974\" data-end=\"1999\">15 puntos de recursos<\/strong> para ascender tu t\u00edtulo nobiliario: de bar\u00f3n a vizconde, luego conde, marqu\u00e9s y, finalmente, duque.<\/p>\n<p data-start=\"2101\" data-end=\"2430\">Cuando cualquier jugador alcance el t\u00edtulo de <strong data-start=\"2147\" data-end=\"2156\">duque<\/strong>, se termina la ronda en curso y se procede al recuento final de puntos de victoria. Los jugadores obtienen PV por los recursos que a\u00fan poseen, por su rango nobiliario y por el n\u00famero de ciudades que hayan construido.<br data-start=\"2373\" data-end=\"2376\" \/>El jugador con m\u00e1s puntos de victoria gana la partida.<\/p>\n<p data-start=\"2101\" data-end=\"2430\"><a href=\"https:\/\/boardgamegeek.com\/boardgame\/167513\/barony\">PAGINA BGG<\/a><\/p>\n<p><iframe title=\"Abriendo Barony\" width=\"640\" height=\"360\" src=\"https:\/\/www.youtube.com\/embed\/RI2AzOCFTrE?feature=oembed\" frameborder=\"0\" allow=\"accelerometer; autoplay; clipboard-write; encrypted-media; gyroscope; picture-in-picture; web-share\" referrerpolicy=\"strict-origin-when-cross-origin\" allowfullscreen><\/iframe><\/p>\n","protected":false},"excerpt":{"rendered":"<p>En Barony, los jugadores son ambiciosos barones que intentan extender su dominio sobre el territorio. \u00bfQui\u00e9n lograr\u00e1 imponerse y convertirse en el nuevo rey? Al comienzo de la partida, los jugadores crean el tablero de forma aleatoria utilizando nueve losetas por jugador. Cada loseta est\u00e1 formada por tres hex\u00e1gonos, y cada hex\u00e1gono representa uno de los cinco tipos de terreno: bosque, llanura, campo, monta\u00f1a y lago. A continuaci\u00f3n, cada jugador&hellip;<\/p>\n","protected":false},"featured_media":5425,"comment_status":"open","ping_status":"closed","template":"","meta":[],"product_brand":[],"product_cat":[66,84],"product_tag":[],"class_list":{"0":"post-5424","1":"product","2":"type-product","3":"status-publish","4":"has-post-thumbnail","6":"product_cat-abstractos","7":"product_cat-estrategia","9":"first","10":"instock","11":"taxable","12":"shipping-taxable","13":"purchasable","14":"product-type-simple"},"jetpack_sharing_enabled":true,"_links":{"self":[{"href":"https:\/\/veneludica.com\/index.php?rest_route=\/wp\/v2\/product\/5424","targetHints":{"allow":["GET"]}}],"collection":[{"href":"https:\/\/veneludica.com\/index.php?rest_route=\/wp\/v2\/product"}],"about":[{"href":"https:\/\/veneludica.com\/index.php?rest_route=\/wp\/v2\/types\/product"}],"replies":[{"embeddable":true,"href":"https:\/\/veneludica.com\/index.php?rest_route=%2Fwp%2Fv2%2Fcomments&post=5424"}],"version-history":[{"count":2,"href":"https:\/\/veneludica.com\/index.php?rest_route=\/wp\/v2\/product\/5424\/revisions"}],"predecessor-version":[{"id":5429,"href":"https:\/\/veneludica.com\/index.php?rest_route=\/wp\/v2\/product\/5424\/revisions\/5429"}],"wp:featuredmedia":[{"embeddable":true,"href":"https:\/\/veneludica.com\/index.php?rest_route=\/wp\/v2\/media\/5425"}],"wp:attachment":[{"href":"https:\/\/veneludica.com\/index.php?rest_route=%2Fwp%2Fv2%2Fmedia&parent=5424"}],"wp:term":[{"taxonomy":"product_brand","embeddable":true,"href":"https:\/\/veneludica.com\/index.php?rest_route=%2Fwp%2Fv2%2Fproduct_brand&post=5424"},{"taxonomy":"product_cat","embeddable":true,"href":"https:\/\/veneludica.com\/index.php?rest_route=%2Fwp%2Fv2%2Fproduct_cat&post=5424"},{"taxonomy":"product_tag","embeddable":true,"href":"https:\/\/veneludica.com\/index.php?rest_route=%2Fwp%2Fv2%2Fproduct_tag&post=5424"}],"curies":[{"name":"wp","href":"https:\/\/api.w.org\/{rel}","templated":true}]}}