{"id":5442,"date":"2026-01-07T03:12:53","date_gmt":"2026-01-07T03:12:53","guid":{"rendered":"https:\/\/veneludica.com\/?post_type=product&#038;p=5442"},"modified":"2026-01-07T03:12:55","modified_gmt":"2026-01-07T03:12:55","slug":"between-two-cities","status":"publish","type":"product","link":"https:\/\/veneludica.com\/?product=between-two-cities","title":{"rendered":"Between Two Cities"},"content":{"rendered":"<p data-start=\"137\" data-end=\"636\">Nos encontramos a comienzos del siglo XIX, una \u00e9poca de enorme construcci\u00f3n y urbanizaci\u00f3n. Eres un <strong data-start=\"237\" data-end=\"280\">planificador urbano de renombre mundial<\/strong> al que se le ha encargado redise\u00f1ar dos ciudades distintas. Proyectos de tal magnitud requieren la experiencia de m\u00e1s de una persona, as\u00ed que en cada encargo trabajas junto a un socio con quien debatir y llevar a cabo tus ambiciosos planes.<br data-start=\"521\" data-end=\"524\" \/>\u00bfSer\u00e1n suficientes tus dotes de planificaci\u00f3n y colaboraci\u00f3n para dise\u00f1ar la ciudad m\u00e1s impresionante del mundo?<\/p>\n<p data-start=\"638\" data-end=\"1246\"><strong data-start=\"638\" data-end=\"660\">Between Two Cities<\/strong> es un juego de colocaci\u00f3n de losetas basado en la <strong data-start=\"711\" data-end=\"741\">colaboraci\u00f3n entre parejas<\/strong>, en el que cada loseta representa una parte de la ciudad: f\u00e1bricas, tiendas, parques, monumentos, etc. Trabajas con el jugador de tu izquierda para dise\u00f1ar el coraz\u00f3n de una ciudad, y con el jugador de tu derecha para dise\u00f1ar el coraz\u00f3n de otra. En cada turno, eliges <strong data-start=\"1010\" data-end=\"1025\">dos losetas<\/strong> de tu mano, las revelas y, a continuaci\u00f3n, trabajas por separado con cada uno de tus socios para colocar <strong data-start=\"1131\" data-end=\"1177\">una loseta en cada una de tus dos ciudades<\/strong>, antes de pasar el resto de la mano de losetas alrededor de la mesa.<\/p>\n<p data-start=\"1248\" data-end=\"1583\">Al final de la partida, cada ciudad se punt\u00faa seg\u00fan su <strong data-start=\"1303\" data-end=\"1320\">habitabilidad<\/strong>. Tu puntuaci\u00f3n final ser\u00e1 la <strong data-start=\"1350\" data-end=\"1359\">menor<\/strong> de las puntuaciones de habitabilidad de las dos ciudades que ayudaste a dise\u00f1ar. Para ganar, deber\u00e1s repartir tu atenci\u00f3n y dedicaci\u00f3n entre ambas ciudades.<br data-start=\"1516\" data-end=\"1519\" \/>El jugador con la <strong data-start=\"1537\" data-end=\"1566\">puntuaci\u00f3n final m\u00e1s alta<\/strong> gana la partida.<\/p>\n<p data-start=\"1248\" data-end=\"1583\"><a href=\"https:\/\/boardgamegeek.com\/boardgame\/168435\/between-two-cities\">PAGINA BGG<\/a><\/p>\n<p><iframe title=\"Conociendo Between Two Cities\" width=\"640\" height=\"360\" src=\"https:\/\/www.youtube.com\/embed\/YQ7FmLv4MNc?feature=oembed\" frameborder=\"0\" allow=\"accelerometer; autoplay; clipboard-write; encrypted-media; gyroscope; picture-in-picture; web-share\" referrerpolicy=\"strict-origin-when-cross-origin\" allowfullscreen><\/iframe><\/p>\n","protected":false},"excerpt":{"rendered":"<p>Nos encontramos a comienzos del siglo XIX, una \u00e9poca de enorme construcci\u00f3n y urbanizaci\u00f3n. Eres un planificador urbano de renombre mundial al que se le ha encargado redise\u00f1ar dos ciudades distintas. Proyectos de tal magnitud requieren la experiencia de m\u00e1s de una persona, as\u00ed que en cada encargo trabajas junto a un socio con quien debatir y llevar a cabo tus ambiciosos planes.\u00bfSer\u00e1n suficientes tus dotes de planificaci\u00f3n y colaboraci\u00f3n&hellip;<\/p>\n","protected":false},"featured_media":5443,"comment_status":"open","ping_status":"closed","template":"","meta":[],"product_brand":[],"product_cat":[88],"product_tag":[151],"class_list":{"0":"post-5442","1":"product","2":"type-product","3":"status-publish","4":"has-post-thumbnail","6":"product_cat-familiar","7":"product_tag-construccion-de-ciudades","9":"first","10":"instock","11":"taxable","12":"shipping-taxable","13":"purchasable","14":"product-type-simple"},"jetpack_sharing_enabled":true,"_links":{"self":[{"href":"https:\/\/veneludica.com\/index.php?rest_route=\/wp\/v2\/product\/5442","targetHints":{"allow":["GET"]}}],"collection":[{"href":"https:\/\/veneludica.com\/index.php?rest_route=\/wp\/v2\/product"}],"about":[{"href":"https:\/\/veneludica.com\/index.php?rest_route=\/wp\/v2\/types\/product"}],"replies":[{"embeddable":true,"href":"https:\/\/veneludica.com\/index.php?rest_route=%2Fwp%2Fv2%2Fcomments&post=5442"}],"version-history":[{"count":1,"href":"https:\/\/veneludica.com\/index.php?rest_route=\/wp\/v2\/product\/5442\/revisions"}],"predecessor-version":[{"id":5445,"href":"https:\/\/veneludica.com\/index.php?rest_route=\/wp\/v2\/product\/5442\/revisions\/5445"}],"wp:featuredmedia":[{"embeddable":true,"href":"https:\/\/veneludica.com\/index.php?rest_route=\/wp\/v2\/media\/5443"}],"wp:attachment":[{"href":"https:\/\/veneludica.com\/index.php?rest_route=%2Fwp%2Fv2%2Fmedia&parent=5442"}],"wp:term":[{"taxonomy":"product_brand","embeddable":true,"href":"https:\/\/veneludica.com\/index.php?rest_route=%2Fwp%2Fv2%2Fproduct_brand&post=5442"},{"taxonomy":"product_cat","embeddable":true,"href":"https:\/\/veneludica.com\/index.php?rest_route=%2Fwp%2Fv2%2Fproduct_cat&post=5442"},{"taxonomy":"product_tag","embeddable":true,"href":"https:\/\/veneludica.com\/index.php?rest_route=%2Fwp%2Fv2%2Fproduct_tag&post=5442"}],"curies":[{"name":"wp","href":"https:\/\/api.w.org\/{rel}","templated":true}]}}