{"id":5446,"date":"2026-01-07T03:17:16","date_gmt":"2026-01-07T03:17:16","guid":{"rendered":"https:\/\/veneludica.com\/?post_type=product&#038;p=5446"},"modified":"2026-01-07T03:19:15","modified_gmt":"2026-01-07T03:19:15","slug":"big-bang-13-7","status":"publish","type":"product","link":"https:\/\/veneludica.com\/?product=big-bang-13-7","title":{"rendered":"Big Bang 13.7"},"content":{"rendered":"<p data-start=\"125\" data-end=\"682\">En <strong data-start=\"128\" data-end=\"145\">Big Bang 13.7<\/strong>, te conviertes en uno de los creadores del universo y juegas con cuerpos celestes como <strong data-start=\"233\" data-end=\"289\">planetas de colores, estrellas, asteroides y cometas<\/strong>, as\u00ed como con fen\u00f3menos astron\u00f3micos como <strong data-start=\"332\" data-end=\"402\">supernovas, agujeros de gusano y agujeros negros superdestructivos<\/strong>. Mientras el universo se expande, tambi\u00e9n puedes provocar <strong data-start=\"461\" data-end=\"496\">\u00f3rbitas, eclipses, hiperespacio<\/strong> o incluso la misteriosa y casi desconocida <strong data-start=\"540\" data-end=\"558\">energ\u00eda oscura<\/strong>.<br data-start=\"559\" data-end=\"562\" \/>\u00bfTu objetivo? <strong data-start=\"576\" data-end=\"604\">Alinear cuerpos celestes<\/strong> mientras un <strong data-start=\"617\" data-end=\"634\">reloj c\u00f3smico<\/strong> marca el paso del tiempo\u2026 \u00a1en millones de a\u00f1os!<\/p>\n<p data-start=\"684\" data-end=\"1213\">M\u00e1s en detalle, el juego est\u00e1 compuesto por <strong data-start=\"728\" data-end=\"750\">piezas hexagonales<\/strong>: 48 cuerpos celestes de cuatro tipos (planetas, estrellas, asteroides y cometas), en cuatro colores (amarillo, naranja, rojo y azul) y con tres fondos distintos (espacio vac\u00edo, estrellas y galaxia). Tambi\u00e9n hay piezas de <strong data-start=\"972\" data-end=\"998\">fen\u00f3menos astron\u00f3micos<\/strong> (supernova, agujero negro y agujeros de gusano) y <strong data-start=\"1049\" data-end=\"1072\">acciones especiales<\/strong> (\u00f3rbita, eclipse, hiperespacio y energ\u00eda oscura). Por \u00faltimo, un <strong data-start=\"1138\" data-end=\"1155\">reloj c\u00f3smico<\/strong> marcar\u00e1 el paso del tiempo y los turnos de los jugadores.<\/p>\n<p data-start=\"1215\" data-end=\"1505\">Antes de comenzar la partida, cada jugador toma <strong data-start=\"1263\" data-end=\"1297\">dos cartas de objetivo ocultas<\/strong>: un tipo de cuerpo celeste y un color. Durante la partida, los jugadores obtienen <strong data-start=\"1380\" data-end=\"1402\">puntos de victoria<\/strong> al alinear <strong data-start=\"1414\" data-end=\"1458\">tres o m\u00e1s cuerpos celestes consecutivos<\/strong> que coincidan con su tipo o su color objetivo.<\/p>\n<p data-start=\"1507\" data-end=\"1842\">La partida comienza en el <strong data-start=\"1533\" data-end=\"1562\">momento cero del universo<\/strong>, hace 13.7 mil millones de a\u00f1os, cuando un jugador coloca la primera pieza: \u00a1el <strong data-start=\"1643\" data-end=\"1655\">Big Bang<\/strong>! En su turno, el jugador debe colocar <strong data-start=\"1694\" data-end=\"1734\">una de las cuatro piezas disponibles<\/strong> bajo el reloj c\u00f3smico. Para colocar una pieza en el universo, se deben cumplir <strong data-start=\"1814\" data-end=\"1841\">dos reglas obligatorias<\/strong>:<\/p>\n<ul data-start=\"1844\" data-end=\"2126\">\n<li data-start=\"1844\" data-end=\"1958\">\n<p data-start=\"1846\" data-end=\"1958\">La pieza debe ser adyacente a <strong data-start=\"1876\" data-end=\"1899\">al menos dos piezas<\/strong>, y <strong data-start=\"1903\" data-end=\"1928\">al menos una de ellas<\/strong> debe ser un cuerpo celeste.<\/p>\n<\/li>\n<li data-start=\"1959\" data-end=\"2126\">\n<p data-start=\"1961\" data-end=\"2126\">El cuerpo celeste colocado debe compartir <strong data-start=\"2003\" data-end=\"2031\">una caracter\u00edstica com\u00fan<\/strong> con <strong data-start=\"2036\" data-end=\"2045\">todos<\/strong> los cuerpos celestes adyacentes: el mismo tipo, el mismo color o el mismo fondo.<\/p>\n<\/li>\n<\/ul>\n<p data-start=\"2128\" data-end=\"2557\">Cuando se agotan las piezas disponibles y todas han sido colocadas en el universo, la partida termina. Los jugadores revelan sus <strong data-start=\"2257\" data-end=\"2279\">cartas de objetivo<\/strong> y cuentan sus <strong data-start=\"2294\" data-end=\"2316\">puntos de victoria<\/strong> seg\u00fan las alineaciones logradas en funci\u00f3n de dichos objetivos.<br data-start=\"2380\" data-end=\"2383\" \/>Gana quien tenga <strong data-start=\"2400\" data-end=\"2414\">m\u00e1s puntos<\/strong>. En caso de empate, vence el jugador que est\u00e9 <strong data-start=\"2461\" data-end=\"2497\">m\u00e1s atrasado en el reloj c\u00f3smico<\/strong>, es decir, quien haya invertido <strong data-start=\"2530\" data-end=\"2556\">menos millones de a\u00f1os<\/strong>.<\/p>\n<p data-start=\"2128\" data-end=\"2557\"><a href=\"https:\/\/boardgamegeek.com\/boardgame\/225526\/big-bang-137\">PAGINA BGG<\/a><\/p>\n<p><iframe title=\"Big Bang 13.7 V\u00eddeo Tutorial\" width=\"640\" height=\"360\" src=\"https:\/\/www.youtube.com\/embed\/yOBIbWcmc0U?feature=oembed\" frameborder=\"0\" allow=\"accelerometer; autoplay; clipboard-write; encrypted-media; gyroscope; picture-in-picture; web-share\" referrerpolicy=\"strict-origin-when-cross-origin\" allowfullscreen><\/iframe><\/p>\n","protected":false},"excerpt":{"rendered":"<p>En Big Bang 13.7, te conviertes en uno de los creadores del universo y juegas con cuerpos celestes como planetas de colores, estrellas, asteroides y cometas, as\u00ed como con fen\u00f3menos astron\u00f3micos como supernovas, agujeros de gusano y agujeros negros superdestructivos. Mientras el universo se expande, tambi\u00e9n puedes provocar \u00f3rbitas, eclipses, hiperespacio o incluso la misteriosa y casi desconocida energ\u00eda oscura.\u00bfTu objetivo? Alinear cuerpos celestes mientras un reloj c\u00f3smico marca el&hellip;<\/p>\n","protected":false},"featured_media":5447,"comment_status":"open","ping_status":"closed","template":"","meta":[],"product_brand":[],"product_cat":[66,84],"product_tag":[],"class_list":{"0":"post-5446","1":"product","2":"type-product","3":"status-publish","4":"has-post-thumbnail","6":"product_cat-abstractos","7":"product_cat-estrategia","9":"first","10":"instock","11":"taxable","12":"shipping-taxable","13":"purchasable","14":"product-type-simple"},"jetpack_sharing_enabled":true,"_links":{"self":[{"href":"https:\/\/veneludica.com\/index.php?rest_route=\/wp\/v2\/product\/5446","targetHints":{"allow":["GET"]}}],"collection":[{"href":"https:\/\/veneludica.com\/index.php?rest_route=\/wp\/v2\/product"}],"about":[{"href":"https:\/\/veneludica.com\/index.php?rest_route=\/wp\/v2\/types\/product"}],"replies":[{"embeddable":true,"href":"https:\/\/veneludica.com\/index.php?rest_route=%2Fwp%2Fv2%2Fcomments&post=5446"}],"version-history":[{"count":1,"href":"https:\/\/veneludica.com\/index.php?rest_route=\/wp\/v2\/product\/5446\/revisions"}],"predecessor-version":[{"id":5448,"href":"https:\/\/veneludica.com\/index.php?rest_route=\/wp\/v2\/product\/5446\/revisions\/5448"}],"wp:featuredmedia":[{"embeddable":true,"href":"https:\/\/veneludica.com\/index.php?rest_route=\/wp\/v2\/media\/5447"}],"wp:attachment":[{"href":"https:\/\/veneludica.com\/index.php?rest_route=%2Fwp%2Fv2%2Fmedia&parent=5446"}],"wp:term":[{"taxonomy":"product_brand","embeddable":true,"href":"https:\/\/veneludica.com\/index.php?rest_route=%2Fwp%2Fv2%2Fproduct_brand&post=5446"},{"taxonomy":"product_cat","embeddable":true,"href":"https:\/\/veneludica.com\/index.php?rest_route=%2Fwp%2Fv2%2Fproduct_cat&post=5446"},{"taxonomy":"product_tag","embeddable":true,"href":"https:\/\/veneludica.com\/index.php?rest_route=%2Fwp%2Fv2%2Fproduct_tag&post=5446"}],"curies":[{"name":"wp","href":"https:\/\/api.w.org\/{rel}","templated":true}]}}