{"id":5449,"date":"2026-01-07T03:24:13","date_gmt":"2026-01-07T03:24:13","guid":{"rendered":"https:\/\/veneludica.com\/?post_type=product&#038;p=5449"},"modified":"2026-01-07T03:31:35","modified_gmt":"2026-01-07T03:31:35","slug":"bite-night","status":"publish","type":"product","link":"https:\/\/veneludica.com\/?product=bite-night","title":{"rendered":"Bite Night"},"content":{"rendered":"<p><strong data-start=\"145\" data-end=\"159\">Bite Night<\/strong> es un juego ca\u00f3tico para quienes disfrutan de la acci\u00f3n. En primer lugar, los jugadores juegan cartas de su mano <strong data-start=\"273\" data-end=\"287\">boca abajo<\/strong> sobre una pila com\u00fan. A continuaci\u00f3n, <strong data-start=\"326\" data-end=\"344\">todos a la vez<\/strong>, se revelan las losetas y los jugadores intentan <strong data-start=\"394\" data-end=\"434\">coger aquellas que m\u00e1s les convengan<\/strong>. Al final de la partida, las cartas jugadas se <strong data-start=\"482\" data-end=\"504\">resuelven en orden<\/strong> y determinan <strong data-start=\"518\" data-end=\"600\" data-is-only-node=\"\">qui\u00e9n puede puntuar, cu\u00e1ntos puntos obtiene y por qu\u00e9 combinaciones de losetas<\/strong>.<\/p>\n<p><a href=\"https:\/\/boardgamegeek.com\/boardgame\/165952\/bite-night\">PAGINA BGG<\/a><\/p>\n<p><iframe title=\"Bite Night : Game Review\" width=\"640\" height=\"360\" src=\"https:\/\/www.youtube.com\/embed\/7NYxIQ0tJlE?feature=oembed\" frameborder=\"0\" allow=\"accelerometer; autoplay; clipboard-write; encrypted-media; gyroscope; picture-in-picture; web-share\" referrerpolicy=\"strict-origin-when-cross-origin\" allowfullscreen><\/iframe><\/p>\n","protected":false},"excerpt":{"rendered":"<p>Bite Night es un juego ca\u00f3tico para quienes disfrutan de la acci\u00f3n. En primer lugar, los jugadores juegan cartas de su mano boca abajo sobre una pila com\u00fan. A continuaci\u00f3n, todos a la vez, se revelan las losetas y los jugadores intentan coger aquellas que m\u00e1s les convengan. Al final de la partida, las cartas jugadas se resuelven en orden y determinan qui\u00e9n puede puntuar, cu\u00e1ntos puntos obtiene y por&hellip;<\/p>\n","protected":false},"featured_media":5450,"comment_status":"open","ping_status":"closed","template":"","meta":[],"product_brand":[],"product_cat":[66,88],"product_tag":[155],"class_list":{"0":"post-5449","1":"product","2":"type-product","3":"status-publish","4":"has-post-thumbnail","6":"product_cat-abstractos","7":"product_cat-familiar","8":"product_tag-cartas","10":"first","11":"instock","12":"taxable","13":"shipping-taxable","14":"purchasable","15":"product-type-simple"},"jetpack_sharing_enabled":true,"_links":{"self":[{"href":"https:\/\/veneludica.com\/index.php?rest_route=\/wp\/v2\/product\/5449","targetHints":{"allow":["GET"]}}],"collection":[{"href":"https:\/\/veneludica.com\/index.php?rest_route=\/wp\/v2\/product"}],"about":[{"href":"https:\/\/veneludica.com\/index.php?rest_route=\/wp\/v2\/types\/product"}],"replies":[{"embeddable":true,"href":"https:\/\/veneludica.com\/index.php?rest_route=%2Fwp%2Fv2%2Fcomments&post=5449"}],"version-history":[{"count":1,"href":"https:\/\/veneludica.com\/index.php?rest_route=\/wp\/v2\/product\/5449\/revisions"}],"predecessor-version":[{"id":5451,"href":"https:\/\/veneludica.com\/index.php?rest_route=\/wp\/v2\/product\/5449\/revisions\/5451"}],"wp:featuredmedia":[{"embeddable":true,"href":"https:\/\/veneludica.com\/index.php?rest_route=\/wp\/v2\/media\/5450"}],"wp:attachment":[{"href":"https:\/\/veneludica.com\/index.php?rest_route=%2Fwp%2Fv2%2Fmedia&parent=5449"}],"wp:term":[{"taxonomy":"product_brand","embeddable":true,"href":"https:\/\/veneludica.com\/index.php?rest_route=%2Fwp%2Fv2%2Fproduct_brand&post=5449"},{"taxonomy":"product_cat","embeddable":true,"href":"https:\/\/veneludica.com\/index.php?rest_route=%2Fwp%2Fv2%2Fproduct_cat&post=5449"},{"taxonomy":"product_tag","embeddable":true,"href":"https:\/\/veneludica.com\/index.php?rest_route=%2Fwp%2Fv2%2Fproduct_tag&post=5449"}],"curies":[{"name":"wp","href":"https:\/\/api.w.org\/{rel}","templated":true}]}}