{"id":5456,"date":"2026-01-07T03:46:28","date_gmt":"2026-01-07T03:46:28","guid":{"rendered":"https:\/\/veneludica.com\/?post_type=product&#038;p=5456"},"modified":"2026-01-07T03:46:28","modified_gmt":"2026-01-07T03:46:28","slug":"bomarzo","status":"publish","type":"product","link":"https:\/\/veneludica.com\/?product=bomarzo","title":{"rendered":"Bomarzo"},"content":{"rendered":"<p data-start=\"108\" data-end=\"865\">En la <strong data-start=\"114\" data-end=\"138\">Italia del siglo XVI<\/strong>, el pa\u00eds fue escenario de guerras y disputas din\u00e1sticas. En los Estados Pontificios, el papa <strong data-start=\"232\" data-end=\"245\">Pablo III<\/strong> sab\u00eda que pod\u00eda contar con la fuerza de la poderosa familia <strong data-start=\"306\" data-end=\"316\">Orsini<\/strong> para oponerse al poder de sus enemigos. En <strong data-start=\"360\" data-end=\"368\">1542<\/strong>, <strong data-start=\"370\" data-end=\"397\">Pierfrancesco II Orsini<\/strong>, llamado <strong data-start=\"407\" data-end=\"417\">Vicino<\/strong>, hered\u00f3 el feudo de <strong data-start=\"438\" data-end=\"449\">Bomarzo<\/strong>, que eligi\u00f3 como su residencia, junto con los feudos de <strong data-start=\"506\" data-end=\"557\">Collepiccolo, Castelvecchio, Montenero y Mompeo<\/strong>. En <strong data-start=\"562\" data-end=\"570\">1547<\/strong>, Vicino Orsini quiso celebrar la grandeza de su familia encargando una de las mayores maravillas arquitect\u00f3nicas de Italia. Dentro de un anfiteatro natural se esculpieron magistralmente enormes figuras mitol\u00f3gicas cuya belleza sublime encanta y aterra a quienes se encuentran en su presencia.<\/p>\n<p data-start=\"867\" data-end=\"1202\">Incluso hoy en d\u00eda, el parque sigue envuelto en misterio: \u00bfse trata de un <strong data-start=\"941\" data-end=\"959\">Bosque Sagrado<\/strong> en el que ofrecer dones votivos a los dioses, o de un <strong data-start=\"1014\" data-end=\"1041\">Parque de los Monstruos<\/strong> creado para atemorizar a la gente humilde? Se rumorea que Vicino Orsini debi\u00f3 su fortuna a la devoci\u00f3n mostrada a los dioses y a las ofrendas que les entregaba.<\/p>\n<p data-start=\"1204\" data-end=\"1609\">En <strong data-start=\"1207\" data-end=\"1218\">Bomarzo<\/strong>, deber\u00e1s adentrarte en el misterio del parque para <strong data-start=\"1270\" data-end=\"1296\">propiciar a los dioses<\/strong> y obtener su favor. Asumir\u00e1s el papel de uno de los <strong data-start=\"1349\" data-end=\"1383\">se\u00f1ores feudales de los Orsini<\/strong> y administrar\u00e1s uno de los cuatro feudos menores \u2014<strong data-start=\"1434\" data-end=\"1485\">Collepiccolo, Castelvecchio, Montenero o Mompeo<\/strong>\u2014 tratando de ganarte la estima de tu se\u00f1or. Si desarrollas tu feudo de la mejor manera, lograr\u00e1s imponerte a tus rivales.<\/p>\n<p data-start=\"1611\" data-end=\"1814\">No olvides las <strong data-start=\"1626\" data-end=\"1652\">fuerzas sobrenaturales<\/strong> que habitan en Bomarzo: tu existencia y tus logros estar\u00e1n influidos por la forma en que sepas <strong data-start=\"1748\" data-end=\"1813\">aprovechar a tu favor la voluntad de los monstruos del parque<\/strong>.<\/p>\n<p data-start=\"1611\" data-end=\"1814\"><a href=\"https:\/\/boardgamegeek.com\/boardgame\/172206\/bomarzo\">PAGINA BGG<\/a><\/p>\n<p><iframe title=\"Bomarzo introducci\u00f3n al juego\" width=\"640\" height=\"360\" src=\"https:\/\/www.youtube.com\/embed\/0CYSxIhdRk8?feature=oembed\" frameborder=\"0\" allow=\"accelerometer; autoplay; clipboard-write; encrypted-media; gyroscope; picture-in-picture; web-share\" referrerpolicy=\"strict-origin-when-cross-origin\" allowfullscreen><\/iframe><\/p>\n","protected":false},"excerpt":{"rendered":"<p>En la Italia del siglo XVI, el pa\u00eds fue escenario de guerras y disputas din\u00e1sticas. En los Estados Pontificios, el papa Pablo III sab\u00eda que pod\u00eda contar con la fuerza de la poderosa familia Orsini para oponerse al poder de sus enemigos. En 1542, Pierfrancesco II Orsini, llamado Vicino, hered\u00f3 el feudo de Bomarzo, que eligi\u00f3 como su residencia, junto con los feudos de Collepiccolo, Castelvecchio, Montenero y Mompeo. En&hellip;<\/p>\n","protected":false},"featured_media":5457,"comment_status":"open","ping_status":"closed","template":"","meta":[],"product_brand":[],"product_cat":[84],"product_tag":[157],"class_list":{"0":"post-5456","1":"product","2":"type-product","3":"status-publish","4":"has-post-thumbnail","6":"product_cat-estrategia","7":"product_tag-mitologia","9":"first","10":"instock","11":"taxable","12":"shipping-taxable","13":"purchasable","14":"product-type-simple"},"jetpack_sharing_enabled":true,"_links":{"self":[{"href":"https:\/\/veneludica.com\/index.php?rest_route=\/wp\/v2\/product\/5456","targetHints":{"allow":["GET"]}}],"collection":[{"href":"https:\/\/veneludica.com\/index.php?rest_route=\/wp\/v2\/product"}],"about":[{"href":"https:\/\/veneludica.com\/index.php?rest_route=\/wp\/v2\/types\/product"}],"replies":[{"embeddable":true,"href":"https:\/\/veneludica.com\/index.php?rest_route=%2Fwp%2Fv2%2Fcomments&post=5456"}],"version-history":[{"count":1,"href":"https:\/\/veneludica.com\/index.php?rest_route=\/wp\/v2\/product\/5456\/revisions"}],"predecessor-version":[{"id":5458,"href":"https:\/\/veneludica.com\/index.php?rest_route=\/wp\/v2\/product\/5456\/revisions\/5458"}],"wp:featuredmedia":[{"embeddable":true,"href":"https:\/\/veneludica.com\/index.php?rest_route=\/wp\/v2\/media\/5457"}],"wp:attachment":[{"href":"https:\/\/veneludica.com\/index.php?rest_route=%2Fwp%2Fv2%2Fmedia&parent=5456"}],"wp:term":[{"taxonomy":"product_brand","embeddable":true,"href":"https:\/\/veneludica.com\/index.php?rest_route=%2Fwp%2Fv2%2Fproduct_brand&post=5456"},{"taxonomy":"product_cat","embeddable":true,"href":"https:\/\/veneludica.com\/index.php?rest_route=%2Fwp%2Fv2%2Fproduct_cat&post=5456"},{"taxonomy":"product_tag","embeddable":true,"href":"https:\/\/veneludica.com\/index.php?rest_route=%2Fwp%2Fv2%2Fproduct_tag&post=5456"}],"curies":[{"name":"wp","href":"https:\/\/api.w.org\/{rel}","templated":true}]}}