{"id":5460,"date":"2026-01-07T03:51:31","date_gmt":"2026-01-07T03:51:31","guid":{"rendered":"https:\/\/veneludica.com\/?post_type=product&#038;p=5460"},"modified":"2026-01-07T03:51:31","modified_gmt":"2026-01-07T03:51:31","slug":"bomb-squad","status":"publish","type":"product","link":"https:\/\/veneludica.com\/?product=bomb-squad","title":{"rendered":"Bomb Squad"},"content":{"rendered":"<p data-start=\"152\" data-end=\"496\"><strong data-start=\"152\" data-end=\"166\">Bomb Squad<\/strong> es un juego cooperativo en el que <strong data-start=\"201\" data-end=\"220\">2 a 6 jugadores<\/strong> forman parte de un equipo que opera un robot de desactivaci\u00f3n con la misi\u00f3n de <strong data-start=\"300\" data-end=\"340\">desactivar bombas y rescatar rehenes<\/strong>. Los jugadores deben <strong data-start=\"362\" data-end=\"381\">trabajar juntos<\/strong>, compitiendo contra el reloj para dar las instrucciones adecuadas al robot y cumplir los objetivos de la misi\u00f3n.<\/p>\n<p data-start=\"498\" data-end=\"552\"><strong data-start=\"498\" data-end=\"512\">Bomb Squad<\/strong> incluye las siguientes caracter\u00edsticas:<\/p>\n<p data-start=\"554\" data-end=\"828\"><strong data-start=\"554\" data-end=\"579\">Juego en tiempo real:<\/strong> Los jugadores se turnan en sentido de las agujas del reloj y pueden tomarse todo el tiempo que quieran en su turno. Sin embargo, un <strong data-start=\"712\" data-end=\"728\">temporizador<\/strong> cuenta regresivamente hasta que las bombas exploten, por lo que deber\u00e1n actuar de manera eficiente.<\/p>\n<p data-start=\"830\" data-end=\"1092\"><strong data-start=\"830\" data-end=\"867\">Informaci\u00f3n oculta en las cartas:<\/strong> Los jugadores sostienen sus cartas de manera que <strong data-start=\"917\" data-end=\"969\">el frente quede visible para los dem\u00e1s jugadores<\/strong>, lo que requiere que se compartan <strong data-start=\"1004\" data-end=\"1037\">datos de inteligencia (Intel)<\/strong> entre ellos para deducir qu\u00e9 cartas tienen en la mano.<\/p>\n<p data-start=\"1094\" data-end=\"1454\"><strong data-start=\"1094\" data-end=\"1120\">Comunicaci\u00f3n limitada:<\/strong> Aunque las cartas sean visibles para todos, los jugadores <strong data-start=\"1179\" data-end=\"1261\">solo pueden comunicarse mediante los datos de inteligencia que se dan entre s\u00ed<\/strong>, ofreciendo pistas sobre las cartas en su mano. <strong data-start=\"1310\" data-end=\"1454\">No se permite hablar libremente sobre qu\u00e9 cartas se necesitan, hacia d\u00f3nde debe ir el robot ni dar pistas impl\u00edcitas sobre qu\u00e9 cartas jugar.<\/strong><\/p>\n<p data-start=\"1456\" data-end=\"1566\"><strong data-start=\"1456\" data-end=\"1478\">Juego cooperativo:<\/strong> Todos los jugadores <strong data-start=\"1499\" data-end=\"1521\">trabajan en equipo<\/strong>, ganando o perdiendo de forma <strong data-start=\"1552\" data-end=\"1565\">colectiva<\/strong>.<\/p>\n<p data-start=\"1456\" data-end=\"1566\"><a href=\"https:\/\/boardgamegeek.com\/boardgame\/142267\/bomb-squad\">PAGINA BGG<\/a><\/p>\n<p><iframe title=\"Conociendo Bomb Squad\" width=\"640\" height=\"360\" src=\"https:\/\/www.youtube.com\/embed\/s31yPL4bPdc?feature=oembed\" frameborder=\"0\" allow=\"accelerometer; autoplay; clipboard-write; encrypted-media; gyroscope; picture-in-picture; web-share\" referrerpolicy=\"strict-origin-when-cross-origin\" allowfullscreen><\/iframe><\/p>\n","protected":false},"excerpt":{"rendered":"<p>Bomb Squad es un juego cooperativo en el que 2 a 6 jugadores forman parte de un equipo que opera un robot de desactivaci\u00f3n con la misi\u00f3n de desactivar bombas y rescatar rehenes. Los jugadores deben trabajar juntos, compitiendo contra el reloj para dar las instrucciones adecuadas al robot y cumplir los objetivos de la misi\u00f3n. Bomb Squad incluye las siguientes caracter\u00edsticas: Juego en tiempo real: Los jugadores se turnan&hellip;<\/p>\n","protected":false},"featured_media":5461,"comment_status":"open","ping_status":"closed","template":"","meta":[],"product_brand":[],"product_cat":[66,84,88],"product_tag":[],"class_list":{"0":"post-5460","1":"product","2":"type-product","3":"status-publish","4":"has-post-thumbnail","6":"product_cat-abstractos","7":"product_cat-estrategia","8":"product_cat-familiar","10":"first","11":"instock","12":"taxable","13":"shipping-taxable","14":"purchasable","15":"product-type-simple"},"jetpack_sharing_enabled":true,"_links":{"self":[{"href":"https:\/\/veneludica.com\/index.php?rest_route=\/wp\/v2\/product\/5460","targetHints":{"allow":["GET"]}}],"collection":[{"href":"https:\/\/veneludica.com\/index.php?rest_route=\/wp\/v2\/product"}],"about":[{"href":"https:\/\/veneludica.com\/index.php?rest_route=\/wp\/v2\/types\/product"}],"replies":[{"embeddable":true,"href":"https:\/\/veneludica.com\/index.php?rest_route=%2Fwp%2Fv2%2Fcomments&post=5460"}],"version-history":[{"count":1,"href":"https:\/\/veneludica.com\/index.php?rest_route=\/wp\/v2\/product\/5460\/revisions"}],"predecessor-version":[{"id":5463,"href":"https:\/\/veneludica.com\/index.php?rest_route=\/wp\/v2\/product\/5460\/revisions\/5463"}],"wp:featuredmedia":[{"embeddable":true,"href":"https:\/\/veneludica.com\/index.php?rest_route=\/wp\/v2\/media\/5461"}],"wp:attachment":[{"href":"https:\/\/veneludica.com\/index.php?rest_route=%2Fwp%2Fv2%2Fmedia&parent=5460"}],"wp:term":[{"taxonomy":"product_brand","embeddable":true,"href":"https:\/\/veneludica.com\/index.php?rest_route=%2Fwp%2Fv2%2Fproduct_brand&post=5460"},{"taxonomy":"product_cat","embeddable":true,"href":"https:\/\/veneludica.com\/index.php?rest_route=%2Fwp%2Fv2%2Fproduct_cat&post=5460"},{"taxonomy":"product_tag","embeddable":true,"href":"https:\/\/veneludica.com\/index.php?rest_route=%2Fwp%2Fv2%2Fproduct_tag&post=5460"}],"curies":[{"name":"wp","href":"https:\/\/api.w.org\/{rel}","templated":true}]}}