{"id":5464,"date":"2026-01-07T03:57:42","date_gmt":"2026-01-07T03:57:42","guid":{"rendered":"https:\/\/veneludica.com\/?post_type=product&#038;p=5464"},"modified":"2026-01-07T03:57:42","modified_gmt":"2026-01-07T03:57:42","slug":"bomb-squad-academy","status":"publish","type":"product","link":"https:\/\/veneludica.com\/?product=bomb-squad-academy","title":{"rendered":"Bomb Squad Academy"},"content":{"rendered":"<p data-start=\"143\" data-end=\"656\">Este es el <strong data-start=\"154\" data-end=\"209\">examen final de tu curso de desactivaci\u00f3n de bombas<\/strong>. El instructor ha preparado <strong data-start=\"238\" data-end=\"270\">tres bombas de entrenamiento<\/strong> para que t\u00fa y tu equipo las desactiven\u2026 \u00a1pero lo que no sabes es que <strong data-start=\"340\" data-end=\"384\">no hay manera de desactivarlas realmente<\/strong>! Las bombas <strong data-start=\"397\" data-end=\"428\">explotar\u00e1n tarde o temprano<\/strong>, y si quieres graduarte <strong data-start=\"453\" data-end=\"482\">como el mejor de la clase<\/strong>, tendr\u00e1s que <strong data-start=\"496\" data-end=\"558\">cortar los cables de alto valor sin detonar los explosivos<\/strong>. \u00a1Toma tus cortacables y mant\u00e9n firme la mano temblorosa, porque te espera una noche explosiva!<\/p>\n<p data-start=\"658\" data-end=\"1019\">En <strong data-start=\"661\" data-end=\"683\">Bomb Squad Academy<\/strong> hay <strong data-start=\"688\" data-end=\"714\">cuatro mazos de cartas<\/strong>, que representan los cuatro \u201ccables\u201d de la bomba, y una <strong data-start=\"771\" data-end=\"791\">pista de disparo<\/strong> junto a cada mazo. En cada ronda, cada jugador decide <strong data-start=\"846\" data-end=\"860\">en secreto<\/strong> (y luego revela simult\u00e1neamente) qu\u00e9 cable cortar\u00e1 esa ronda (o si prefiere <strong data-start=\"937\" data-end=\"952\">acobardarse<\/strong>, o incluso gritar \u201c\u00a1Espera!\u201d, impidiendo que se corte un cable).<\/p>\n<p data-start=\"1021\" data-end=\"1454\">Despu\u00e9s de revelar las acciones, los cables elegidos se \u201ccortan\u201d <strong data-start=\"1086\" data-end=\"1136\">volteando cartas de los mazos correspondientes<\/strong>. El valor de cada carta determina <strong data-start=\"1171\" data-end=\"1221\">hasta d\u00f3nde se mueve el disparador en la pista<\/strong> y <strong data-start=\"1224\" data-end=\"1251\">cu\u00e1ntos puntos se ganan<\/strong>; cortar cables por tu cuenta vale mucho m\u00e1s que cortar el mismo cable que otros jugadores. \u00a1Si se empuja demasiado el disparador, la bomba explotar\u00e1! Quien haga que la bomba explote <strong data-start=\"1434\" data-end=\"1451\">pierde puntos<\/strong>.<\/p>\n<p data-start=\"1456\" data-end=\"1701\">Durante la partida, los jugadores pueden obtener <strong data-start=\"1505\" data-end=\"1528\">herramientas \u00fatiles<\/strong> que les permiten <strong data-start=\"1546\" data-end=\"1571\">romper algunas reglas<\/strong>. Sobrevive a <strong data-start=\"1585\" data-end=\"1611\">tres bombas agotadoras<\/strong> con los cortes m\u00e1s inteligentes y completa tu examen final <strong data-start=\"1671\" data-end=\"1698\">con la mayor puntuaci\u00f3n<\/strong>.<\/p>\n<p data-start=\"1456\" data-end=\"1701\"><a href=\"https:\/\/boardgamegeek.com\/boardgame\/166202\/bomb-squad-academy\">PAGINA BGG<\/a><\/p>\n<p><iframe title=\"Conociendo Bomb Squad Academy\" width=\"640\" height=\"360\" src=\"https:\/\/www.youtube.com\/embed\/v-wgH0ohfPE?feature=oembed\" frameborder=\"0\" allow=\"accelerometer; autoplay; clipboard-write; encrypted-media; gyroscope; picture-in-picture; web-share\" referrerpolicy=\"strict-origin-when-cross-origin\" allowfullscreen><\/iframe><\/p>\n","protected":false},"excerpt":{"rendered":"<p>Este es el examen final de tu curso de desactivaci\u00f3n de bombas. El instructor ha preparado tres bombas de entrenamiento para que t\u00fa y tu equipo las desactiven\u2026 \u00a1pero lo que no sabes es que no hay manera de desactivarlas realmente! Las bombas explotar\u00e1n tarde o temprano, y si quieres graduarte como el mejor de la clase, tendr\u00e1s que cortar los cables de alto valor sin detonar los explosivos. \u00a1Toma&hellip;<\/p>\n","protected":false},"featured_media":5465,"comment_status":"open","ping_status":"closed","template":"","meta":[],"product_brand":[],"product_cat":[88],"product_tag":[155],"class_list":{"0":"post-5464","1":"product","2":"type-product","3":"status-publish","4":"has-post-thumbnail","6":"product_cat-familiar","7":"product_tag-cartas","9":"first","10":"instock","11":"taxable","12":"shipping-taxable","13":"purchasable","14":"product-type-simple"},"jetpack_sharing_enabled":true,"_links":{"self":[{"href":"https:\/\/veneludica.com\/index.php?rest_route=\/wp\/v2\/product\/5464","targetHints":{"allow":["GET"]}}],"collection":[{"href":"https:\/\/veneludica.com\/index.php?rest_route=\/wp\/v2\/product"}],"about":[{"href":"https:\/\/veneludica.com\/index.php?rest_route=\/wp\/v2\/types\/product"}],"replies":[{"embeddable":true,"href":"https:\/\/veneludica.com\/index.php?rest_route=%2Fwp%2Fv2%2Fcomments&post=5464"}],"version-history":[{"count":1,"href":"https:\/\/veneludica.com\/index.php?rest_route=\/wp\/v2\/product\/5464\/revisions"}],"predecessor-version":[{"id":5467,"href":"https:\/\/veneludica.com\/index.php?rest_route=\/wp\/v2\/product\/5464\/revisions\/5467"}],"wp:featuredmedia":[{"embeddable":true,"href":"https:\/\/veneludica.com\/index.php?rest_route=\/wp\/v2\/media\/5465"}],"wp:attachment":[{"href":"https:\/\/veneludica.com\/index.php?rest_route=%2Fwp%2Fv2%2Fmedia&parent=5464"}],"wp:term":[{"taxonomy":"product_brand","embeddable":true,"href":"https:\/\/veneludica.com\/index.php?rest_route=%2Fwp%2Fv2%2Fproduct_brand&post=5464"},{"taxonomy":"product_cat","embeddable":true,"href":"https:\/\/veneludica.com\/index.php?rest_route=%2Fwp%2Fv2%2Fproduct_cat&post=5464"},{"taxonomy":"product_tag","embeddable":true,"href":"https:\/\/veneludica.com\/index.php?rest_route=%2Fwp%2Fv2%2Fproduct_tag&post=5464"}],"curies":[{"name":"wp","href":"https:\/\/api.w.org\/{rel}","templated":true}]}}