{"id":5468,"date":"2026-01-07T04:05:53","date_gmt":"2026-01-07T04:05:53","guid":{"rendered":"https:\/\/veneludica.com\/?post_type=product&#038;p=5468"},"modified":"2026-01-07T04:05:53","modified_gmt":"2026-01-07T04:05:53","slug":"bosque-encantado","status":"publish","type":"product","link":"https:\/\/veneludica.com\/?product=bosque-encantado","title":{"rendered":"Bosque Encantado"},"content":{"rendered":"<p data-start=\"135\" data-end=\"461\">\u00a1El oto\u00f1o ha llegado, los bosques se han regado con la lluvia y los <strong data-start=\"203\" data-end=\"225\">hongos han brotado<\/strong>! T\u00fa y tus amigos con <strong data-start=\"247\" data-end=\"261\">dedo verde<\/strong> est\u00e1is listos para ir a vuestras zonas favoritas a recoger <strong data-start=\"321\" data-end=\"367\">n\u00edscalos, colmenillas, boletos y parasoles<\/strong>. \u00a1Pero cuidado, hay otros que tambi\u00e9n han encontrado estos secretos lugares de recolecci\u00f3n!<\/p>\n<ul data-start=\"463\" data-end=\"737\">\n<li data-start=\"463\" data-end=\"556\">\n<p data-start=\"465\" data-end=\"556\">Usa tu <strong data-start=\"472\" data-end=\"503\">talento para recoger hongos<\/strong> y aseg\u00farate de tener la <strong data-start=\"528\" data-end=\"553\">cosecha m\u00e1s deliciosa<\/strong>.<\/p>\n<\/li>\n<li data-start=\"557\" data-end=\"609\">\n<p data-start=\"559\" data-end=\"609\">Identifica los <strong data-start=\"574\" data-end=\"593\">mejores lugares<\/strong> en el bosque.<\/p>\n<\/li>\n<li data-start=\"610\" data-end=\"669\">\n<p data-start=\"612\" data-end=\"669\">Cosecha <strong data-start=\"620\" data-end=\"666\">parasoles, boletos, n\u00edscalos y colmenillas<\/strong>.<\/p>\n<\/li>\n<li data-start=\"670\" data-end=\"737\">\n<p data-start=\"672\" data-end=\"737\">Comparte tus secretos si quieres recolectar <strong data-start=\"716\" data-end=\"734\">a\u00fan m\u00e1s hongos<\/strong>.<\/p>\n<\/li>\n<\/ul>\n<p data-start=\"739\" data-end=\"795\">\u00bfLograr\u00e1s tener la <strong data-start=\"758\" data-end=\"783\">cosecha m\u00e1s deliciosa<\/strong> de todas?<\/p>\n<p data-start=\"739\" data-end=\"795\"><a href=\"https:\/\/boardgamegeek.com\/boardgame\/354729\/wonder-woods\">PAGINA BGG<\/a><\/p>\n<p><iframe title=\"Conociendo Bosque Encantado\" width=\"640\" height=\"360\" src=\"https:\/\/www.youtube.com\/embed\/Xe0oiEJvEks?feature=oembed\" frameborder=\"0\" allow=\"accelerometer; autoplay; clipboard-write; encrypted-media; gyroscope; picture-in-picture; web-share\" referrerpolicy=\"strict-origin-when-cross-origin\" allowfullscreen><\/iframe><\/p>\n","protected":false},"excerpt":{"rendered":"<p>\u00a1El oto\u00f1o ha llegado, los bosques se han regado con la lluvia y los hongos han brotado! T\u00fa y tus amigos con dedo verde est\u00e1is listos para ir a vuestras zonas favoritas a recoger n\u00edscalos, colmenillas, boletos y parasoles. \u00a1Pero cuidado, hay otros que tambi\u00e9n han encontrado estos secretos lugares de recolecci\u00f3n! Usa tu talento para recoger hongos y aseg\u00farate de tener la cosecha m\u00e1s deliciosa. Identifica los mejores lugares&hellip;<\/p>\n","protected":false},"featured_media":5469,"comment_status":"open","ping_status":"closed","template":"","meta":[],"product_brand":[],"product_cat":[88,82],"product_tag":[],"class_list":{"0":"post-5468","1":"product","2":"type-product","3":"status-publish","4":"has-post-thumbnail","6":"product_cat-familiar","7":"product_cat-mentir-bluffing","9":"first","10":"instock","11":"taxable","12":"shipping-taxable","13":"purchasable","14":"product-type-simple"},"jetpack_sharing_enabled":true,"_links":{"self":[{"href":"https:\/\/veneludica.com\/index.php?rest_route=\/wp\/v2\/product\/5468","targetHints":{"allow":["GET"]}}],"collection":[{"href":"https:\/\/veneludica.com\/index.php?rest_route=\/wp\/v2\/product"}],"about":[{"href":"https:\/\/veneludica.com\/index.php?rest_route=\/wp\/v2\/types\/product"}],"replies":[{"embeddable":true,"href":"https:\/\/veneludica.com\/index.php?rest_route=%2Fwp%2Fv2%2Fcomments&post=5468"}],"version-history":[{"count":1,"href":"https:\/\/veneludica.com\/index.php?rest_route=\/wp\/v2\/product\/5468\/revisions"}],"predecessor-version":[{"id":5473,"href":"https:\/\/veneludica.com\/index.php?rest_route=\/wp\/v2\/product\/5468\/revisions\/5473"}],"wp:featuredmedia":[{"embeddable":true,"href":"https:\/\/veneludica.com\/index.php?rest_route=\/wp\/v2\/media\/5469"}],"wp:attachment":[{"href":"https:\/\/veneludica.com\/index.php?rest_route=%2Fwp%2Fv2%2Fmedia&parent=5468"}],"wp:term":[{"taxonomy":"product_brand","embeddable":true,"href":"https:\/\/veneludica.com\/index.php?rest_route=%2Fwp%2Fv2%2Fproduct_brand&post=5468"},{"taxonomy":"product_cat","embeddable":true,"href":"https:\/\/veneludica.com\/index.php?rest_route=%2Fwp%2Fv2%2Fproduct_cat&post=5468"},{"taxonomy":"product_tag","embeddable":true,"href":"https:\/\/veneludica.com\/index.php?rest_route=%2Fwp%2Fv2%2Fproduct_tag&post=5468"}],"curies":[{"name":"wp","href":"https:\/\/api.w.org\/{rel}","templated":true}]}}