{"id":5474,"date":"2026-01-07T04:16:07","date_gmt":"2026-01-07T04:16:07","guid":{"rendered":"https:\/\/veneludica.com\/?post_type=product&#038;p=5474"},"modified":"2026-01-08T22:30:40","modified_gmt":"2026-01-08T22:30:40","slug":"brains-japanese-gardens","status":"publish","type":"product","link":"https:\/\/veneludica.com\/?product=brains-japanese-gardens","title":{"rendered":"Brains &#8211; Japanese Gardens"},"content":{"rendered":"<div class=\"elementor-element elementor-element-c643601 dc-has-condition dc-condition-not_empty elementor-widget elementor-widget-heading\" data-id=\"c643601\" data-element_type=\"widget\" data-widget_type=\"heading.default\">\n<div class=\"elementor-widget-container\">\n<p class=\"elementor-heading-title elementor-size-default\"><span style=\"font-size: 16px;\">50 puzles ingeniosos que te invitan a pasear por este hermoso jard\u00edn japon\u00e9s. Encuentra las fichas del jard\u00edn perfectas para terminar todos los puzles! Los puzles van aumentando de dificultad en bloques de 10, desde principiante a experto.<\/span><\/p>\n<p><iframe title=\"C\u00f3mo jugar a Brains Jardin Japones | Rese\u00f1a y Tutorial (ESPA\u00d1OL) | Juego de mesa | Games On Board\" width=\"640\" height=\"360\" src=\"https:\/\/www.youtube.com\/embed\/UwkTc0KUdMk?feature=oembed\" frameborder=\"0\" allow=\"accelerometer; autoplay; clipboard-write; encrypted-media; gyroscope; picture-in-picture; web-share\" referrerpolicy=\"strict-origin-when-cross-origin\" allowfullscreen><\/iframe><\/p>\n<\/div>\n<\/div>\n","protected":false},"excerpt":{"rendered":"<p>50 puzles ingeniosos que te invitan a pasear por este hermoso jard\u00edn japon\u00e9s. Encuentra las fichas del jard\u00edn perfectas para terminar todos los puzles! Los puzles van aumentando de dificultad en bloques de 10, desde principiante a experto.<\/p>\n","protected":false},"featured_media":5475,"comment_status":"open","ping_status":"closed","template":"","meta":[],"product_brand":[],"product_cat":[88],"product_tag":[221],"class_list":{"0":"post-5474","1":"product","2":"type-product","3":"status-publish","4":"has-post-thumbnail","6":"product_cat-familiar","7":"product_tag-puzzle","9":"first","10":"instock","11":"taxable","12":"shipping-taxable","13":"purchasable","14":"product-type-simple"},"jetpack_sharing_enabled":true,"_links":{"self":[{"href":"https:\/\/veneludica.com\/index.php?rest_route=\/wp\/v2\/product\/5474","targetHints":{"allow":["GET"]}}],"collection":[{"href":"https:\/\/veneludica.com\/index.php?rest_route=\/wp\/v2\/product"}],"about":[{"href":"https:\/\/veneludica.com\/index.php?rest_route=\/wp\/v2\/types\/product"}],"replies":[{"embeddable":true,"href":"https:\/\/veneludica.com\/index.php?rest_route=%2Fwp%2Fv2%2Fcomments&post=5474"}],"version-history":[{"count":1,"href":"https:\/\/veneludica.com\/index.php?rest_route=\/wp\/v2\/product\/5474\/revisions"}],"predecessor-version":[{"id":5477,"href":"https:\/\/veneludica.com\/index.php?rest_route=\/wp\/v2\/product\/5474\/revisions\/5477"}],"wp:featuredmedia":[{"embeddable":true,"href":"https:\/\/veneludica.com\/index.php?rest_route=\/wp\/v2\/media\/5475"}],"wp:attachment":[{"href":"https:\/\/veneludica.com\/index.php?rest_route=%2Fwp%2Fv2%2Fmedia&parent=5474"}],"wp:term":[{"taxonomy":"product_brand","embeddable":true,"href":"https:\/\/veneludica.com\/index.php?rest_route=%2Fwp%2Fv2%2Fproduct_brand&post=5474"},{"taxonomy":"product_cat","embeddable":true,"href":"https:\/\/veneludica.com\/index.php?rest_route=%2Fwp%2Fv2%2Fproduct_cat&post=5474"},{"taxonomy":"product_tag","embeddable":true,"href":"https:\/\/veneludica.com\/index.php?rest_route=%2Fwp%2Fv2%2Fproduct_tag&post=5474"}],"curies":[{"name":"wp","href":"https:\/\/api.w.org\/{rel}","templated":true}]}}