{"id":5478,"date":"2026-01-07T04:23:57","date_gmt":"2026-01-07T04:23:57","guid":{"rendered":"https:\/\/veneludica.com\/?post_type=product&#038;p=5478"},"modified":"2026-01-07T04:24:00","modified_gmt":"2026-01-07T04:24:00","slug":"bruxelles-1897","status":"publish","type":"product","link":"https:\/\/veneludica.com\/?product=bruxelles-1897","title":{"rendered":"Bruxelles 1897"},"content":{"rendered":"<p data-start=\"144\" data-end=\"483\">En <strong data-start=\"147\" data-end=\"155\">1897<\/strong>, el <strong data-start=\"160\" data-end=\"175\">Art Nouveau<\/strong> se apodera de las calles de Bruselas con la apertura de la <strong data-start=\"235\" data-end=\"259\">Exposici\u00f3n Universal<\/strong>. Ha llegado el momento de <strong data-start=\"286\" data-end=\"334\">consolidar tu nombre en la Historia del Arte<\/strong>. Para lograrlo, deber\u00e1s construir <strong data-start=\"369\" data-end=\"393\">edificios magn\u00edficos<\/strong>, crear, vender y exhibir <strong data-start=\"419\" data-end=\"436\">obras de arte<\/strong>, y codearte con los <strong data-start=\"457\" data-end=\"480\">nobles de la ciudad<\/strong>.<\/p>\n<p data-start=\"485\" data-end=\"577\"><strong data-start=\"485\" data-end=\"503\">Bruxelles 1897<\/strong> es un juego de cartas basado en el juego de tablero <strong data-start=\"556\" data-end=\"574\">Bruxelles 1893<\/strong>.<\/p>\n<p data-start=\"579\" data-end=\"843\"><strong data-start=\"579\" data-end=\"597\">Bruxelles 1897<\/strong> est\u00e1 dise\u00f1ado para un p\u00fablico amplio de jugadores. Sus mec\u00e1nicas se basan en <strong data-start=\"675\" data-end=\"693\">Bruxelles 1893<\/strong>, pero simplificadas sin perder profundidad. Quienes conozcan el juego de tablero redescubrir\u00e1n su <strong data-start=\"792\" data-end=\"824\">aspecto y sensaci\u00f3n familiar<\/strong> en esta versi\u00f3n.<\/p>\n<p data-start=\"845\" data-end=\"1096\">Una partida de <strong data-start=\"860\" data-end=\"878\">Bruxelles 1897<\/strong> se desarrolla a lo largo de <strong data-start=\"907\" data-end=\"919\">4 rondas<\/strong>. Cada ronda consiste en un <strong data-start=\"947\" data-end=\"976\">n\u00famero variable de turnos<\/strong>. En esta versi\u00f3n, las distintas acciones se representan mediante <strong data-start=\"1042\" data-end=\"1062\">cartas de acci\u00f3n<\/strong>, organizadas en <strong data-start=\"1079\" data-end=\"1093\">4 columnas<\/strong>.<\/p>\n<p data-start=\"1098\" data-end=\"1305\">Al inicio de la partida, cada jugador recibe <strong data-start=\"1143\" data-end=\"1169\">5 cartas de arquitecto<\/strong>. Estas cartas tienen valores que van del 1 al 5, y se utilizan para realizar acciones en las \u00e1reas de <strong data-start=\"1272\" data-end=\"1287\">Art Nouveau<\/strong> y <strong data-start=\"1290\" data-end=\"1302\">Bruselas<\/strong>.<\/p>\n<ul data-start=\"1307\" data-end=\"1680\">\n<li data-start=\"1307\" data-end=\"1475\">\n<p data-start=\"1309\" data-end=\"1475\">Para realizar una acci\u00f3n en el <strong data-start=\"1340\" data-end=\"1363\">\u00e1rea de Art Nouveau<\/strong>, debes <strong data-start=\"1371\" data-end=\"1440\">sustituir una carta de acci\u00f3n por una de tus cartas de arquitecto<\/strong> y pagar el valor de esta \u00faltima.<\/p>\n<\/li>\n<li data-start=\"1476\" data-end=\"1680\">\n<p data-start=\"1478\" data-end=\"1680\">Las acciones en el <strong data-start=\"1497\" data-end=\"1517\">\u00e1rea de Bruselas<\/strong> son gratuitas, pero requieren un <strong data-start=\"1551\" data-end=\"1595\">n\u00famero creciente de cartas de arquitecto<\/strong> para activarlas, y existe el riesgo de que <strong data-start=\"1639\" data-end=\"1677\">una de ellas sea enviada a prisi\u00f3n<\/strong>.<\/p>\n<\/li>\n<\/ul>\n<p data-start=\"1682\" data-end=\"1893\">Las distintas acciones te otorgan <strong data-start=\"1716\" data-end=\"1763\">puntos de victoria a lo largo de la partida<\/strong> o te ayudan a <strong data-start=\"1778\" data-end=\"1810\">avanzar en diferentes pistas<\/strong>, que tambi\u00e9n otorgan puntos al final del juego seg\u00fan las estrategias que elijas.<\/p>\n<p data-start=\"1895\" data-end=\"2151\">Cuando todos los jugadores pasan, la ronda termina y se calculan las <strong data-start=\"1964\" data-end=\"1976\">mayor\u00edas<\/strong>. Al final de la ronda, la <strong data-start=\"2003\" data-end=\"2069\">posici\u00f3n de las cartas de arquitecto en el \u00e1rea de Art Nouveau<\/strong> determina las mayor\u00edas, que a su vez conceden <strong data-start=\"2116\" data-end=\"2148\">bonos y\/o puntos de victoria<\/strong>.<\/p>\n<p data-start=\"2153\" data-end=\"2275\">Al finalizar la <strong data-start=\"2169\" data-end=\"2185\">cuarta ronda<\/strong>, se realiza el <strong data-start=\"2201\" data-end=\"2227\">conteo final de puntos<\/strong>. El jugador con <strong data-start=\"2244\" data-end=\"2258\">m\u00e1s puntos<\/strong> es el ganador.<\/p>\n<p data-start=\"2153\" data-end=\"2275\"><a href=\"https:\/\/boardgamegeek.com\/boardgame\/275913\/bruxelles-1897\">PAGINA BGG<\/a><\/p>\n<p><iframe title=\"Conociendo Bruxelles 1897\" width=\"640\" height=\"360\" src=\"https:\/\/www.youtube.com\/embed\/UIT0g19DSYg?feature=oembed\" frameborder=\"0\" allow=\"accelerometer; autoplay; clipboard-write; encrypted-media; gyroscope; picture-in-picture; web-share\" referrerpolicy=\"strict-origin-when-cross-origin\" allowfullscreen><\/iframe><\/p>\n","protected":false},"excerpt":{"rendered":"<p>En 1897, el Art Nouveau se apodera de las calles de Bruselas con la apertura de la Exposici\u00f3n Universal. Ha llegado el momento de consolidar tu nombre en la Historia del Arte. Para lograrlo, deber\u00e1s construir edificios magn\u00edficos, crear, vender y exhibir obras de arte, y codearte con los nobles de la ciudad. Bruxelles 1897 es un juego de cartas basado en el juego de tablero Bruxelles 1893. Bruxelles 1897&hellip;<\/p>\n","protected":false},"featured_media":5480,"comment_status":"open","ping_status":"closed","template":"","meta":[],"product_brand":[],"product_cat":[84],"product_tag":[155],"class_list":{"0":"post-5478","1":"product","2":"type-product","3":"status-publish","4":"has-post-thumbnail","6":"product_cat-estrategia","7":"product_tag-cartas","9":"first","10":"instock","11":"taxable","12":"shipping-taxable","13":"purchasable","14":"product-type-simple"},"jetpack_sharing_enabled":true,"_links":{"self":[{"href":"https:\/\/veneludica.com\/index.php?rest_route=\/wp\/v2\/product\/5478","targetHints":{"allow":["GET"]}}],"collection":[{"href":"https:\/\/veneludica.com\/index.php?rest_route=\/wp\/v2\/product"}],"about":[{"href":"https:\/\/veneludica.com\/index.php?rest_route=\/wp\/v2\/types\/product"}],"replies":[{"embeddable":true,"href":"https:\/\/veneludica.com\/index.php?rest_route=%2Fwp%2Fv2%2Fcomments&post=5478"}],"version-history":[{"count":1,"href":"https:\/\/veneludica.com\/index.php?rest_route=\/wp\/v2\/product\/5478\/revisions"}],"predecessor-version":[{"id":5481,"href":"https:\/\/veneludica.com\/index.php?rest_route=\/wp\/v2\/product\/5478\/revisions\/5481"}],"wp:featuredmedia":[{"embeddable":true,"href":"https:\/\/veneludica.com\/index.php?rest_route=\/wp\/v2\/media\/5480"}],"wp:attachment":[{"href":"https:\/\/veneludica.com\/index.php?rest_route=%2Fwp%2Fv2%2Fmedia&parent=5478"}],"wp:term":[{"taxonomy":"product_brand","embeddable":true,"href":"https:\/\/veneludica.com\/index.php?rest_route=%2Fwp%2Fv2%2Fproduct_brand&post=5478"},{"taxonomy":"product_cat","embeddable":true,"href":"https:\/\/veneludica.com\/index.php?rest_route=%2Fwp%2Fv2%2Fproduct_cat&post=5478"},{"taxonomy":"product_tag","embeddable":true,"href":"https:\/\/veneludica.com\/index.php?rest_route=%2Fwp%2Fv2%2Fproduct_tag&post=5478"}],"curies":[{"name":"wp","href":"https:\/\/api.w.org\/{rel}","templated":true}]}}