{"id":5487,"date":"2026-01-07T17:03:38","date_gmt":"2026-01-07T17:03:38","guid":{"rendered":"https:\/\/veneludica.com\/?post_type=product&#038;p=5487"},"modified":"2026-01-07T17:03:38","modified_gmt":"2026-01-07T17:03:38","slug":"camel-up-2-0","status":"publish","type":"product","link":"https:\/\/veneludica.com\/?product=camel-up-2-0","title":{"rendered":"Camel Up 2.0"},"content":{"rendered":"<p data-start=\"100\" data-end=\"403\">En <strong data-start=\"103\" data-end=\"115\">Camel Up<\/strong>, hasta <strong data-start=\"123\" data-end=\"141\">ocho jugadores<\/strong> apuestan por <strong data-start=\"155\" data-end=\"185\">cinco camellos de carreras<\/strong>, intentando adivinar cu\u00e1les quedar\u00e1n <strong data-start=\"223\" data-end=\"256\">en primera y segunda posici\u00f3n<\/strong> en una fren\u00e9tica carrera alrededor de una pir\u00e1mide. <strong data-start=\"309\" data-end=\"371\">Cuanto antes realices tu apuesta, mayor ser\u00e1 la recompensa<\/strong>\u2026 siempre que aciertes, claro.<\/p>\n<p data-start=\"405\" data-end=\"779\">Sin embargo, los camellos no corren de forma ordenada: a veces <strong data-start=\"468\" data-end=\"503\">acaban subidos unos sobre otros<\/strong> y son transportados hacia la l\u00ednea de meta. \u00bfQui\u00e9n correr\u00e1 y cu\u00e1ndo? Todo depende de <strong data-start=\"589\" data-end=\"648\">los dados que salgan del lanzador con forma de pir\u00e1mide<\/strong>, que libera <strong data-start=\"661\" data-end=\"681\">un dado cada vez<\/strong> cuando los jugadores hacen una pausa en sus apuestas para ver <strong data-start=\"744\" data-end=\"778\">qu\u00e9 camello se mueve realmente<\/strong>.<\/p>\n<p data-start=\"405\" data-end=\"779\"><a href=\"https:\/\/boardgamegeek.com\/boardgame\/260605\/camel-up-second-edition\">PAGINA BGG<\/a><\/p>\n<p><iframe title=\"Conociendo Camel Up 2.0\" width=\"640\" height=\"360\" src=\"https:\/\/www.youtube.com\/embed\/uGxRsR9v2Ds?feature=oembed\" frameborder=\"0\" allow=\"accelerometer; autoplay; clipboard-write; encrypted-media; gyroscope; picture-in-picture; web-share\" referrerpolicy=\"strict-origin-when-cross-origin\" allowfullscreen><\/iframe><\/p>\n","protected":false},"excerpt":{"rendered":"<p>En Camel Up, hasta ocho jugadores apuestan por cinco camellos de carreras, intentando adivinar cu\u00e1les quedar\u00e1n en primera y segunda posici\u00f3n en una fren\u00e9tica carrera alrededor de una pir\u00e1mide. Cuanto antes realices tu apuesta, mayor ser\u00e1 la recompensa\u2026 siempre que aciertes, claro. Sin embargo, los camellos no corren de forma ordenada: a veces acaban subidos unos sobre otros y son transportados hacia la l\u00ednea de meta. \u00bfQui\u00e9n correr\u00e1 y cu\u00e1ndo?&hellip;<\/p>\n","protected":false},"featured_media":5488,"comment_status":"open","ping_status":"closed","template":"","meta":[],"product_brand":[],"product_cat":[88,65],"product_tag":[],"class_list":{"0":"post-5487","1":"product","2":"type-product","3":"status-publish","4":"has-post-thumbnail","6":"product_cat-familiar","7":"product_cat-party-games","9":"first","10":"instock","11":"taxable","12":"shipping-taxable","13":"purchasable","14":"product-type-simple"},"jetpack_sharing_enabled":true,"_links":{"self":[{"href":"https:\/\/veneludica.com\/index.php?rest_route=\/wp\/v2\/product\/5487","targetHints":{"allow":["GET"]}}],"collection":[{"href":"https:\/\/veneludica.com\/index.php?rest_route=\/wp\/v2\/product"}],"about":[{"href":"https:\/\/veneludica.com\/index.php?rest_route=\/wp\/v2\/types\/product"}],"replies":[{"embeddable":true,"href":"https:\/\/veneludica.com\/index.php?rest_route=%2Fwp%2Fv2%2Fcomments&post=5487"}],"version-history":[{"count":1,"href":"https:\/\/veneludica.com\/index.php?rest_route=\/wp\/v2\/product\/5487\/revisions"}],"predecessor-version":[{"id":5495,"href":"https:\/\/veneludica.com\/index.php?rest_route=\/wp\/v2\/product\/5487\/revisions\/5495"}],"wp:featuredmedia":[{"embeddable":true,"href":"https:\/\/veneludica.com\/index.php?rest_route=\/wp\/v2\/media\/5488"}],"wp:attachment":[{"href":"https:\/\/veneludica.com\/index.php?rest_route=%2Fwp%2Fv2%2Fmedia&parent=5487"}],"wp:term":[{"taxonomy":"product_brand","embeddable":true,"href":"https:\/\/veneludica.com\/index.php?rest_route=%2Fwp%2Fv2%2Fproduct_brand&post=5487"},{"taxonomy":"product_cat","embeddable":true,"href":"https:\/\/veneludica.com\/index.php?rest_route=%2Fwp%2Fv2%2Fproduct_cat&post=5487"},{"taxonomy":"product_tag","embeddable":true,"href":"https:\/\/veneludica.com\/index.php?rest_route=%2Fwp%2Fv2%2Fproduct_tag&post=5487"}],"curies":[{"name":"wp","href":"https:\/\/api.w.org\/{rel}","templated":true}]}}