{"id":5496,"date":"2026-01-07T17:08:15","date_gmt":"2026-01-07T17:08:15","guid":{"rendered":"https:\/\/veneludica.com\/?post_type=product&#038;p=5496"},"modified":"2026-01-07T17:08:15","modified_gmt":"2026-01-07T17:08:15","slug":"camel-up-supercup","status":"publish","type":"product","link":"https:\/\/veneludica.com\/?product=camel-up-supercup","title":{"rendered":"Camel Up: Supercup"},"content":{"rendered":"<p data-start=\"111\" data-end=\"252\"><strong data-start=\"111\" data-end=\"133\">Camel Up: Supercup<\/strong> incluye <strong data-start=\"142\" data-end=\"160\">cuatro m\u00f3dulos<\/strong> para el juego base <strong data-start=\"180\" data-end=\"192\">Camel Up<\/strong>. <em data-start=\"194\" data-end=\"250\">(No es compatible con la segunda edici\u00f3n de Camel Up).<\/em><\/p>\n<h3 data-start=\"254\" data-end=\"277\">Descripci\u00f3n general<\/h3>\n<p data-start=\"279\" data-end=\"581\"><strong data-start=\"279\" data-end=\"292\">M\u00f3dulo 1:<\/strong><br data-start=\"292\" data-end=\"295\" \/>Incluye una <strong data-start=\"307\" data-end=\"337\">pista de carrera m\u00e1s larga<\/strong> y los nuevos <strong data-start=\"351\" data-end=\"369\">dados de apoyo<\/strong>, lo que da lugar a partidas m\u00e1s largas y emocionantes, ya que los camellos ahora pueden <strong data-start=\"458\" data-end=\"489\">moverse dos veces por etapa<\/strong>. Adem\u00e1s, puedes a\u00f1adir <strong data-start=\"513\" data-end=\"537\">una acci\u00f3n adicional<\/strong> para darle a\u00fan m\u00e1s dinamismo a este m\u00f3dulo.<\/p>\n<p data-start=\"583\" data-end=\"720\"><strong data-start=\"583\" data-end=\"596\">M\u00f3dulo 2:<\/strong><br data-start=\"596\" data-end=\"599\" \/>Introduce al <strong data-start=\"612\" data-end=\"625\">Fot\u00f3grafo<\/strong>, que otorga recompensas por <strong data-start=\"654\" data-end=\"719\">predecir correctamente el movimiento de las pilas de camellos<\/strong>.<\/p>\n<p data-start=\"722\" data-end=\"833\"><strong data-start=\"722\" data-end=\"735\">M\u00f3dulo 3:<\/strong><br data-start=\"735\" data-end=\"738\" \/>A\u00f1ade <strong data-start=\"744\" data-end=\"771\">apuestas por posiciones<\/strong>, lo que hace que el sistema de apuestas sea <strong data-start=\"816\" data-end=\"832\">m\u00e1s flexible<\/strong>.<\/p>\n<p data-start=\"835\" data-end=\"991\"><strong data-start=\"835\" data-end=\"848\">M\u00f3dulo 4:<\/strong><br data-start=\"848\" data-end=\"851\" \/>Incorpora las <strong data-start=\"865\" data-end=\"889\">alianzas de apuestas<\/strong>, que permiten a los jugadores <strong data-start=\"920\" data-end=\"953\">cooperar de forma m\u00e1s abierta<\/strong> en partidas de <strong data-start=\"969\" data-end=\"990\">6 o m\u00e1s jugadores<\/strong>.<\/p>\n<p data-start=\"835\" data-end=\"991\"><a href=\"https:\/\/boardgamegeek.com\/boardgame\/172380\/camel-up-supercup\">PAGINA BGG<\/a><\/p>\n<p><iframe title=\"Camel Up - Expansi\u00f3n &quot;SuperCup&quot; - Rese\u00f1a\/aprende a jugar\" width=\"640\" height=\"360\" src=\"https:\/\/www.youtube.com\/embed\/ywh1r0yIOSY?feature=oembed\" frameborder=\"0\" allow=\"accelerometer; autoplay; clipboard-write; encrypted-media; gyroscope; picture-in-picture; web-share\" referrerpolicy=\"strict-origin-when-cross-origin\" allowfullscreen><\/iframe><\/p>\n","protected":false},"excerpt":{"rendered":"<p>Camel Up: Supercup incluye cuatro m\u00f3dulos para el juego base Camel Up. (No es compatible con la segunda edici\u00f3n de Camel Up). Descripci\u00f3n general M\u00f3dulo 1:Incluye una pista de carrera m\u00e1s larga y los nuevos dados de apoyo, lo que da lugar a partidas m\u00e1s largas y emocionantes, ya que los camellos ahora pueden moverse dos veces por etapa. Adem\u00e1s, puedes a\u00f1adir una acci\u00f3n adicional para darle a\u00fan m\u00e1s dinamismo&hellip;<\/p>\n","protected":false},"featured_media":5497,"comment_status":"open","ping_status":"closed","template":"","meta":[],"product_brand":[],"product_cat":[88,65],"product_tag":[144],"class_list":{"0":"post-5496","1":"product","2":"type-product","3":"status-publish","4":"has-post-thumbnail","6":"product_cat-familiar","7":"product_cat-party-games","8":"product_tag-expansion","10":"first","11":"instock","12":"taxable","13":"shipping-taxable","14":"purchasable","15":"product-type-simple"},"jetpack_sharing_enabled":true,"_links":{"self":[{"href":"https:\/\/veneludica.com\/index.php?rest_route=\/wp\/v2\/product\/5496","targetHints":{"allow":["GET"]}}],"collection":[{"href":"https:\/\/veneludica.com\/index.php?rest_route=\/wp\/v2\/product"}],"about":[{"href":"https:\/\/veneludica.com\/index.php?rest_route=\/wp\/v2\/types\/product"}],"replies":[{"embeddable":true,"href":"https:\/\/veneludica.com\/index.php?rest_route=%2Fwp%2Fv2%2Fcomments&post=5496"}],"version-history":[{"count":1,"href":"https:\/\/veneludica.com\/index.php?rest_route=\/wp\/v2\/product\/5496\/revisions"}],"predecessor-version":[{"id":5499,"href":"https:\/\/veneludica.com\/index.php?rest_route=\/wp\/v2\/product\/5496\/revisions\/5499"}],"wp:featuredmedia":[{"embeddable":true,"href":"https:\/\/veneludica.com\/index.php?rest_route=\/wp\/v2\/media\/5497"}],"wp:attachment":[{"href":"https:\/\/veneludica.com\/index.php?rest_route=%2Fwp%2Fv2%2Fmedia&parent=5496"}],"wp:term":[{"taxonomy":"product_brand","embeddable":true,"href":"https:\/\/veneludica.com\/index.php?rest_route=%2Fwp%2Fv2%2Fproduct_brand&post=5496"},{"taxonomy":"product_cat","embeddable":true,"href":"https:\/\/veneludica.com\/index.php?rest_route=%2Fwp%2Fv2%2Fproduct_cat&post=5496"},{"taxonomy":"product_tag","embeddable":true,"href":"https:\/\/veneludica.com\/index.php?rest_route=%2Fwp%2Fv2%2Fproduct_tag&post=5496"}],"curies":[{"name":"wp","href":"https:\/\/api.w.org\/{rel}","templated":true}]}}