{"id":5507,"date":"2026-01-07T17:30:21","date_gmt":"2026-01-07T17:30:21","guid":{"rendered":"https:\/\/veneludica.com\/?post_type=product&#038;p=5507"},"modified":"2026-01-07T17:39:15","modified_gmt":"2026-01-07T17:39:15","slug":"carcassonne-bridges-castles-bazaars","status":"publish","type":"product","link":"https:\/\/veneludica.com\/?product=carcassonne-bridges-castles-bazaars","title":{"rendered":"Carcassonne: Bridges, Castles &#038; Bazaars"},"content":{"rendered":"<p data-start=\"110\" data-end=\"295\">La <strong data-start=\"113\" data-end=\"148\">octava expansi\u00f3n de Carcassonne<\/strong>, <strong data-start=\"150\" data-end=\"180\">Br\u00fccken, Burgen und Basare<\/strong> (<em data-start=\"182\" data-end=\"225\">en ingl\u00e9s: <strong data-start=\"194\" data-end=\"224\">Bridges, Castles &amp; Bazaars<\/strong><\/em>), ofrece a los jugadores <strong data-start=\"251\" data-end=\"275\">tres nuevas opciones<\/strong> durante la partida:<\/p>\n<ul data-start=\"297\" data-end=\"833\">\n<li data-start=\"297\" data-end=\"519\">\n<p data-start=\"299\" data-end=\"519\"><strong data-start=\"299\" data-end=\"311\">Puentes:<\/strong> pueden utilizarse para <strong data-start=\"335\" data-end=\"384\">continuar un camino sobre una loseta de campo<\/strong>, permitiendo que un camino incompleto atraviese t\u00e9cnicamente una pradera. Por lo dem\u00e1s, se tratan y punt\u00faan <strong data-start=\"493\" data-end=\"518\">igual que los caminos<\/strong>.<\/p>\n<\/li>\n<li data-start=\"521\" data-end=\"712\">\n<p data-start=\"523\" data-end=\"712\"><strong data-start=\"523\" data-end=\"537\">Castillos:<\/strong> las fichas de castillo se colocan sobre <strong data-start=\"578\" data-end=\"605\">ciudades de 2 segmentos<\/strong> y permiten a los jugadores <strong data-start=\"633\" data-end=\"650\">cobrar puntos<\/strong> cuando se complete la <strong data-start=\"673\" data-end=\"711\">siguiente caracter\u00edstica adyacente<\/strong>.<\/p>\n<\/li>\n<li data-start=\"714\" data-end=\"833\">\n<p data-start=\"716\" data-end=\"833\"><strong data-start=\"716\" data-end=\"728\">Bazares:<\/strong> son un <strong data-start=\"736\" data-end=\"760\">nuevo tipo de loseta<\/strong> que permite a los jugadores <strong data-start=\"789\" data-end=\"809\">subastar losetas<\/strong> a cambio de <strong data-start=\"822\" data-end=\"832\">puntos<\/strong>.<\/p>\n<\/li>\n<\/ul>\n<p><a href=\"https:\/\/boardgamegeek.com\/boardgame\/66646\/carcassonne-expansion-8-bridges-castles-and-bazaar\">PAGINA BGG<\/a><\/p>\n<p><iframe title=\"Carcassonne Expansi\u00f3n 8: Mercados y Puentes (Bridges, Castles &amp; Bazaars) - Comentarios y C\u00f3mo Jugar\" width=\"640\" height=\"360\" src=\"https:\/\/www.youtube.com\/embed\/kJ9Q_MHqLbk?feature=oembed\" frameborder=\"0\" allow=\"accelerometer; autoplay; clipboard-write; encrypted-media; gyroscope; picture-in-picture; web-share\" referrerpolicy=\"strict-origin-when-cross-origin\" allowfullscreen><\/iframe><\/p>\n","protected":false},"excerpt":{"rendered":"<p>La octava expansi\u00f3n de Carcassonne, Br\u00fccken, Burgen und Basare (en ingl\u00e9s: Bridges, Castles &amp; Bazaars), ofrece a los jugadores tres nuevas opciones durante la partida: Puentes: pueden utilizarse para continuar un camino sobre una loseta de campo, permitiendo que un camino incompleto atraviese t\u00e9cnicamente una pradera. Por lo dem\u00e1s, se tratan y punt\u00faan igual que los caminos. Castillos: las fichas de castillo se colocan sobre ciudades de 2 segmentos y&hellip;<\/p>\n","protected":false},"featured_media":5508,"comment_status":"open","ping_status":"closed","template":"","meta":[],"product_brand":[],"product_cat":[61,141,88],"product_tag":[144],"class_list":{"0":"post-5507","1":"product","2":"type-product","3":"status-publish","4":"has-post-thumbnail","6":"product_cat-colocacion-de-trabajadores","7":"product_cat-expansion","8":"product_cat-familiar","9":"product_tag-expansion","11":"first","12":"instock","13":"taxable","14":"shipping-taxable","15":"purchasable","16":"product-type-simple"},"jetpack_sharing_enabled":true,"_links":{"self":[{"href":"https:\/\/veneludica.com\/index.php?rest_route=\/wp\/v2\/product\/5507","targetHints":{"allow":["GET"]}}],"collection":[{"href":"https:\/\/veneludica.com\/index.php?rest_route=\/wp\/v2\/product"}],"about":[{"href":"https:\/\/veneludica.com\/index.php?rest_route=\/wp\/v2\/types\/product"}],"replies":[{"embeddable":true,"href":"https:\/\/veneludica.com\/index.php?rest_route=%2Fwp%2Fv2%2Fcomments&post=5507"}],"version-history":[{"count":1,"href":"https:\/\/veneludica.com\/index.php?rest_route=\/wp\/v2\/product\/5507\/revisions"}],"predecessor-version":[{"id":5511,"href":"https:\/\/veneludica.com\/index.php?rest_route=\/wp\/v2\/product\/5507\/revisions\/5511"}],"wp:featuredmedia":[{"embeddable":true,"href":"https:\/\/veneludica.com\/index.php?rest_route=\/wp\/v2\/media\/5508"}],"wp:attachment":[{"href":"https:\/\/veneludica.com\/index.php?rest_route=%2Fwp%2Fv2%2Fmedia&parent=5507"}],"wp:term":[{"taxonomy":"product_brand","embeddable":true,"href":"https:\/\/veneludica.com\/index.php?rest_route=%2Fwp%2Fv2%2Fproduct_brand&post=5507"},{"taxonomy":"product_cat","embeddable":true,"href":"https:\/\/veneludica.com\/index.php?rest_route=%2Fwp%2Fv2%2Fproduct_cat&post=5507"},{"taxonomy":"product_tag","embeddable":true,"href":"https:\/\/veneludica.com\/index.php?rest_route=%2Fwp%2Fv2%2Fproduct_tag&post=5507"}],"curies":[{"name":"wp","href":"https:\/\/api.w.org\/{rel}","templated":true}]}}