{"id":5513,"date":"2026-01-07T17:38:32","date_gmt":"2026-01-07T17:38:32","guid":{"rendered":"https:\/\/veneludica.com\/?post_type=product&#038;p=5513"},"modified":"2026-01-07T17:38:32","modified_gmt":"2026-01-07T17:38:32","slug":"carcassonne-the-markets-of-leipzig","status":"publish","type":"product","link":"https:\/\/veneludica.com\/?product=carcassonne-the-markets-of-leipzig","title":{"rendered":"Carcassonne: The Markets of Leipzig"},"content":{"rendered":"<p data-start=\"127\" data-end=\"391\"><strong data-start=\"127\" data-end=\"165\">Carcassonne: Die M\u00e4rkte zu Leipzig<\/strong> (<em data-start=\"167\" data-end=\"205\">en alem\u00e1n, \u00abLos mercados de Leipzig\u00bb<\/em>) es una <strong data-start=\"214\" data-end=\"235\">peque\u00f1a expansi\u00f3n<\/strong> para <strong data-start=\"241\" data-end=\"256\">Carcassonne<\/strong>. Contiene <strong data-start=\"267\" data-end=\"303\">cuatro losetas dobles de paisaje<\/strong> que representan <strong data-start=\"320\" data-end=\"332\">mercados<\/strong> y solo est\u00e1 disponible con el <strong data-start=\"363\" data-end=\"390\">dise\u00f1o \u00abCarcassonne II\u00bb<\/strong>.<\/p>\n<p data-start=\"393\" data-end=\"968\">La expansi\u00f3n se lanz\u00f3 inicialmente como una <strong data-start=\"437\" data-end=\"471\">edici\u00f3n limitada de 600 copias<\/strong> en total: las <strong data-start=\"486\" data-end=\"509\">primeras 300 copias<\/strong> se vendieron en la feria <strong data-start=\"535\" data-end=\"559\">\u00abmodell hobby spiel\u00bb<\/strong> de Leipzig, del <strong data-start=\"576\" data-end=\"620\">29 de septiembre al 1 de octubre de 2017<\/strong>, y las <strong data-start=\"628\" data-end=\"648\">otras 300 copias<\/strong> en <strong data-start=\"652\" data-end=\"664\">Spiel\u201917<\/strong>, celebrada en Essen del <strong data-start=\"689\" data-end=\"720\">26 al 29 de octubre de 2017<\/strong>. Esta versi\u00f3n limitada estaba <strong data-start=\"751\" data-end=\"785\">firmada por Klaus-J\u00fcrgen Wrede<\/strong> y por el <strong data-start=\"795\" data-end=\"863\">director ejecutivo del recinto ferial de Leipzig (Messe Leipzig)<\/strong>, e inclu\u00eda <strong data-start=\"875\" data-end=\"900\">13 seguidores\/meeples<\/strong>. Posteriormente se public\u00f3 una <strong data-start=\"932\" data-end=\"967\">versi\u00f3n de distribuci\u00f3n general<\/strong>.<\/p>\n<p data-start=\"970\" data-end=\"1120\">Las reglas de la expansi\u00f3n afectan a las <strong data-start=\"1011\" data-end=\"1041\">numerosas peque\u00f1as granjas<\/strong> representadas en las losetas de <strong data-start=\"1074\" data-end=\"1119\">todas las expansiones de \u00abCarcassonne II\u00bb<\/strong>.<\/p>\n<p data-start=\"1122\" data-end=\"1216\">Adem\u00e1s, la expansi\u00f3n incluye <strong data-start=\"1151\" data-end=\"1184\">dos losetas dobles de paisaje<\/strong> para <strong data-start=\"1190\" data-end=\"1215\">Carcassonne: Amazonas<\/strong>.<\/p>\n<p data-start=\"1122\" data-end=\"1216\"><a href=\"https:\/\/boardgamegeek.com\/boardgame\/235057\/carcassonne-the-markets-of-leipzig\">PAGINA BGG<\/a><\/p>\n<p><iframe title=\"Carcassonne: Mercados y Puentes [Juego de Mesa \/ BoardGame]\" width=\"640\" height=\"360\" src=\"https:\/\/www.youtube.com\/embed\/mVnu8Dri1Y8?feature=oembed\" frameborder=\"0\" allow=\"accelerometer; autoplay; clipboard-write; encrypted-media; gyroscope; picture-in-picture; web-share\" referrerpolicy=\"strict-origin-when-cross-origin\" allowfullscreen><\/iframe><\/p>\n<p>8<\/p>\n","protected":false},"excerpt":{"rendered":"<p>Carcassonne: Die M\u00e4rkte zu Leipzig (en alem\u00e1n, \u00abLos mercados de Leipzig\u00bb) es una peque\u00f1a expansi\u00f3n para Carcassonne. Contiene cuatro losetas dobles de paisaje que representan mercados y solo est\u00e1 disponible con el dise\u00f1o \u00abCarcassonne II\u00bb. La expansi\u00f3n se lanz\u00f3 inicialmente como una edici\u00f3n limitada de 600 copias en total: las primeras 300 copias se vendieron en la feria \u00abmodell hobby spiel\u00bb de Leipzig, del 29 de septiembre al 1 de&hellip;<\/p>\n","protected":false},"featured_media":5514,"comment_status":"open","ping_status":"closed","template":"","meta":[],"product_brand":[],"product_cat":[61,141,88],"product_tag":[144],"class_list":{"0":"post-5513","1":"product","2":"type-product","3":"status-publish","4":"has-post-thumbnail","6":"product_cat-colocacion-de-trabajadores","7":"product_cat-expansion","8":"product_cat-familiar","9":"product_tag-expansion","11":"first","12":"instock","13":"taxable","14":"shipping-taxable","15":"purchasable","16":"product-type-simple"},"jetpack_sharing_enabled":true,"_links":{"self":[{"href":"https:\/\/veneludica.com\/index.php?rest_route=\/wp\/v2\/product\/5513","targetHints":{"allow":["GET"]}}],"collection":[{"href":"https:\/\/veneludica.com\/index.php?rest_route=\/wp\/v2\/product"}],"about":[{"href":"https:\/\/veneludica.com\/index.php?rest_route=\/wp\/v2\/types\/product"}],"replies":[{"embeddable":true,"href":"https:\/\/veneludica.com\/index.php?rest_route=%2Fwp%2Fv2%2Fcomments&post=5513"}],"version-history":[{"count":1,"href":"https:\/\/veneludica.com\/index.php?rest_route=\/wp\/v2\/product\/5513\/revisions"}],"predecessor-version":[{"id":5516,"href":"https:\/\/veneludica.com\/index.php?rest_route=\/wp\/v2\/product\/5513\/revisions\/5516"}],"wp:featuredmedia":[{"embeddable":true,"href":"https:\/\/veneludica.com\/index.php?rest_route=\/wp\/v2\/media\/5514"}],"wp:attachment":[{"href":"https:\/\/veneludica.com\/index.php?rest_route=%2Fwp%2Fv2%2Fmedia&parent=5513"}],"wp:term":[{"taxonomy":"product_brand","embeddable":true,"href":"https:\/\/veneludica.com\/index.php?rest_route=%2Fwp%2Fv2%2Fproduct_brand&post=5513"},{"taxonomy":"product_cat","embeddable":true,"href":"https:\/\/veneludica.com\/index.php?rest_route=%2Fwp%2Fv2%2Fproduct_cat&post=5513"},{"taxonomy":"product_tag","embeddable":true,"href":"https:\/\/veneludica.com\/index.php?rest_route=%2Fwp%2Fv2%2Fproduct_tag&post=5513"}],"curies":[{"name":"wp","href":"https:\/\/api.w.org\/{rel}","templated":true}]}}