{"id":5524,"date":"2026-01-07T17:55:58","date_gmt":"2026-01-07T17:55:58","guid":{"rendered":"https:\/\/veneludica.com\/?post_type=product&#038;p=5524"},"modified":"2026-01-07T17:55:58","modified_gmt":"2026-01-07T17:55:58","slug":"catan-dice-game-clamshell-edition","status":"publish","type":"product","link":"https:\/\/veneludica.com\/?product=catan-dice-game-clamshell-edition","title":{"rendered":"Catan Dice Game: Clamshell Edition"},"content":{"rendered":"<p data-start=\"122\" data-end=\"669\">Al igual que en los dem\u00e1s juegos de la serie <strong data-start=\"167\" data-end=\"193\">\u00abLos Colonos de Cat\u00e1n\u00bb<\/strong>, este juego gira en torno a la <strong data-start=\"225\" data-end=\"278\">construcci\u00f3n de asentamientos, caminos y ciudades<\/strong>, as\u00ed como a la <strong data-start=\"294\" data-end=\"324\">contrataci\u00f3n de caballeros<\/strong>. En esta ocasi\u00f3n, no hay un tablero sobre el que colocar figuras: cada jugador dispone de su propia <strong data-start=\"425\" data-end=\"447\">hoja de puntuaci\u00f3n<\/strong>, llamada <strong data-start=\"457\" data-end=\"481\">hoja de construcci\u00f3n<\/strong>, que representa un <strong data-start=\"501\" data-end=\"515\">mini-Cat\u00e1n<\/strong> (similar a <em data-start=\"527\" data-end=\"566\">Die Siedler von Catan: Paper &amp; Pencil<\/em>). Las construcciones se realizan <strong data-start=\"600\" data-end=\"641\">dibujando los asentamientos y caminos<\/strong> directamente en dicha hoja.<\/p>\n<p data-start=\"671\" data-end=\"1182\">Para construir, siguen siendo necesarios <strong data-start=\"712\" data-end=\"724\">recursos<\/strong>, que se obtienen mediante un mecanismo similar al del <strong data-start=\"779\" data-end=\"790\">Yahtzee<\/strong>. En cada turno se lanzan <strong data-start=\"816\" data-end=\"841\">seis dados especiales<\/strong> que muestran los distintos s\u00edmbolos de recursos, y pueden lanzarse <strong data-start=\"909\" data-end=\"929\">hasta tres veces<\/strong>. Tras cada tirada, el jugador decide <strong data-start=\"967\" data-end=\"1015\">qu\u00e9 dados conservar y cu\u00e1les volver a lanzar<\/strong>. Al finalizar, puede construir utilizando los recursos obtenidos y recibe <strong data-start=\"1090\" data-end=\"1112\">puntos de victoria<\/strong> por cada edificio completado, que se anotan en la hoja de puntuaci\u00f3n.<\/p>\n<p data-start=\"1184\" data-end=\"1325\">La partida dura <strong data-start=\"1200\" data-end=\"1217\">quince turnos<\/strong>, aproximadamente <strong data-start=\"1235\" data-end=\"1260\">entre 15 y 30 minutos<\/strong>, tras los cuales <strong data-start=\"1278\" data-end=\"1324\">gana el jugador con m\u00e1s puntos de victoria<\/strong>.<\/p>\n<p data-start=\"1184\" data-end=\"1325\"><a href=\"https:\/\/boardgamegeek.com\/boardgame\/27710\/catan-dice-game\">PAGINA BGG<\/a><\/p>\n<p><iframe title=\"Colonos de Cat\u00e1n - Juego de dados - Rese\u00f1a\/aprende a jugar\" width=\"640\" height=\"360\" src=\"https:\/\/www.youtube.com\/embed\/TICRSI8NDtE?feature=oembed\" frameborder=\"0\" allow=\"accelerometer; autoplay; clipboard-write; encrypted-media; gyroscope; picture-in-picture; web-share\" referrerpolicy=\"strict-origin-when-cross-origin\" allowfullscreen><\/iframe><\/p>\n","protected":false},"excerpt":{"rendered":"<p>Al igual que en los dem\u00e1s juegos de la serie \u00abLos Colonos de Cat\u00e1n\u00bb, este juego gira en torno a la construcci\u00f3n de asentamientos, caminos y ciudades, as\u00ed como a la contrataci\u00f3n de caballeros. En esta ocasi\u00f3n, no hay un tablero sobre el que colocar figuras: cada jugador dispone de su propia hoja de puntuaci\u00f3n, llamada hoja de construcci\u00f3n, que representa un mini-Cat\u00e1n (similar a Die Siedler von Catan: Paper&hellip;<\/p>\n","protected":false},"featured_media":5525,"comment_status":"open","ping_status":"closed","template":"","meta":[],"product_brand":[],"product_cat":[88],"product_tag":[93],"class_list":{"0":"post-5524","1":"product","2":"type-product","3":"status-publish","4":"has-post-thumbnail","6":"product_cat-familiar","7":"product_tag-dados","9":"first","10":"instock","11":"taxable","12":"shipping-taxable","13":"purchasable","14":"product-type-simple"},"jetpack_sharing_enabled":true,"_links":{"self":[{"href":"https:\/\/veneludica.com\/index.php?rest_route=\/wp\/v2\/product\/5524","targetHints":{"allow":["GET"]}}],"collection":[{"href":"https:\/\/veneludica.com\/index.php?rest_route=\/wp\/v2\/product"}],"about":[{"href":"https:\/\/veneludica.com\/index.php?rest_route=\/wp\/v2\/types\/product"}],"replies":[{"embeddable":true,"href":"https:\/\/veneludica.com\/index.php?rest_route=%2Fwp%2Fv2%2Fcomments&post=5524"}],"version-history":[{"count":1,"href":"https:\/\/veneludica.com\/index.php?rest_route=\/wp\/v2\/product\/5524\/revisions"}],"predecessor-version":[{"id":5527,"href":"https:\/\/veneludica.com\/index.php?rest_route=\/wp\/v2\/product\/5524\/revisions\/5527"}],"wp:featuredmedia":[{"embeddable":true,"href":"https:\/\/veneludica.com\/index.php?rest_route=\/wp\/v2\/media\/5525"}],"wp:attachment":[{"href":"https:\/\/veneludica.com\/index.php?rest_route=%2Fwp%2Fv2%2Fmedia&parent=5524"}],"wp:term":[{"taxonomy":"product_brand","embeddable":true,"href":"https:\/\/veneludica.com\/index.php?rest_route=%2Fwp%2Fv2%2Fproduct_brand&post=5524"},{"taxonomy":"product_cat","embeddable":true,"href":"https:\/\/veneludica.com\/index.php?rest_route=%2Fwp%2Fv2%2Fproduct_cat&post=5524"},{"taxonomy":"product_tag","embeddable":true,"href":"https:\/\/veneludica.com\/index.php?rest_route=%2Fwp%2Fv2%2Fproduct_tag&post=5524"}],"curies":[{"name":"wp","href":"https:\/\/api.w.org\/{rel}","templated":true}]}}