{"id":5532,"date":"2026-01-07T19:49:48","date_gmt":"2026-01-07T19:49:48","guid":{"rendered":"https:\/\/veneludica.com\/?post_type=product&#038;p=5532"},"modified":"2026-01-07T19:50:13","modified_gmt":"2026-01-07T19:50:13","slug":"catan-scenario-the-helpers","status":"publish","type":"product","link":"https:\/\/veneludica.com\/?product=catan-scenario-the-helpers","title":{"rendered":"Catan Scenario: The Helpers"},"content":{"rendered":"<p data-start=\"112\" data-end=\"374\">\u00a1Conoce a tus <strong data-start=\"126\" data-end=\"151\">nuevos mejores amigos<\/strong> en la isla de <strong data-start=\"166\" data-end=\"175\">Cat\u00e1n<\/strong>!<br data-start=\"176\" data-end=\"179\" \/>Estos <strong data-start=\"185\" data-end=\"214\">12 personajes serviciales<\/strong> comparten generosamente sus <strong data-start=\"243\" data-end=\"272\">habilidades y experiencia<\/strong> para ayudarte a desarrollar tus <strong data-start=\"305\" data-end=\"328\">j\u00f3venes comunidades<\/strong> hasta convertirlas en <strong data-start=\"351\" data-end=\"373\" data-is-only-node=\"\">ciudades pr\u00f3speras<\/strong>.<\/p>\n<p data-start=\"376\" data-end=\"520\">Ya sea para <strong data-start=\"388\" data-end=\"410\">protegerte de un 7<\/strong>, <strong data-start=\"412\" data-end=\"431\">mover un camino<\/strong> o <strong data-start=\"434\" data-end=\"457\">ahuyentar al ladr\u00f3n<\/strong>, <strong data-start=\"459\" data-end=\"476\">Los Ayudantes<\/strong> siempre est\u00e1n listos para echarte una mano.<\/p>\n<p data-start=\"522\" data-end=\"692\">Con <strong data-start=\"526\" data-end=\"564\">dos nuevas habilidades de ayudante<\/strong> y <strong data-start=\"567\" data-end=\"602\">personajes completamente nuevos<\/strong>, este <strong data-start=\"609\" data-end=\"645\">escenario actualizado para CATAN<\/strong> a\u00f1ade <strong data-start=\"652\" data-end=\"676\">m\u00e1s sabor y variedad<\/strong> a tus partidas.<\/p>\n<p data-start=\"522\" data-end=\"692\"><a href=\"https:\/\/boardgamegeek.com\/boardgame\/367791\/catan-the-helpers\">PAGINA BGG<\/a><\/p>\n<p><iframe title=\"Catan The Helpers | Inside #731\" width=\"640\" height=\"360\" src=\"https:\/\/www.youtube.com\/embed\/WuhF4F1xfG0?feature=oembed\" frameborder=\"0\" allow=\"accelerometer; autoplay; clipboard-write; encrypted-media; gyroscope; picture-in-picture; web-share\" referrerpolicy=\"strict-origin-when-cross-origin\" allowfullscreen><\/iframe><\/p>\n","protected":false},"excerpt":{"rendered":"<p>\u00a1Conoce a tus nuevos mejores amigos en la isla de Cat\u00e1n!Estos 12 personajes serviciales comparten generosamente sus habilidades y experiencia para ayudarte a desarrollar tus j\u00f3venes comunidades hasta convertirlas en ciudades pr\u00f3speras. Ya sea para protegerte de un 7, mover un camino o ahuyentar al ladr\u00f3n, Los Ayudantes siempre est\u00e1n listos para echarte una mano. Con dos nuevas habilidades de ayudante y personajes completamente nuevos, este escenario actualizado para CATAN&hellip;<\/p>\n","protected":false},"featured_media":5534,"comment_status":"open","ping_status":"closed","template":"","meta":[],"product_brand":[],"product_cat":[88],"product_tag":[155,183],"class_list":{"0":"post-5532","1":"product","2":"type-product","3":"status-publish","4":"has-post-thumbnail","6":"product_cat-familiar","7":"product_tag-cartas","8":"product_tag-escenario","10":"first","11":"instock","12":"taxable","13":"shipping-taxable","14":"purchasable","15":"product-type-simple"},"jetpack_sharing_enabled":true,"_links":{"self":[{"href":"https:\/\/veneludica.com\/index.php?rest_route=\/wp\/v2\/product\/5532","targetHints":{"allow":["GET"]}}],"collection":[{"href":"https:\/\/veneludica.com\/index.php?rest_route=\/wp\/v2\/product"}],"about":[{"href":"https:\/\/veneludica.com\/index.php?rest_route=\/wp\/v2\/types\/product"}],"replies":[{"embeddable":true,"href":"https:\/\/veneludica.com\/index.php?rest_route=%2Fwp%2Fv2%2Fcomments&post=5532"}],"version-history":[{"count":1,"href":"https:\/\/veneludica.com\/index.php?rest_route=\/wp\/v2\/product\/5532\/revisions"}],"predecessor-version":[{"id":5536,"href":"https:\/\/veneludica.com\/index.php?rest_route=\/wp\/v2\/product\/5532\/revisions\/5536"}],"wp:featuredmedia":[{"embeddable":true,"href":"https:\/\/veneludica.com\/index.php?rest_route=\/wp\/v2\/media\/5534"}],"wp:attachment":[{"href":"https:\/\/veneludica.com\/index.php?rest_route=%2Fwp%2Fv2%2Fmedia&parent=5532"}],"wp:term":[{"taxonomy":"product_brand","embeddable":true,"href":"https:\/\/veneludica.com\/index.php?rest_route=%2Fwp%2Fv2%2Fproduct_brand&post=5532"},{"taxonomy":"product_cat","embeddable":true,"href":"https:\/\/veneludica.com\/index.php?rest_route=%2Fwp%2Fv2%2Fproduct_cat&post=5532"},{"taxonomy":"product_tag","embeddable":true,"href":"https:\/\/veneludica.com\/index.php?rest_route=%2Fwp%2Fv2%2Fproduct_tag&post=5532"}],"curies":[{"name":"wp","href":"https:\/\/api.w.org\/{rel}","templated":true}]}}