{"id":5537,"date":"2026-01-07T20:22:42","date_gmt":"2026-01-07T20:22:42","guid":{"rendered":"https:\/\/veneludica.com\/?post_type=product&#038;p=5537"},"modified":"2026-01-07T20:22:42","modified_gmt":"2026-01-07T20:22:42","slug":"chakra","status":"publish","type":"product","link":"https:\/\/veneludica.com\/?product=chakra","title":{"rendered":"Chakra"},"content":{"rendered":"<p data-start=\"114\" data-end=\"366\">Respira profundamente\u2026 deja que <strong data-start=\"146\" data-end=\"176\">el susurro del pensamiento<\/strong> llegue a tu o\u00eddo\u2026 armoniza tus <strong data-start=\"208\" data-end=\"219\">chakras<\/strong> y <strong data-start=\"222\" data-end=\"234\">lib\u00e9rate<\/strong> para que las energ\u00edas negativas desaparezcan. <strong data-start=\"281\" data-end=\"308\">Medita en tu estrategia<\/strong> y deja que tus sentimientos te gu\u00eden hacia la victoria.<\/p>\n<p data-start=\"368\" data-end=\"696\">En <strong data-start=\"371\" data-end=\"381\">Chakra<\/strong>, cada jugador tiene un <strong data-start=\"405\" data-end=\"427\">tablero individual<\/strong> que muestra los <strong data-start=\"444\" data-end=\"461\">siete chakras<\/strong> que debe llenar con <strong data-start=\"482\" data-end=\"491\">gemas<\/strong>, representando la energ\u00eda que fluye en su cuerpo. Para <strong data-start=\"547\" data-end=\"558\">puntuar<\/strong>, un jugador debe <strong data-start=\"576\" data-end=\"628\">armonizar cada chakra de la mejor manera posible<\/strong>: colocar <strong data-start=\"638\" data-end=\"678\">tres gemas del color correspondiente<\/strong> en cada chakra.<\/p>\n<p data-start=\"698\" data-end=\"836\">Durante su turno, cada jugador (que comienza con varios <strong data-start=\"754\" data-end=\"779\">fichas de inspiraci\u00f3n<\/strong>) puede elegir <strong data-start=\"794\" data-end=\"833\">una de las tres acciones siguientes<\/strong>:<\/p>\n<ol data-start=\"838\" data-end=\"1426\">\n<li data-start=\"838\" data-end=\"995\">\n<p data-start=\"841\" data-end=\"995\"><strong data-start=\"841\" data-end=\"867\">Tomar hasta tres gemas<\/strong> de una columna y colocarlas en su tablero individual \u2014 o, gastando una ficha, colocarlas en una <strong data-start=\"964\" data-end=\"992\">posici\u00f3n m\u00e1s estrat\u00e9gica<\/strong>.<\/p>\n<\/li>\n<li data-start=\"996\" data-end=\"1225\">\n<p data-start=\"999\" data-end=\"1225\"><strong data-start=\"999\" data-end=\"1019\">Gastar una ficha<\/strong> para usar <strong data-start=\"1030\" data-end=\"1070\">una de las ocho acciones disponibles<\/strong>; mover gemas <strong data-start=\"1084\" data-end=\"1108\">hacia arriba o abajo<\/strong> seg\u00fan el n\u00famero de espacios de chakra indicado en la acci\u00f3n es la clave para alcanzar una <strong data-start=\"1199\" data-end=\"1222\">alineaci\u00f3n perfecta<\/strong>.<\/p>\n<\/li>\n<li data-start=\"1226\" data-end=\"1426\">\n<p data-start=\"1229\" data-end=\"1426\"><strong data-start=\"1229\" data-end=\"1240\">Meditar<\/strong> para <strong data-start=\"1246\" data-end=\"1284\">recuperar una ficha de inspiraci\u00f3n<\/strong> y mirar en secreto el <strong data-start=\"1307\" data-end=\"1326\">valor de puntos<\/strong>, com\u00fan para todos los jugadores, que otorgar\u00e1 un <strong data-start=\"1376\" data-end=\"1397\">chakra armonizado<\/strong> (3 gemas del mismo color).<\/p>\n<\/li>\n<\/ol>\n<p data-start=\"1428\" data-end=\"1559\">Cuando un jugador logra <strong data-start=\"1452\" data-end=\"1484\">alinear cinco de sus chakras<\/strong>, se juega el <strong data-start=\"1498\" data-end=\"1514\">\u00faltimo turno<\/strong> antes de realizar la <strong data-start=\"1536\" data-end=\"1556\">puntuaci\u00f3n final<\/strong>.<\/p>\n<p data-start=\"1428\" data-end=\"1559\"><a href=\"https:\/\/boardgamegeek.com\/boardgame\/267378\/chakra\">PAGINA BGG<\/a><\/p>\n<p><iframe title=\"C\u00f3mo se juega a Chakra\" width=\"640\" height=\"360\" src=\"https:\/\/www.youtube.com\/embed\/wT_3Khj9d1s?feature=oembed\" frameborder=\"0\" allow=\"accelerometer; autoplay; clipboard-write; encrypted-media; gyroscope; picture-in-picture; web-share\" referrerpolicy=\"strict-origin-when-cross-origin\" allowfullscreen><\/iframe><\/p>\n","protected":false},"excerpt":{"rendered":"<p>Respira profundamente\u2026 deja que el susurro del pensamiento llegue a tu o\u00eddo\u2026 armoniza tus chakras y lib\u00e9rate para que las energ\u00edas negativas desaparezcan. Medita en tu estrategia y deja que tus sentimientos te gu\u00eden hacia la victoria. En Chakra, cada jugador tiene un tablero individual que muestra los siete chakras que debe llenar con gemas, representando la energ\u00eda que fluye en su cuerpo. Para puntuar, un jugador debe armonizar cada&hellip;<\/p>\n","protected":false},"featured_media":5539,"comment_status":"open","ping_status":"closed","template":"","meta":[],"product_brand":[],"product_cat":[66,88],"product_tag":[],"class_list":{"0":"post-5537","1":"product","2":"type-product","3":"status-publish","4":"has-post-thumbnail","6":"product_cat-abstractos","7":"product_cat-familiar","9":"first","10":"instock","11":"taxable","12":"shipping-taxable","13":"purchasable","14":"product-type-simple"},"jetpack_sharing_enabled":true,"_links":{"self":[{"href":"https:\/\/veneludica.com\/index.php?rest_route=\/wp\/v2\/product\/5537","targetHints":{"allow":["GET"]}}],"collection":[{"href":"https:\/\/veneludica.com\/index.php?rest_route=\/wp\/v2\/product"}],"about":[{"href":"https:\/\/veneludica.com\/index.php?rest_route=\/wp\/v2\/types\/product"}],"replies":[{"embeddable":true,"href":"https:\/\/veneludica.com\/index.php?rest_route=%2Fwp%2Fv2%2Fcomments&post=5537"}],"version-history":[{"count":1,"href":"https:\/\/veneludica.com\/index.php?rest_route=\/wp\/v2\/product\/5537\/revisions"}],"predecessor-version":[{"id":5542,"href":"https:\/\/veneludica.com\/index.php?rest_route=\/wp\/v2\/product\/5537\/revisions\/5542"}],"wp:featuredmedia":[{"embeddable":true,"href":"https:\/\/veneludica.com\/index.php?rest_route=\/wp\/v2\/media\/5539"}],"wp:attachment":[{"href":"https:\/\/veneludica.com\/index.php?rest_route=%2Fwp%2Fv2%2Fmedia&parent=5537"}],"wp:term":[{"taxonomy":"product_brand","embeddable":true,"href":"https:\/\/veneludica.com\/index.php?rest_route=%2Fwp%2Fv2%2Fproduct_brand&post=5537"},{"taxonomy":"product_cat","embeddable":true,"href":"https:\/\/veneludica.com\/index.php?rest_route=%2Fwp%2Fv2%2Fproduct_cat&post=5537"},{"taxonomy":"product_tag","embeddable":true,"href":"https:\/\/veneludica.com\/index.php?rest_route=%2Fwp%2Fv2%2Fproduct_tag&post=5537"}],"curies":[{"name":"wp","href":"https:\/\/api.w.org\/{rel}","templated":true}]}}