{"id":5546,"date":"2026-01-07T21:27:28","date_gmt":"2026-01-07T21:27:28","guid":{"rendered":"https:\/\/veneludica.com\/?post_type=product&#038;p=5546"},"modified":"2026-01-08T22:29:02","modified_gmt":"2026-01-08T22:29:02","slug":"cheers","status":"publish","type":"product","link":"https:\/\/veneludica.com\/?product=cheers","title":{"rendered":"Cheers"},"content":{"rendered":"<p data-start=\"100\" data-end=\"211\"><strong data-start=\"100\" data-end=\"110\">CHEERS<\/strong> es un juego de mesa <strong data-start=\"131\" data-end=\"141\">ligero<\/strong> que combina <strong data-start=\"154\" data-end=\"208\">trabajo en equipo, pensamiento l\u00f3gico y estrategia<\/strong>.<\/p>\n<p data-start=\"213\" data-end=\"591\">Durante la partida, todos los jugadores interpretan a un <strong data-start=\"270\" data-end=\"282\">mix\u00f3logo<\/strong> y deben <strong data-start=\"291\" data-end=\"317\">cooperar con su equipo<\/strong> para reunir la <strong data-start=\"333\" data-end=\"352\">f\u00f3rmula secreta<\/strong> antes que los dem\u00e1s y as\u00ed reclamar la victoria. Sin embargo, algunos licores podr\u00edan <strong data-start=\"438\" data-end=\"453\">\u201cCHIN CHIN\u201d<\/strong> al jugarse, poniendo a prueba la <strong data-start=\"487\" data-end=\"517\">habilidad de los jugadores<\/strong> para <strong data-start=\"523\" data-end=\"557\">hacer que los licores triunfen<\/strong> o <strong data-start=\"560\" data-end=\"588\">entorpecer a los rivales<\/strong>.<\/p>\n<p data-start=\"593\" data-end=\"737\">Adem\u00e1s, el juego se puede disfrutar en <strong data-start=\"632\" data-end=\"657\">tres modos diferentes<\/strong>, ofreciendo <strong data-start=\"670\" data-end=\"700\">varias experiencias CHEERS<\/strong> que los jugadores pueden explorar.<\/p>\n<p data-start=\"593\" data-end=\"737\"><a href=\"https:\/\/boardgamegeek.com\/boardgame\/204142\/cheers\">PAGINA BGG<\/a><\/p>\n<p><iframe title=\"Cheers Review - with Tom Vasel\" width=\"640\" height=\"360\" src=\"https:\/\/www.youtube.com\/embed\/82mVX79c8eo?feature=oembed\" frameborder=\"0\" allow=\"accelerometer; autoplay; clipboard-write; encrypted-media; gyroscope; picture-in-picture; web-share\" referrerpolicy=\"strict-origin-when-cross-origin\" allowfullscreen><\/iframe><\/p>\n","protected":false},"excerpt":{"rendered":"<p>CHEERS es un juego de mesa ligero que combina trabajo en equipo, pensamiento l\u00f3gico y estrategia. Durante la partida, todos los jugadores interpretan a un mix\u00f3logo y deben cooperar con su equipo para reunir la f\u00f3rmula secreta antes que los dem\u00e1s y as\u00ed reclamar la victoria. Sin embargo, algunos licores podr\u00edan \u201cCHIN CHIN\u201d al jugarse, poniendo a prueba la habilidad de los jugadores para hacer que los licores triunfen o&hellip;<\/p>\n","protected":false},"featured_media":5547,"comment_status":"open","ping_status":"closed","template":"","meta":[],"product_brand":[],"product_cat":[65],"product_tag":[155],"class_list":{"0":"post-5546","1":"product","2":"type-product","3":"status-publish","4":"has-post-thumbnail","6":"product_cat-party-games","7":"product_tag-cartas","9":"first","10":"instock","11":"taxable","12":"shipping-taxable","13":"purchasable","14":"product-type-simple"},"jetpack_sharing_enabled":true,"_links":{"self":[{"href":"https:\/\/veneludica.com\/index.php?rest_route=\/wp\/v2\/product\/5546","targetHints":{"allow":["GET"]}}],"collection":[{"href":"https:\/\/veneludica.com\/index.php?rest_route=\/wp\/v2\/product"}],"about":[{"href":"https:\/\/veneludica.com\/index.php?rest_route=\/wp\/v2\/types\/product"}],"replies":[{"embeddable":true,"href":"https:\/\/veneludica.com\/index.php?rest_route=%2Fwp%2Fv2%2Fcomments&post=5546"}],"version-history":[{"count":1,"href":"https:\/\/veneludica.com\/index.php?rest_route=\/wp\/v2\/product\/5546\/revisions"}],"predecessor-version":[{"id":5549,"href":"https:\/\/veneludica.com\/index.php?rest_route=\/wp\/v2\/product\/5546\/revisions\/5549"}],"wp:featuredmedia":[{"embeddable":true,"href":"https:\/\/veneludica.com\/index.php?rest_route=\/wp\/v2\/media\/5547"}],"wp:attachment":[{"href":"https:\/\/veneludica.com\/index.php?rest_route=%2Fwp%2Fv2%2Fmedia&parent=5546"}],"wp:term":[{"taxonomy":"product_brand","embeddable":true,"href":"https:\/\/veneludica.com\/index.php?rest_route=%2Fwp%2Fv2%2Fproduct_brand&post=5546"},{"taxonomy":"product_cat","embeddable":true,"href":"https:\/\/veneludica.com\/index.php?rest_route=%2Fwp%2Fv2%2Fproduct_cat&post=5546"},{"taxonomy":"product_tag","embeddable":true,"href":"https:\/\/veneludica.com\/index.php?rest_route=%2Fwp%2Fv2%2Fproduct_tag&post=5546"}],"curies":[{"name":"wp","href":"https:\/\/api.w.org\/{rel}","templated":true}]}}