{"id":5551,"date":"2026-01-07T21:34:27","date_gmt":"2026-01-07T21:34:27","guid":{"rendered":"https:\/\/veneludica.com\/?post_type=product&#038;p=5551"},"modified":"2026-01-07T21:34:28","modified_gmt":"2026-01-07T21:34:28","slug":"chez-geek","status":"publish","type":"product","link":"https:\/\/veneludica.com\/?product=chez-geek","title":{"rendered":"Chez Geek"},"content":{"rendered":"<p data-start=\"124\" data-end=\"349\">En este <strong data-start=\"132\" data-end=\"180\">juego de cartas ligero, humor\u00edstico y r\u00e1pido<\/strong> que parodia la <strong data-start=\"196\" data-end=\"229\">cultura geek y la convivencia<\/strong>, los jugadores son <strong data-start=\"249\" data-end=\"271\">compa\u00f1eros de piso<\/strong> que solo intentan <strong data-start=\"290\" data-end=\"346\">sobrevivir en la vida con el m\u00ednimo esfuerzo posible<\/strong>.<\/p>\n<p data-start=\"367\" data-end=\"840\">A cada jugador se le reparte una <strong data-start=\"400\" data-end=\"420\">carta de Trabajo<\/strong>, que indica su <strong data-start=\"436\" data-end=\"452\">tiempo libre<\/strong>, <strong data-start=\"454\" data-end=\"466\">ingresos<\/strong>, una <strong data-start=\"472\" data-end=\"494\">habilidad especial<\/strong> y su <strong data-start=\"500\" data-end=\"521\">objetivo de Slack<\/strong>. Adem\u00e1s, se reparten <strong data-start=\"543\" data-end=\"567\">cinco cartas de Vida<\/strong> a cada jugador.<br data-start=\"583\" data-end=\"586\" \/>El espacio <strong data-start=\"597\" data-end=\"622\">frente a cada jugador<\/strong> es su <strong data-start=\"629\" data-end=\"643\">Habitaci\u00f3n<\/strong>, donde se jugar\u00e1n las cartas durante la partida. El <strong data-start=\"696\" data-end=\"705\">Slack<\/strong> puede representarse con cualquier ficha o marcador disponible, pero <strong data-start=\"774\" data-end=\"837\" data-is-only-node=\"\">todos los jugadores comienzan con un total de Slack de cero<\/strong>.<\/p>\n<p data-start=\"3429\" data-end=\"3535\">El primer jugador cuyo <strong data-start=\"3452\" data-end=\"3514\">total de Slack sea igual o superior a su objetivo de Slack<\/strong> es el <strong data-start=\"3521\" data-end=\"3532\">ganador<\/strong>.<\/p>\n<p data-start=\"3429\" data-end=\"3535\"><a href=\"https:\/\/boardgamegeek.com\/boardgame\/553\/chez-geek\">PAGINA BGG<\/a><\/p>\n<p><iframe title=\"Chez Geek - Juego de mesa - Rese\u00f1a\/aprende a jugar\" width=\"640\" height=\"360\" src=\"https:\/\/www.youtube.com\/embed\/pVFTJjEQR5g?feature=oembed\" frameborder=\"0\" allow=\"accelerometer; autoplay; clipboard-write; encrypted-media; gyroscope; picture-in-picture; web-share\" referrerpolicy=\"strict-origin-when-cross-origin\" allowfullscreen><\/iframe><\/p>\n<p data-start=\"3429\" data-end=\"3535\">\n<h3 data-start=\"842\" data-end=\"870\"><\/h3>\n","protected":false},"excerpt":{"rendered":"<p>En este juego de cartas ligero, humor\u00edstico y r\u00e1pido que parodia la cultura geek y la convivencia, los jugadores son compa\u00f1eros de piso que solo intentan sobrevivir en la vida con el m\u00ednimo esfuerzo posible. A cada jugador se le reparte una carta de Trabajo, que indica su tiempo libre, ingresos, una habilidad especial y su objetivo de Slack. Adem\u00e1s, se reparten cinco cartas de Vida a cada jugador.El espacio&hellip;<\/p>\n","protected":false},"featured_media":5552,"comment_status":"open","ping_status":"closed","template":"","meta":[],"product_brand":[],"product_cat":[65],"product_tag":[188],"class_list":{"0":"post-5551","1":"product","2":"type-product","3":"status-publish","4":"has-post-thumbnail","6":"product_cat-party-games","7":"product_tag-tematico","9":"first","10":"instock","11":"taxable","12":"shipping-taxable","13":"purchasable","14":"product-type-simple"},"jetpack_sharing_enabled":true,"_links":{"self":[{"href":"https:\/\/veneludica.com\/index.php?rest_route=\/wp\/v2\/product\/5551","targetHints":{"allow":["GET"]}}],"collection":[{"href":"https:\/\/veneludica.com\/index.php?rest_route=\/wp\/v2\/product"}],"about":[{"href":"https:\/\/veneludica.com\/index.php?rest_route=\/wp\/v2\/types\/product"}],"replies":[{"embeddable":true,"href":"https:\/\/veneludica.com\/index.php?rest_route=%2Fwp%2Fv2%2Fcomments&post=5551"}],"version-history":[{"count":1,"href":"https:\/\/veneludica.com\/index.php?rest_route=\/wp\/v2\/product\/5551\/revisions"}],"predecessor-version":[{"id":5555,"href":"https:\/\/veneludica.com\/index.php?rest_route=\/wp\/v2\/product\/5551\/revisions\/5555"}],"wp:featuredmedia":[{"embeddable":true,"href":"https:\/\/veneludica.com\/index.php?rest_route=\/wp\/v2\/media\/5552"}],"wp:attachment":[{"href":"https:\/\/veneludica.com\/index.php?rest_route=%2Fwp%2Fv2%2Fmedia&parent=5551"}],"wp:term":[{"taxonomy":"product_brand","embeddable":true,"href":"https:\/\/veneludica.com\/index.php?rest_route=%2Fwp%2Fv2%2Fproduct_brand&post=5551"},{"taxonomy":"product_cat","embeddable":true,"href":"https:\/\/veneludica.com\/index.php?rest_route=%2Fwp%2Fv2%2Fproduct_cat&post=5551"},{"taxonomy":"product_tag","embeddable":true,"href":"https:\/\/veneludica.com\/index.php?rest_route=%2Fwp%2Fv2%2Fproduct_tag&post=5551"}],"curies":[{"name":"wp","href":"https:\/\/api.w.org\/{rel}","templated":true}]}}