{"id":5561,"date":"2026-01-07T21:47:19","date_gmt":"2026-01-07T21:47:19","guid":{"rendered":"https:\/\/veneludica.com\/?post_type=product&#038;p=5561"},"modified":"2026-01-07T21:52:20","modified_gmt":"2026-01-07T21:52:20","slug":"city-of-spies-double-agent","status":"publish","type":"product","link":"https:\/\/veneludica.com\/?product=city-of-spies-double-agent","title":{"rendered":"City of Spies: Double Agent"},"content":{"rendered":"<p data-start=\"101\" data-end=\"317\">Nuevos <strong data-start=\"108\" data-end=\"118\">esp\u00edas<\/strong> llegan a la ciudad, \u00a1y con ellos, nuevas habilidades! Adem\u00e1s de <strong data-start=\"183\" data-end=\"194\">Estoril<\/strong>, los jugadores tambi\u00e9n competir\u00e1n en <strong data-start=\"232\" data-end=\"242\">Lisboa<\/strong>, donde descubrir\u00e1n nuevas formas de <strong data-start=\"279\" data-end=\"314\">crear la mejor red de espionaje<\/strong>.<\/p>\n<p data-start=\"319\" data-end=\"376\"><strong data-start=\"319\" data-end=\"350\">City of Spies: Agente Doble<\/strong> ofrece a los jugadores:<\/p>\n<ul data-start=\"378\" data-end=\"710\">\n<li data-start=\"378\" data-end=\"429\">\n<p data-start=\"380\" data-end=\"429\">La <strong data-start=\"383\" data-end=\"426\">posibilidad de a\u00f1adir un quinto jugador<\/strong>.<\/p>\n<\/li>\n<li data-start=\"430\" data-end=\"493\">\n<p data-start=\"432\" data-end=\"493\"><strong data-start=\"432\" data-end=\"455\">7 nuevos personajes<\/strong> con una <strong data-start=\"464\" data-end=\"490\">nacionalidad diferente<\/strong>.<\/p>\n<\/li>\n<li data-start=\"494\" data-end=\"585\">\n<p data-start=\"496\" data-end=\"585\">Una fant\u00e1stica <strong data-start=\"511\" data-end=\"544\">nueva habilidad: Agente Doble<\/strong>, que permitir\u00e1 <strong data-start=\"560\" data-end=\"582\">nuevas estrategias<\/strong>.<\/p>\n<\/li>\n<li data-start=\"586\" data-end=\"621\">\n<p data-start=\"588\" data-end=\"621\"><strong data-start=\"588\" data-end=\"618\">2 nuevas losetas de misi\u00f3n<\/strong>.<\/p>\n<\/li>\n<li data-start=\"622\" data-end=\"710\">\n<p data-start=\"624\" data-end=\"710\"><strong data-start=\"624\" data-end=\"661\">2 nuevos tableros de localizaci\u00f3n<\/strong> (<strong data-start=\"663\" data-end=\"673\">Lisboa<\/strong>) con <strong data-start=\"679\" data-end=\"707\">nuevas reglas especiales<\/strong>.<\/p>\n<\/li>\n<\/ul>\n<p><a href=\"https:\/\/boardgamegeek.com\/boardgameexpansion\/220095\/city-of-spies-double-agent\">PAGINA BGG<\/a><\/p>\n<p><iframe title=\"City of Spies &amp; City of Spies Double Agent Dicey Walkthrough!\" width=\"640\" height=\"360\" src=\"https:\/\/www.youtube.com\/embed\/fssVGDG3ZXI?feature=oembed\" frameborder=\"0\" allow=\"accelerometer; autoplay; clipboard-write; encrypted-media; gyroscope; picture-in-picture; web-share\" referrerpolicy=\"strict-origin-when-cross-origin\" allowfullscreen><\/iframe><\/p>\n","protected":false},"excerpt":{"rendered":"<p>Nuevos esp\u00edas llegan a la ciudad, \u00a1y con ellos, nuevas habilidades! Adem\u00e1s de Estoril, los jugadores tambi\u00e9n competir\u00e1n en Lisboa, donde descubrir\u00e1n nuevas formas de crear la mejor red de espionaje. City of Spies: Agente Doble ofrece a los jugadores: La posibilidad de a\u00f1adir un quinto jugador. 7 nuevos personajes con una nacionalidad diferente. Una fant\u00e1stica nueva habilidad: Agente Doble, que permitir\u00e1 nuevas estrategias. 2 nuevas losetas de misi\u00f3n. 2&hellip;<\/p>\n","protected":false},"featured_media":5563,"comment_status":"open","ping_status":"closed","template":"","meta":[],"product_brand":[],"product_cat":[84,141],"product_tag":[144],"class_list":{"0":"post-5561","1":"product","2":"type-product","3":"status-publish","4":"has-post-thumbnail","6":"product_cat-estrategia","7":"product_cat-expansion","8":"product_tag-expansion","10":"first","11":"instock","12":"taxable","13":"shipping-taxable","14":"purchasable","15":"product-type-simple"},"jetpack_sharing_enabled":true,"_links":{"self":[{"href":"https:\/\/veneludica.com\/index.php?rest_route=\/wp\/v2\/product\/5561","targetHints":{"allow":["GET"]}}],"collection":[{"href":"https:\/\/veneludica.com\/index.php?rest_route=\/wp\/v2\/product"}],"about":[{"href":"https:\/\/veneludica.com\/index.php?rest_route=\/wp\/v2\/types\/product"}],"replies":[{"embeddable":true,"href":"https:\/\/veneludica.com\/index.php?rest_route=%2Fwp%2Fv2%2Fcomments&post=5561"}],"version-history":[{"count":1,"href":"https:\/\/veneludica.com\/index.php?rest_route=\/wp\/v2\/product\/5561\/revisions"}],"predecessor-version":[{"id":5565,"href":"https:\/\/veneludica.com\/index.php?rest_route=\/wp\/v2\/product\/5561\/revisions\/5565"}],"wp:featuredmedia":[{"embeddable":true,"href":"https:\/\/veneludica.com\/index.php?rest_route=\/wp\/v2\/media\/5563"}],"wp:attachment":[{"href":"https:\/\/veneludica.com\/index.php?rest_route=%2Fwp%2Fv2%2Fmedia&parent=5561"}],"wp:term":[{"taxonomy":"product_brand","embeddable":true,"href":"https:\/\/veneludica.com\/index.php?rest_route=%2Fwp%2Fv2%2Fproduct_brand&post=5561"},{"taxonomy":"product_cat","embeddable":true,"href":"https:\/\/veneludica.com\/index.php?rest_route=%2Fwp%2Fv2%2Fproduct_cat&post=5561"},{"taxonomy":"product_tag","embeddable":true,"href":"https:\/\/veneludica.com\/index.php?rest_route=%2Fwp%2Fv2%2Fproduct_tag&post=5561"}],"curies":[{"name":"wp","href":"https:\/\/api.w.org\/{rel}","templated":true}]}}