{"id":5566,"date":"2026-01-07T21:51:25","date_gmt":"2026-01-07T21:51:25","guid":{"rendered":"https:\/\/veneludica.com\/?post_type=product&#038;p=5566"},"modified":"2026-01-07T21:51:25","modified_gmt":"2026-01-07T21:51:25","slug":"city-of-spies-estoril-1942","status":"publish","type":"product","link":"https:\/\/veneludica.com\/?product=city-of-spies-estoril-1942","title":{"rendered":"City of Spies: Estoril 1942"},"content":{"rendered":"<p data-start=\"97\" data-end=\"295\"><strong data-start=\"97\" data-end=\"108\">Estoril<\/strong> es un peque\u00f1o pueblo cerca de Lisboa, Portugal. Con su <strong data-start=\"164\" data-end=\"201\">casino, playa y clima maravilloso<\/strong>, la regi\u00f3n fue un <strong data-start=\"220\" data-end=\"292\">centro de diplomacia \u2014y espionaje\u2014 durante la Segunda Guerra Mundial<\/strong>.<\/p>\n<p data-start=\"297\" data-end=\"530\">En <strong data-start=\"300\" data-end=\"331\">City of Spies: Estoril 1942<\/strong>, los jugadores compiten entre s\u00ed para <strong data-start=\"370\" data-end=\"440\">formar la organizaci\u00f3n secreta de esp\u00edas m\u00e1s poderosa e influyente<\/strong>. Basado en hechos hist\u00f3ricos, el juego se desarrolla en <strong data-start=\"497\" data-end=\"527\">lugares famosos de Estoril<\/strong>.<\/p>\n<p data-start=\"532\" data-end=\"868\">Se seleccionan <strong data-start=\"547\" data-end=\"582\">aleatoriamente seis ubicaciones<\/strong> para la primera ronda, como <strong data-start=\"611\" data-end=\"639\">casinos, hoteles, playas<\/strong>, etc. Cada una de estas ubicaciones ser\u00e1 disputada en las <strong data-start=\"698\" data-end=\"725\">cuatro rondas del juego<\/strong>. Luego, se colocan <strong data-start=\"745\" data-end=\"767\">Agentes Especiales<\/strong> en cada ubicaci\u00f3n como <strong data-start=\"791\" data-end=\"805\">recompensa<\/strong> para el jugador que tenga <strong data-start=\"832\" data-end=\"852\">mayor influencia<\/strong> en ese lugar.<\/p>\n<p data-start=\"870\" data-end=\"1181\">Los jugadores comienzan la partida con <strong data-start=\"909\" data-end=\"947\">la misma mano de Agentes (losetas)<\/strong> y se turnan para <strong data-start=\"965\" data-end=\"990\">colocar estas losetas<\/strong> en los espacios disponibles de las distintas ubicaciones del tablero. Al final de cada ronda, se <strong data-start=\"1088\" data-end=\"1115\">verifica cada ubicaci\u00f3n<\/strong> para determinar qu\u00e9 jugador obtiene la recompensa de ese lugar.<\/p>\n<p data-start=\"1183\" data-end=\"1361\">Al final de la <strong data-start=\"1198\" data-end=\"1214\">cuarta ronda<\/strong>, los jugadores suman los <strong data-start=\"1240\" data-end=\"1265\">puntos de sus Agentes<\/strong> m\u00e1s cualquier <strong data-start=\"1280\" data-end=\"1301\">objetivo especial<\/strong> que hayan completado. <strong data-start=\"1324\" data-end=\"1358\">Gana el jugador con m\u00e1s puntos<\/strong>.<\/p>\n<p data-start=\"1183\" data-end=\"1361\"><a href=\"https:\/\/boardgamegeek.com\/boardgame\/169318\/city-of-spies-estoril-1942\">PAGINA BGG<\/a><\/p>\n<p><iframe title=\"City of Spies &amp; City of Spies Double Agent Dicey Walkthrough!\" width=\"640\" height=\"360\" src=\"https:\/\/www.youtube.com\/embed\/fssVGDG3ZXI?feature=oembed\" frameborder=\"0\" allow=\"accelerometer; autoplay; clipboard-write; encrypted-media; gyroscope; picture-in-picture; web-share\" referrerpolicy=\"strict-origin-when-cross-origin\" allowfullscreen><\/iframe><\/p>\n","protected":false},"excerpt":{"rendered":"<p>Estoril es un peque\u00f1o pueblo cerca de Lisboa, Portugal. Con su casino, playa y clima maravilloso, la regi\u00f3n fue un centro de diplomacia \u2014y espionaje\u2014 durante la Segunda Guerra Mundial. En City of Spies: Estoril 1942, los jugadores compiten entre s\u00ed para formar la organizaci\u00f3n secreta de esp\u00edas m\u00e1s poderosa e influyente. Basado en hechos hist\u00f3ricos, el juego se desarrolla en lugares famosos de Estoril. Se seleccionan aleatoriamente seis ubicaciones&hellip;<\/p>\n","protected":false},"featured_media":5562,"comment_status":"open","ping_status":"closed","template":"","meta":[],"product_brand":[],"product_cat":[84,88],"product_tag":[],"class_list":{"0":"post-5566","1":"product","2":"type-product","3":"status-publish","4":"has-post-thumbnail","6":"product_cat-estrategia","7":"product_cat-familiar","9":"first","10":"instock","11":"taxable","12":"shipping-taxable","13":"purchasable","14":"product-type-simple"},"jetpack_sharing_enabled":true,"_links":{"self":[{"href":"https:\/\/veneludica.com\/index.php?rest_route=\/wp\/v2\/product\/5566","targetHints":{"allow":["GET"]}}],"collection":[{"href":"https:\/\/veneludica.com\/index.php?rest_route=\/wp\/v2\/product"}],"about":[{"href":"https:\/\/veneludica.com\/index.php?rest_route=\/wp\/v2\/types\/product"}],"replies":[{"embeddable":true,"href":"https:\/\/veneludica.com\/index.php?rest_route=%2Fwp%2Fv2%2Fcomments&post=5566"}],"version-history":[{"count":1,"href":"https:\/\/veneludica.com\/index.php?rest_route=\/wp\/v2\/product\/5566\/revisions"}],"predecessor-version":[{"id":5568,"href":"https:\/\/veneludica.com\/index.php?rest_route=\/wp\/v2\/product\/5566\/revisions\/5568"}],"wp:featuredmedia":[{"embeddable":true,"href":"https:\/\/veneludica.com\/index.php?rest_route=\/wp\/v2\/media\/5562"}],"wp:attachment":[{"href":"https:\/\/veneludica.com\/index.php?rest_route=%2Fwp%2Fv2%2Fmedia&parent=5566"}],"wp:term":[{"taxonomy":"product_brand","embeddable":true,"href":"https:\/\/veneludica.com\/index.php?rest_route=%2Fwp%2Fv2%2Fproduct_brand&post=5566"},{"taxonomy":"product_cat","embeddable":true,"href":"https:\/\/veneludica.com\/index.php?rest_route=%2Fwp%2Fv2%2Fproduct_cat&post=5566"},{"taxonomy":"product_tag","embeddable":true,"href":"https:\/\/veneludica.com\/index.php?rest_route=%2Fwp%2Fv2%2Fproduct_tag&post=5566"}],"curies":[{"name":"wp","href":"https:\/\/api.w.org\/{rel}","templated":true}]}}