{"id":5569,"date":"2026-01-07T22:00:53","date_gmt":"2026-01-07T22:00:53","guid":{"rendered":"https:\/\/veneludica.com\/?post_type=product&#038;p=5569"},"modified":"2026-01-07T22:00:53","modified_gmt":"2026-01-07T22:00:53","slug":"ciudadelas","status":"publish","type":"product","link":"https:\/\/veneludica.com\/?product=ciudadelas","title":{"rendered":"Ciudadelas"},"content":{"rendered":"<p data-start=\"133\" data-end=\"482\">En <strong data-start=\"136\" data-end=\"148\">Citadels<\/strong>, los jugadores asumen <strong data-start=\"171\" data-end=\"198\">nuevos roles cada ronda<\/strong>, representando <strong data-start=\"214\" data-end=\"228\">personajes<\/strong> que contratan para <strong data-start=\"248\" data-end=\"303\">ayudarlos a conseguir oro y construir edificaciones<\/strong>. La partida termina al finalizar la ronda en la que un jugador <strong data-start=\"367\" data-end=\"402\">construye su octava edificaci\u00f3n<\/strong>. Luego se suman los puntos, y <strong data-start=\"433\" data-end=\"479\">gana el jugador con la puntuaci\u00f3n m\u00e1s alta<\/strong>.<\/p>\n<p data-start=\"484\" data-end=\"770\">Los jugadores comienzan con un <strong data-start=\"515\" data-end=\"547\">n\u00famero de cartas de edificio<\/strong> en su mano. Las edificaciones se presentan en <strong data-start=\"594\" data-end=\"611\">cinco colores<\/strong>, siendo que <strong data-start=\"624\" data-end=\"639\">las moradas<\/strong> suelen tener una <strong data-start=\"657\" data-end=\"679\">habilidad especial<\/strong>, mientras que los otros colores proporcionan <strong data-start=\"725\" data-end=\"739\">beneficios<\/strong> al jugar ciertos personajes.<\/p>\n<p data-start=\"772\" data-end=\"798\">Al inicio de cada ronda:<\/p>\n<ol data-start=\"799\" data-end=\"1035\">\n<li data-start=\"799\" data-end=\"982\">\n<p data-start=\"802\" data-end=\"982\">El jugador que fue <strong data-start=\"821\" data-end=\"849\">rey en la ronda anterior<\/strong> descarta <strong data-start=\"859\" data-end=\"906\">una de las ocho cartas de personaje al azar<\/strong>, elige <strong data-start=\"914\" data-end=\"921\">una<\/strong>, y luego pasa el resto de las cartas al siguiente jugador.<\/p>\n<\/li>\n<li data-start=\"983\" data-end=\"1035\">\n<p data-start=\"986\" data-end=\"1035\">Cada jugador elige <strong data-start=\"1005\" data-end=\"1032\">en secreto un personaje<\/strong>.<\/p>\n<\/li>\n<\/ol>\n<p data-start=\"1037\" data-end=\"1231\">Cada personaje tiene una <strong data-start=\"1062\" data-end=\"1084\">habilidad especial<\/strong>, y la utilidad de cada uno <strong data-start=\"1112\" data-end=\"1161\">depende de tu situaci\u00f3n y la de tus oponentes<\/strong>. Luego, los personajes <strong data-start=\"1185\" data-end=\"1228\">realizan sus acciones en orden num\u00e9rico<\/strong>:<\/p>\n<ul data-start=\"1232\" data-end=\"1536\">\n<li data-start=\"1232\" data-end=\"1291\">\n<p data-start=\"1234\" data-end=\"1291\">El <strong data-start=\"1237\" data-end=\"1248\">Asesino<\/strong> elimina a otro personaje para esa ronda.<\/p>\n<\/li>\n<li data-start=\"1292\" data-end=\"1345\">\n<p data-start=\"1294\" data-end=\"1345\">El <strong data-start=\"1297\" data-end=\"1307\">Ladr\u00f3n<\/strong> roba todo el oro de otro personaje.<\/p>\n<\/li>\n<li data-start=\"1346\" data-end=\"1415\">\n<p data-start=\"1348\" data-end=\"1415\">El <strong data-start=\"1351\" data-end=\"1359\">Mago<\/strong> intercambia cartas de edificaciones con otro jugador.<\/p>\n<\/li>\n<li data-start=\"1416\" data-end=\"1486\">\n<p data-start=\"1418\" data-end=\"1486\">El <strong data-start=\"1421\" data-end=\"1443\">Se\u00f1or de la Guerra<\/strong> puede destruir una edificaci\u00f3n en juego.<\/p>\n<\/li>\n<li data-start=\"1487\" data-end=\"1536\">\n<p data-start=\"1489\" data-end=\"1536\">Y as\u00ed sucesivamente con los dem\u00e1s personajes.<\/p>\n<\/li>\n<\/ul>\n<p data-start=\"1538\" data-end=\"1575\">Durante su turno, un jugador puede:<\/p>\n<ul data-start=\"1576\" data-end=\"1774\">\n<li data-start=\"1576\" data-end=\"1664\">\n<p data-start=\"1578\" data-end=\"1664\"><strong data-start=\"1578\" data-end=\"1612\">Ganar dos o m\u00e1s monedas de oro<\/strong> (o robar dos cartas de edificio y descartar una).<\/p>\n<\/li>\n<li data-start=\"1665\" data-end=\"1774\">\n<p data-start=\"1667\" data-end=\"1774\"><strong data-start=\"1667\" data-end=\"1710\">Construir opcionalmente una edificaci\u00f3n<\/strong> (o hasta <strong data-start=\"1720\" data-end=\"1728\">tres<\/strong> si juega como <strong data-start=\"1743\" data-end=\"1757\">Arquitecto<\/strong> en esa ronda).<\/p>\n<\/li>\n<\/ul>\n<p data-start=\"1776\" data-end=\"1890\">Cada edificio <strong data-start=\"1790\" data-end=\"1804\">cuesta oro<\/strong> equivalente al n\u00famero de s\u00edmbolos que tenga, y <strong data-start=\"1852\" data-end=\"1887\">vale un cierto n\u00famero de puntos<\/strong>.<\/p>\n<p data-start=\"1892\" data-end=\"2013\">Adem\u00e1s de los puntos por edificaciones, al final de la partida un jugador puede obtener <strong data-start=\"1980\" data-end=\"2006\">puntos de bonificaci\u00f3n<\/strong> por:<\/p>\n<ul data-start=\"2014\" data-end=\"2101\">\n<li data-start=\"2014\" data-end=\"2055\">\n<p data-start=\"2016\" data-end=\"2055\">Tener <strong data-start=\"2022\" data-end=\"2052\">ocho edificios construidos<\/strong>.<\/p>\n<\/li>\n<li data-start=\"2056\" data-end=\"2101\">\n<p data-start=\"2058\" data-end=\"2101\">Tener <strong data-start=\"2064\" data-end=\"2098\">edificios de los cinco colores<\/strong>.<\/p>\n<\/li>\n<\/ul>\n<p><a href=\"https:\/\/boardgamegeek.com\/boardgame\/478\/citadels\">PAGINA BGG<\/a><\/p>\n<p><iframe title=\"Ciudadelas: C\u00f3mo Jugar\/Tutorial\" width=\"640\" height=\"360\" src=\"https:\/\/www.youtube.com\/embed\/LK23FXqbX28?feature=oembed\" frameborder=\"0\" allow=\"accelerometer; autoplay; clipboard-write; encrypted-media; gyroscope; picture-in-picture; web-share\" referrerpolicy=\"strict-origin-when-cross-origin\" allowfullscreen><\/iframe><\/p>\n","protected":false},"excerpt":{"rendered":"<p>En Citadels, los jugadores asumen nuevos roles cada ronda, representando personajes que contratan para ayudarlos a conseguir oro y construir edificaciones. La partida termina al finalizar la ronda en la que un jugador construye su octava edificaci\u00f3n. Luego se suman los puntos, y gana el jugador con la puntuaci\u00f3n m\u00e1s alta. Los jugadores comienzan con un n\u00famero de cartas de edificio en su mano. Las edificaciones se presentan en cinco&hellip;<\/p>\n","protected":false},"featured_media":5570,"comment_status":"open","ping_status":"closed","template":"","meta":[],"product_brand":[],"product_cat":[84,88],"product_tag":[],"class_list":{"0":"post-5569","1":"product","2":"type-product","3":"status-publish","4":"has-post-thumbnail","6":"product_cat-estrategia","7":"product_cat-familiar","9":"first","10":"instock","11":"taxable","12":"shipping-taxable","13":"purchasable","14":"product-type-simple"},"jetpack_sharing_enabled":true,"_links":{"self":[{"href":"https:\/\/veneludica.com\/index.php?rest_route=\/wp\/v2\/product\/5569","targetHints":{"allow":["GET"]}}],"collection":[{"href":"https:\/\/veneludica.com\/index.php?rest_route=\/wp\/v2\/product"}],"about":[{"href":"https:\/\/veneludica.com\/index.php?rest_route=\/wp\/v2\/types\/product"}],"replies":[{"embeddable":true,"href":"https:\/\/veneludica.com\/index.php?rest_route=%2Fwp%2Fv2%2Fcomments&post=5569"}],"version-history":[{"count":1,"href":"https:\/\/veneludica.com\/index.php?rest_route=\/wp\/v2\/product\/5569\/revisions"}],"predecessor-version":[{"id":5571,"href":"https:\/\/veneludica.com\/index.php?rest_route=\/wp\/v2\/product\/5569\/revisions\/5571"}],"wp:featuredmedia":[{"embeddable":true,"href":"https:\/\/veneludica.com\/index.php?rest_route=\/wp\/v2\/media\/5570"}],"wp:attachment":[{"href":"https:\/\/veneludica.com\/index.php?rest_route=%2Fwp%2Fv2%2Fmedia&parent=5569"}],"wp:term":[{"taxonomy":"product_brand","embeddable":true,"href":"https:\/\/veneludica.com\/index.php?rest_route=%2Fwp%2Fv2%2Fproduct_brand&post=5569"},{"taxonomy":"product_cat","embeddable":true,"href":"https:\/\/veneludica.com\/index.php?rest_route=%2Fwp%2Fv2%2Fproduct_cat&post=5569"},{"taxonomy":"product_tag","embeddable":true,"href":"https:\/\/veneludica.com\/index.php?rest_route=%2Fwp%2Fv2%2Fproduct_tag&post=5569"}],"curies":[{"name":"wp","href":"https:\/\/api.w.org\/{rel}","templated":true}]}}