{"id":5572,"date":"2026-01-07T22:04:26","date_gmt":"2026-01-07T22:04:26","guid":{"rendered":"https:\/\/veneludica.com\/?post_type=product&#038;p=5572"},"modified":"2026-01-07T22:04:26","modified_gmt":"2026-01-07T22:04:26","slug":"claim","status":"publish","type":"product","link":"https:\/\/veneludica.com\/?product=claim","title":{"rendered":"Claim"},"content":{"rendered":"<p data-start=\"108\" data-end=\"557\">\u00a1<strong data-start=\"109\" data-end=\"129\">El Rey ha muerto<\/strong>! \u00bfQu\u00e9 ocurri\u00f3? Nadie lo sabe con certeza, pero fue encontrado esta ma\u00f1ana <strong data-start=\"204\" data-end=\"239\">boca abajo en un barril de vino<\/strong>. Pudo haber sido un crimen\u2026 o simplemente su propia sed la que acab\u00f3 con \u00e9l. Sea como sea, el Rey ha muerto <strong data-start=\"348\" data-end=\"375\">sin herederos conocidos<\/strong>, as\u00ed que ahora depende de <strong data-start=\"402\" data-end=\"435\">las cinco facciones del reino<\/strong> decidir qui\u00e9n ser\u00e1 el nuevo monarca:<br data-start=\"472\" data-end=\"475\" \/><strong data-start=\"475\" data-end=\"503\">\u00bfSer\u00e1s t\u00fa o tu oponente?<\/strong> \u00bfTienes lo necesario para ganarte el favor del reino?<\/p>\n<p data-start=\"559\" data-end=\"614\"><strong data-start=\"559\" data-end=\"568\">Claim<\/strong> se juega en <strong data-start=\"581\" data-end=\"613\">dos fases bien diferenciadas<\/strong>:<\/p>\n<h3 data-start=\"616\" data-end=\"643\">Fase 1: Reclutamiento<\/h3>\n<p data-start=\"644\" data-end=\"807\">Cada jugador recibe una <strong data-start=\"668\" data-end=\"686\">mano de cartas<\/strong> que utiliza para <strong data-start=\"704\" data-end=\"727\">reclutar seguidores<\/strong>. Estas cartas determinar\u00e1n la base de poder que tendr\u00e1s para la siguiente fase.<\/p>\n<h3 data-start=\"809\" data-end=\"846\">Fase 2: Lucha por las facciones<\/h3>\n<p data-start=\"847\" data-end=\"1096\">Los jugadores usan los <strong data-start=\"870\" data-end=\"909\">seguidores obtenidos en la fase uno<\/strong> para competir por el control de las <strong data-start=\"946\" data-end=\"975\">cinco facciones del reino<\/strong>.<br data-start=\"976\" data-end=\"979\" \/>Cada facci\u00f3n posee un <strong data-start=\"1001\" data-end=\"1019\">poder especial<\/strong> que influye en el juego, \u00a1y estos poderes pueden ser distintos en cada fase!<\/p>\n<h3 data-start=\"1098\" data-end=\"1123\">Final de la partida<\/h3>\n<p data-start=\"1124\" data-end=\"1358\">Al terminar la partida, el jugador que tenga la <strong data-start=\"1172\" data-end=\"1197\">mayor\u00eda de seguidores<\/strong> en una facci\u00f3n gana el <strong data-start=\"1221\" data-end=\"1244\">voto de esa facci\u00f3n<\/strong>.<br data-start=\"1245\" data-end=\"1248\" \/>El jugador que consiga el voto de <strong data-start=\"1282\" data-end=\"1309\">al menos tres facciones<\/strong> ser\u00e1 coronado <strong data-start=\"1324\" data-end=\"1337\">nuevo Rey<\/strong> y ganar\u00e1 la partida.<\/p>\n<p data-start=\"1124\" data-end=\"1358\"><a href=\"https:\/\/boardgamegeek.com\/boardgame\/233961\/claim\">PAGINA BGG<\/a><\/p>\n<p><iframe title=\"Conociendo Claim\" width=\"640\" height=\"360\" src=\"https:\/\/www.youtube.com\/embed\/boxhUz1mPJY?feature=oembed\" frameborder=\"0\" allow=\"accelerometer; autoplay; clipboard-write; encrypted-media; gyroscope; picture-in-picture; web-share\" referrerpolicy=\"strict-origin-when-cross-origin\" allowfullscreen><\/iframe><\/p>\n","protected":false},"excerpt":{"rendered":"<p>\u00a1El Rey ha muerto! \u00bfQu\u00e9 ocurri\u00f3? Nadie lo sabe con certeza, pero fue encontrado esta ma\u00f1ana boca abajo en un barril de vino. Pudo haber sido un crimen\u2026 o simplemente su propia sed la que acab\u00f3 con \u00e9l. Sea como sea, el Rey ha muerto sin herederos conocidos, as\u00ed que ahora depende de las cinco facciones del reino decidir qui\u00e9n ser\u00e1 el nuevo monarca:\u00bfSer\u00e1s t\u00fa o tu oponente? \u00bfTienes lo&hellip;<\/p>\n","protected":false},"featured_media":5573,"comment_status":"open","ping_status":"closed","template":"","meta":[],"product_brand":[],"product_cat":[88],"product_tag":[155],"class_list":{"0":"post-5572","1":"product","2":"type-product","3":"status-publish","4":"has-post-thumbnail","6":"product_cat-familiar","7":"product_tag-cartas","9":"first","10":"instock","11":"taxable","12":"shipping-taxable","13":"purchasable","14":"product-type-simple"},"jetpack_sharing_enabled":true,"_links":{"self":[{"href":"https:\/\/veneludica.com\/index.php?rest_route=\/wp\/v2\/product\/5572","targetHints":{"allow":["GET"]}}],"collection":[{"href":"https:\/\/veneludica.com\/index.php?rest_route=\/wp\/v2\/product"}],"about":[{"href":"https:\/\/veneludica.com\/index.php?rest_route=\/wp\/v2\/types\/product"}],"replies":[{"embeddable":true,"href":"https:\/\/veneludica.com\/index.php?rest_route=%2Fwp%2Fv2%2Fcomments&post=5572"}],"version-history":[{"count":1,"href":"https:\/\/veneludica.com\/index.php?rest_route=\/wp\/v2\/product\/5572\/revisions"}],"predecessor-version":[{"id":5575,"href":"https:\/\/veneludica.com\/index.php?rest_route=\/wp\/v2\/product\/5572\/revisions\/5575"}],"wp:featuredmedia":[{"embeddable":true,"href":"https:\/\/veneludica.com\/index.php?rest_route=\/wp\/v2\/media\/5573"}],"wp:attachment":[{"href":"https:\/\/veneludica.com\/index.php?rest_route=%2Fwp%2Fv2%2Fmedia&parent=5572"}],"wp:term":[{"taxonomy":"product_brand","embeddable":true,"href":"https:\/\/veneludica.com\/index.php?rest_route=%2Fwp%2Fv2%2Fproduct_brand&post=5572"},{"taxonomy":"product_cat","embeddable":true,"href":"https:\/\/veneludica.com\/index.php?rest_route=%2Fwp%2Fv2%2Fproduct_cat&post=5572"},{"taxonomy":"product_tag","embeddable":true,"href":"https:\/\/veneludica.com\/index.php?rest_route=%2Fwp%2Fv2%2Fproduct_tag&post=5572"}],"curies":[{"name":"wp","href":"https:\/\/api.w.org\/{rel}","templated":true}]}}