{"id":5576,"date":"2026-01-07T22:10:15","date_gmt":"2026-01-07T22:10:15","guid":{"rendered":"https:\/\/veneludica.com\/?post_type=product&#038;p=5576"},"modified":"2026-01-07T22:10:15","modified_gmt":"2026-01-07T22:10:15","slug":"claim-2","status":"publish","type":"product","link":"https:\/\/veneludica.com\/?product=claim-2","title":{"rendered":"Claim 2"},"content":{"rendered":"<p data-start=\"155\" data-end=\"605\">\u00a1<strong data-start=\"156\" data-end=\"176\">El Rey ha muerto<\/strong>! \u00bfQu\u00e9 ocurri\u00f3? Nadie lo sabe realmente, pero fue encontrado esta ma\u00f1ana <strong data-start=\"249\" data-end=\"284\">boca abajo en un barril de vino<\/strong>. Tal vez fue v\u00edctima de una traici\u00f3n\u2026 o quiz\u00e1 su propia sed acab\u00f3 con \u00e9l. Sea como sea, el Rey ha muerto <strong data-start=\"390\" data-end=\"417\">sin herederos conocidos<\/strong>, y ahora depende de <strong data-start=\"438\" data-end=\"471\">las cinco facciones del reino<\/strong> decidir qui\u00e9n ocupar\u00e1 el trono:<br data-start=\"503\" data-end=\"506\" \/><strong data-start=\"506\" data-end=\"534\">\u00bfSer\u00e1s t\u00fa o tu oponente?<\/strong> \u00bfTienes lo necesario para ganarte el favor de las facciones del reino?<\/p>\n<p data-start=\"607\" data-end=\"664\"><strong data-start=\"607\" data-end=\"618\">Claim 2<\/strong> se juega en <strong data-start=\"631\" data-end=\"663\">dos fases bien diferenciadas<\/strong>:<\/p>\n<h3 data-start=\"666\" data-end=\"693\">Fase 1: Reclutamiento<\/h3>\n<p data-start=\"694\" data-end=\"778\">Cada jugador recibe una <strong data-start=\"718\" data-end=\"736\">mano de cartas<\/strong> que utiliza para <strong data-start=\"754\" data-end=\"777\">reclutar seguidores<\/strong>.<\/p>\n<h3 data-start=\"780\" data-end=\"817\">Fase 2: Lucha por las facciones<\/h3>\n<p data-start=\"818\" data-end=\"1092\">Los jugadores emplean los <strong data-start=\"844\" data-end=\"883\">seguidores obtenidos en la fase uno<\/strong> para competir por el control de las <strong data-start=\"920\" data-end=\"949\">cinco facciones del reino<\/strong>.<br data-start=\"950\" data-end=\"953\" \/>Cada facci\u00f3n tiene un <strong data-start=\"975\" data-end=\"993\">poder especial<\/strong> que influye en el desarrollo de la partida, y estos poderes <strong data-start=\"1054\" data-end=\"1091\">pueden ser distintos en cada fase<\/strong>.<\/p>\n<h3 data-start=\"1094\" data-end=\"1119\">Final de la partida<\/h3>\n<p data-start=\"1120\" data-end=\"1318\">Al final del juego, el jugador que tenga la <strong data-start=\"1164\" data-end=\"1189\">mayor\u00eda de seguidores<\/strong> de una facci\u00f3n gana el <strong data-start=\"1213\" data-end=\"1236\">voto de esa facci\u00f3n<\/strong>.<br data-start=\"1237\" data-end=\"1240\" \/>El jugador que consiga el voto de <strong data-start=\"1274\" data-end=\"1301\">al menos tres facciones<\/strong> gana la partida.<\/p>\n<h3 data-start=\"1320\" data-end=\"1333\">Claim 2<\/h3>\n<p data-start=\"1334\" data-end=\"1532\"><strong data-start=\"1334\" data-end=\"1345\">Claim 2<\/strong> es una <strong data-start=\"1353\" data-end=\"1378\">secuela independiente<\/strong> de <em data-start=\"1382\" data-end=\"1389\">Claim<\/em> e incluye <strong data-start=\"1400\" data-end=\"1426\">cinco nuevas facciones<\/strong> que pueden jugarse por separado o <strong data-start=\"1461\" data-end=\"1486\">combinarse libremente<\/strong> con las facciones del juego original <em data-start=\"1524\" data-end=\"1531\">Claim<\/em>.<\/p>\n<p data-start=\"1334\" data-end=\"1532\"><a href=\"https:\/\/boardgamegeek.com\/boardgame\/249763\/claim-2\">PAGINA BGG<\/a><\/p>\n<p><iframe title=\"Ampliando Claim 2\" width=\"640\" height=\"360\" src=\"https:\/\/www.youtube.com\/embed\/fJr3yqI2-kU?feature=oembed\" frameborder=\"0\" allow=\"accelerometer; autoplay; clipboard-write; encrypted-media; gyroscope; picture-in-picture; web-share\" referrerpolicy=\"strict-origin-when-cross-origin\" allowfullscreen><\/iframe><\/p>\n","protected":false},"excerpt":{"rendered":"<p>\u00a1El Rey ha muerto! \u00bfQu\u00e9 ocurri\u00f3? Nadie lo sabe realmente, pero fue encontrado esta ma\u00f1ana boca abajo en un barril de vino. Tal vez fue v\u00edctima de una traici\u00f3n\u2026 o quiz\u00e1 su propia sed acab\u00f3 con \u00e9l. Sea como sea, el Rey ha muerto sin herederos conocidos, y ahora depende de las cinco facciones del reino decidir qui\u00e9n ocupar\u00e1 el trono:\u00bfSer\u00e1s t\u00fa o tu oponente? \u00bfTienes lo necesario para ganarte&hellip;<\/p>\n","protected":false},"featured_media":5577,"comment_status":"open","ping_status":"closed","template":"","meta":[],"product_brand":[],"product_cat":[88],"product_tag":[155],"class_list":{"0":"post-5576","1":"product","2":"type-product","3":"status-publish","4":"has-post-thumbnail","6":"product_cat-familiar","7":"product_tag-cartas","9":"first","10":"instock","11":"taxable","12":"shipping-taxable","13":"purchasable","14":"product-type-simple"},"jetpack_sharing_enabled":true,"_links":{"self":[{"href":"https:\/\/veneludica.com\/index.php?rest_route=\/wp\/v2\/product\/5576","targetHints":{"allow":["GET"]}}],"collection":[{"href":"https:\/\/veneludica.com\/index.php?rest_route=\/wp\/v2\/product"}],"about":[{"href":"https:\/\/veneludica.com\/index.php?rest_route=\/wp\/v2\/types\/product"}],"replies":[{"embeddable":true,"href":"https:\/\/veneludica.com\/index.php?rest_route=%2Fwp%2Fv2%2Fcomments&post=5576"}],"version-history":[{"count":1,"href":"https:\/\/veneludica.com\/index.php?rest_route=\/wp\/v2\/product\/5576\/revisions"}],"predecessor-version":[{"id":5578,"href":"https:\/\/veneludica.com\/index.php?rest_route=\/wp\/v2\/product\/5576\/revisions\/5578"}],"wp:featuredmedia":[{"embeddable":true,"href":"https:\/\/veneludica.com\/index.php?rest_route=\/wp\/v2\/media\/5577"}],"wp:attachment":[{"href":"https:\/\/veneludica.com\/index.php?rest_route=%2Fwp%2Fv2%2Fmedia&parent=5576"}],"wp:term":[{"taxonomy":"product_brand","embeddable":true,"href":"https:\/\/veneludica.com\/index.php?rest_route=%2Fwp%2Fv2%2Fproduct_brand&post=5576"},{"taxonomy":"product_cat","embeddable":true,"href":"https:\/\/veneludica.com\/index.php?rest_route=%2Fwp%2Fv2%2Fproduct_cat&post=5576"},{"taxonomy":"product_tag","embeddable":true,"href":"https:\/\/veneludica.com\/index.php?rest_route=%2Fwp%2Fv2%2Fproduct_tag&post=5576"}],"curies":[{"name":"wp","href":"https:\/\/api.w.org\/{rel}","templated":true}]}}