{"id":5579,"date":"2026-01-07T22:14:35","date_gmt":"2026-01-07T22:14:35","guid":{"rendered":"https:\/\/veneludica.com\/?post_type=product&#038;p=5579"},"modified":"2026-01-07T22:14:35","modified_gmt":"2026-01-07T22:14:35","slug":"coatl","status":"publish","type":"product","link":"https:\/\/veneludica.com\/?product=coatl","title":{"rendered":"C\u00f3atl"},"content":{"rendered":"<p data-start=\"125\" data-end=\"493\">La <strong data-start=\"128\" data-end=\"166\">elecci\u00f3n del Gran Sacerdote azteca<\/strong> es inminente. Para demostrar su val\u00eda y merecer el favor de los dioses, los aspirantes se enfrentan en una <strong data-start=\"274\" data-end=\"302\">carrera por el prestigio<\/strong>.<br data-start=\"303\" data-end=\"306\" \/>\u00bfSer\u00e1s capaz de crear las <strong data-start=\"332\" data-end=\"382\">esculturas m\u00e1s bellas de serpientes emplumadas<\/strong>, conocidas como <strong data-start=\"399\" data-end=\"408\">C\u00f3atl<\/strong>, para destacar sobre tus rivales y alcanzar el ansiado t\u00edtulo de <strong data-start=\"474\" data-end=\"492\">Gran Sacerdote<\/strong>?<\/p>\n<p data-start=\"495\" data-end=\"726\">En <strong data-start=\"498\" data-end=\"507\">C\u00f3atl<\/strong>, los jugadores compiten por construir las <strong data-start=\"550\" data-end=\"588\">serpientes m\u00e1s hermosas y valiosas<\/strong>. Cada serpiente \u2014o C\u00f3atl\u2014 se forma con <strong data-start=\"628\" data-end=\"678\">una cabeza, una cola y varias piezas de cuerpo<\/strong>, todas ellas de <strong data-start=\"695\" data-end=\"725\">pl\u00e1stico grueso y colorido<\/strong>.<\/p>\n<p data-start=\"728\" data-end=\"768\">En su turno, los jugadores eligen entre:<\/p>\n<ul data-start=\"769\" data-end=\"919\">\n<li data-start=\"769\" data-end=\"846\">\n<p data-start=\"771\" data-end=\"846\"><strong data-start=\"771\" data-end=\"787\">Tomar piezas<\/strong> del tablero central y colocarlas en su tablero personal, o<\/p>\n<\/li>\n<li data-start=\"847\" data-end=\"919\">\n<p data-start=\"849\" data-end=\"919\"><strong data-start=\"849\" data-end=\"880\">Construir uno de sus C\u00f3atls<\/strong> utilizando las piezas que han reunido.<\/p>\n<\/li>\n<\/ul>\n<p data-start=\"921\" data-end=\"1163\">El final de la partida se activa cuando <strong data-start=\"961\" data-end=\"1000\">un jugador completa su tercer C\u00f3atl<\/strong>.<br data-start=\"1001\" data-end=\"1004\" \/>Los jugadores obtienen puntos por <strong data-start=\"1038\" data-end=\"1069\">cumplir distintos objetivos<\/strong>, y quien consiga la <strong data-start=\"1090\" data-end=\"1118\">mayor cantidad de puntos<\/strong> ser\u00e1 proclamado <strong data-start=\"1135\" data-end=\"1162\">el nuevo Gran Sacerdote<\/strong>.<\/p>\n<p data-start=\"921\" data-end=\"1163\"><a href=\"https:\/\/boardgamegeek.com\/boardgame\/274841\/coatl\">PAGINA BGG<\/a><\/p>\n<p><iframe title=\"Conociendo Coatl\" width=\"640\" height=\"360\" src=\"https:\/\/www.youtube.com\/embed\/ZpEXdMNgb64?feature=oembed\" frameborder=\"0\" allow=\"accelerometer; autoplay; clipboard-write; encrypted-media; gyroscope; picture-in-picture; web-share\" referrerpolicy=\"strict-origin-when-cross-origin\" allowfullscreen><\/iframe><\/p>\n<p>&nbsp;<\/p>\n","protected":false},"excerpt":{"rendered":"<p>La elecci\u00f3n del Gran Sacerdote azteca es inminente. Para demostrar su val\u00eda y merecer el favor de los dioses, los aspirantes se enfrentan en una carrera por el prestigio.\u00bfSer\u00e1s capaz de crear las esculturas m\u00e1s bellas de serpientes emplumadas, conocidas como C\u00f3atl, para destacar sobre tus rivales y alcanzar el ansiado t\u00edtulo de Gran Sacerdote? En C\u00f3atl, los jugadores compiten por construir las serpientes m\u00e1s hermosas y valiosas. Cada serpiente&hellip;<\/p>\n","protected":false},"featured_media":5580,"comment_status":"open","ping_status":"closed","template":"","meta":[],"product_brand":[],"product_cat":[66,84,88],"product_tag":[],"class_list":{"0":"post-5579","1":"product","2":"type-product","3":"status-publish","4":"has-post-thumbnail","6":"product_cat-abstractos","7":"product_cat-estrategia","8":"product_cat-familiar","10":"first","11":"instock","12":"taxable","13":"shipping-taxable","14":"purchasable","15":"product-type-simple"},"jetpack_sharing_enabled":true,"_links":{"self":[{"href":"https:\/\/veneludica.com\/index.php?rest_route=\/wp\/v2\/product\/5579","targetHints":{"allow":["GET"]}}],"collection":[{"href":"https:\/\/veneludica.com\/index.php?rest_route=\/wp\/v2\/product"}],"about":[{"href":"https:\/\/veneludica.com\/index.php?rest_route=\/wp\/v2\/types\/product"}],"replies":[{"embeddable":true,"href":"https:\/\/veneludica.com\/index.php?rest_route=%2Fwp%2Fv2%2Fcomments&post=5579"}],"version-history":[{"count":1,"href":"https:\/\/veneludica.com\/index.php?rest_route=\/wp\/v2\/product\/5579\/revisions"}],"predecessor-version":[{"id":5582,"href":"https:\/\/veneludica.com\/index.php?rest_route=\/wp\/v2\/product\/5579\/revisions\/5582"}],"wp:featuredmedia":[{"embeddable":true,"href":"https:\/\/veneludica.com\/index.php?rest_route=\/wp\/v2\/media\/5580"}],"wp:attachment":[{"href":"https:\/\/veneludica.com\/index.php?rest_route=%2Fwp%2Fv2%2Fmedia&parent=5579"}],"wp:term":[{"taxonomy":"product_brand","embeddable":true,"href":"https:\/\/veneludica.com\/index.php?rest_route=%2Fwp%2Fv2%2Fproduct_brand&post=5579"},{"taxonomy":"product_cat","embeddable":true,"href":"https:\/\/veneludica.com\/index.php?rest_route=%2Fwp%2Fv2%2Fproduct_cat&post=5579"},{"taxonomy":"product_tag","embeddable":true,"href":"https:\/\/veneludica.com\/index.php?rest_route=%2Fwp%2Fv2%2Fproduct_tag&post=5579"}],"curies":[{"name":"wp","href":"https:\/\/api.w.org\/{rel}","templated":true}]}}