{"id":5583,"date":"2026-01-07T22:22:24","date_gmt":"2026-01-07T22:22:24","guid":{"rendered":"https:\/\/veneludica.com\/?post_type=product&#038;p=5583"},"modified":"2026-01-07T22:22:24","modified_gmt":"2026-01-07T22:22:24","slug":"codigo-secreto-disney","status":"publish","type":"product","link":"https:\/\/veneludica.com\/?product=codigo-secreto-disney","title":{"rendered":"C\u00f3digo Secreto: Disney"},"content":{"rendered":"<p data-start=\"158\" data-end=\"488\">En <strong data-start=\"161\" data-end=\"174\">Codenames<\/strong>, dos equipos compiten para ver qui\u00e9n logra <strong data-start=\"218\" data-end=\"257\">adivinar primero todas sus palabras<\/strong>\u2026 pero esas palabras se esconden <strong data-start=\"290\" data-end=\"308\">a simple vista<\/strong> en una cuadr\u00edcula de <strong data-start=\"330\" data-end=\"337\">5\u00d75<\/strong>, que tambi\u00e9n incluye palabras del equipo rival, palabras neutrales y <strong data-start=\"407\" data-end=\"438\">una carta de fin de partida<\/strong> que har\u00e1 que pierdas inmediatamente si la eliges.<\/p>\n<p data-start=\"490\" data-end=\"905\">En cada equipo, una persona es el <strong data-start=\"524\" data-end=\"538\">jefe esp\u00eda<\/strong>, y solo los jefes esp\u00eda saben qu\u00e9 palabras pertenecen a cada equipo. Por turnos, los jefes esp\u00eda dan <strong data-start=\"640\" data-end=\"670\">pistas de una sola palabra<\/strong>, que pueden estar relacionadas con varias palabras del tablero. Sus compa\u00f1eros intentan adivinar las palabras del color correcto, evitando las del equipo contrario\u2026 y, por supuesto, <strong data-start=\"853\" data-end=\"904\">todos quieren evitar la carta de fin de partida<\/strong>.<\/p>\n<p data-start=\"907\" data-end=\"1055\">Esta edici\u00f3n tambi\u00e9n incluye <strong data-start=\"936\" data-end=\"964\">cartas de cuadr\u00edcula 4\u00d74<\/strong>, sin carta de fin de partida, para hacer el juego <strong data-start=\"1015\" data-end=\"1054\">m\u00e1s accesible para familias y ni\u00f1os<\/strong>.<\/p>\n<hr data-start=\"1057\" data-end=\"1060\" \/>\n<h3 data-start=\"1062\" data-end=\"1098\">Codenames: Disney Family Edition<\/h3>\n<p data-start=\"1100\" data-end=\"1391\"><strong data-start=\"1100\" data-end=\"1136\">Codenames: Disney Family Edition<\/strong> combina el exitoso juego social de palabras con algunas de las <strong data-start=\"1200\" data-end=\"1238\">propiedades m\u00e1s queridas de Disney<\/strong> a lo largo de sus <strong data-start=\"1257\" data-end=\"1280\">90 a\u00f1os de historia<\/strong>.<br data-start=\"1281\" data-end=\"1284\" \/>Incluye <strong data-start=\"1292\" data-end=\"1315\">im\u00e1genes y palabras<\/strong>, ofreciendo diversi\u00f3n familiar para <strong data-start=\"1352\" data-end=\"1390\">fans de Disney de todas las edades<\/strong>.<\/p>\n<p data-start=\"1393\" data-end=\"1549\">Esta edici\u00f3n mantiene la jugabilidad cl\u00e1sica de <strong data-start=\"1441\" data-end=\"1454\">Codenames<\/strong>, pero incorpora <strong data-start=\"1471\" data-end=\"1548\">personajes y localizaciones de m\u00e1s de 90 a\u00f1os de pel\u00edculas Disney y Pixar<\/strong>.<\/p>\n<p data-start=\"1393\" data-end=\"1549\"><a href=\"https:\/\/boardgamegeek.com\/boardgame\/220775\/codenames-disney-family-edition\">PAGINA BGG<\/a><\/p>\n<p data-start=\"1393\" data-end=\"1549\">\n<p><iframe title=\"\u2705 C\u00f3mo jugar a C\u00f3digo Secreto Disney - Devir\" width=\"640\" height=\"360\" src=\"https:\/\/www.youtube.com\/embed\/W2iEC76X56Q?feature=oembed\" frameborder=\"0\" allow=\"accelerometer; autoplay; clipboard-write; encrypted-media; gyroscope; picture-in-picture; web-share\" referrerpolicy=\"strict-origin-when-cross-origin\" allowfullscreen><\/iframe><\/p>\n","protected":false},"excerpt":{"rendered":"<p>En Codenames, dos equipos compiten para ver qui\u00e9n logra adivinar primero todas sus palabras\u2026 pero esas palabras se esconden a simple vista en una cuadr\u00edcula de 5\u00d75, que tambi\u00e9n incluye palabras del equipo rival, palabras neutrales y una carta de fin de partida que har\u00e1 que pierdas inmediatamente si la eliges. En cada equipo, una persona es el jefe esp\u00eda, y solo los jefes esp\u00eda saben qu\u00e9 palabras pertenecen a&hellip;<\/p>\n","protected":false},"featured_media":5586,"comment_status":"open","ping_status":"closed","template":"","meta":[],"product_brand":[],"product_cat":[88,65],"product_tag":[],"class_list":{"0":"post-5583","1":"product","2":"type-product","3":"status-publish","4":"has-post-thumbnail","6":"product_cat-familiar","7":"product_cat-party-games","9":"first","10":"instock","11":"taxable","12":"shipping-taxable","13":"purchasable","14":"product-type-simple"},"jetpack_sharing_enabled":true,"_links":{"self":[{"href":"https:\/\/veneludica.com\/index.php?rest_route=\/wp\/v2\/product\/5583","targetHints":{"allow":["GET"]}}],"collection":[{"href":"https:\/\/veneludica.com\/index.php?rest_route=\/wp\/v2\/product"}],"about":[{"href":"https:\/\/veneludica.com\/index.php?rest_route=\/wp\/v2\/types\/product"}],"replies":[{"embeddable":true,"href":"https:\/\/veneludica.com\/index.php?rest_route=%2Fwp%2Fv2%2Fcomments&post=5583"}],"version-history":[{"count":1,"href":"https:\/\/veneludica.com\/index.php?rest_route=\/wp\/v2\/product\/5583\/revisions"}],"predecessor-version":[{"id":5588,"href":"https:\/\/veneludica.com\/index.php?rest_route=\/wp\/v2\/product\/5583\/revisions\/5588"}],"wp:featuredmedia":[{"embeddable":true,"href":"https:\/\/veneludica.com\/index.php?rest_route=\/wp\/v2\/media\/5586"}],"wp:attachment":[{"href":"https:\/\/veneludica.com\/index.php?rest_route=%2Fwp%2Fv2%2Fmedia&parent=5583"}],"wp:term":[{"taxonomy":"product_brand","embeddable":true,"href":"https:\/\/veneludica.com\/index.php?rest_route=%2Fwp%2Fv2%2Fproduct_brand&post=5583"},{"taxonomy":"product_cat","embeddable":true,"href":"https:\/\/veneludica.com\/index.php?rest_route=%2Fwp%2Fv2%2Fproduct_cat&post=5583"},{"taxonomy":"product_tag","embeddable":true,"href":"https:\/\/veneludica.com\/index.php?rest_route=%2Fwp%2Fv2%2Fproduct_tag&post=5583"}],"curies":[{"name":"wp","href":"https:\/\/api.w.org\/{rel}","templated":true}]}}