{"id":5589,"date":"2026-01-07T22:26:22","date_gmt":"2026-01-07T22:26:22","guid":{"rendered":"https:\/\/veneludica.com\/?post_type=product&#038;p=5589"},"modified":"2026-01-07T22:26:22","modified_gmt":"2026-01-07T22:26:22","slug":"coffee-roaster","status":"publish","type":"product","link":"https:\/\/veneludica.com\/?product=coffee-roaster","title":{"rendered":"Coffee Roaster"},"content":{"rendered":"<p data-start=\"145\" data-end=\"365\"><strong data-start=\"145\" data-end=\"163\">Coffee Roaster<\/strong> es un juego <strong data-start=\"176\" data-end=\"192\">en solitario<\/strong> de construcci\u00f3n de bolsa (<em data-start=\"219\" data-end=\"233\">bag-building<\/em>). Eliges una variedad de granos de caf\u00e9 que deseas tostar y colocas en una bolsa una cantidad de fichas espec\u00edfica de esa variedad.<\/p>\n<p data-start=\"367\" data-end=\"589\">En cada turno, sacas <strong data-start=\"388\" data-end=\"423\">al azar varias fichas de granos<\/strong> de la bolsa para avanzar su <strong data-start=\"452\" data-end=\"472\">nivel de tostado<\/strong>. Cuando finaliza el proceso, realizas una <strong data-start=\"515\" data-end=\"523\">cata<\/strong> para comprobar el sabor de tu caf\u00e9 y <strong data-start=\"561\" data-end=\"588\">puntuar en consecuencia<\/strong>.<\/p>\n<p data-start=\"591\" data-end=\"853\">Cada variedad tiene su <strong data-start=\"614\" data-end=\"643\">nivel de tostado objetivo<\/strong>, pero acercarse a ese valor no es suficiente para lograr un tostado perfecto: tambi\u00e9n debes <strong data-start=\"736\" data-end=\"781\">igualar el nivel de tostado de cada grano<\/strong>, evitando al mismo tiempo <strong data-start=\"808\" data-end=\"830\">estropear el sabor<\/strong> propio de la variedad.<\/p>\n<p data-start=\"855\" data-end=\"1187\">Durante el proceso, tendr\u00e1s que <strong data-start=\"887\" data-end=\"931\">filtrar fichas de humo y granos quemados<\/strong>, que dificultan el tostado, y <strong data-start=\"962\" data-end=\"1003\">rechazar fichas de granos defectuosos<\/strong> que arruinan el sabor. Controlar el contenido de la bolsa es clave, utilizando <strong data-start=\"1083\" data-end=\"1103\">efectos de sabor<\/strong> y <strong data-start=\"1106\" data-end=\"1128\">habilidades \u00fanicas<\/strong> que se activan al colocar fichas en el tablero de tostado.<\/p>\n<p data-start=\"1189\" data-end=\"1374\">El juego incluye <strong data-start=\"1206\" data-end=\"1241\">22 variedades distintas de caf\u00e9<\/strong>. En cada partida intentar\u00e1s tostar <strong data-start=\"1277\" data-end=\"1294\">tres de ellas<\/strong>, y tu <strong data-start=\"1301\" data-end=\"1323\">t\u00edtulo de tostador<\/strong> se determinar\u00e1 seg\u00fan la puntuaci\u00f3n total obtenida.<\/p>\n<p data-start=\"1376\" data-end=\"1466\">Sum\u00e9rgete en el mundo del tostado de caf\u00e9 y aspira al t\u00edtulo definitivo: <strong data-start=\"1449\" data-end=\"1462\">\u00abMeister\u00bb<\/strong><\/p>\n<p data-start=\"1376\" data-end=\"1466\"><a href=\"https:\/\/boardgamegeek.com\/boardgame\/196526\/coffee-roaster\">PAGINA BGG<\/a><\/p>\n<p><iframe title=\"Conociendo Coffee Roaster\" width=\"640\" height=\"360\" src=\"https:\/\/www.youtube.com\/embed\/7XOZh4JUMNQ?feature=oembed\" frameborder=\"0\" allow=\"accelerometer; autoplay; clipboard-write; encrypted-media; gyroscope; picture-in-picture; web-share\" referrerpolicy=\"strict-origin-when-cross-origin\" allowfullscreen><\/iframe><\/p>\n","protected":false},"excerpt":{"rendered":"<p>Coffee Roaster es un juego en solitario de construcci\u00f3n de bolsa (bag-building). Eliges una variedad de granos de caf\u00e9 que deseas tostar y colocas en una bolsa una cantidad de fichas espec\u00edfica de esa variedad. En cada turno, sacas al azar varias fichas de granos de la bolsa para avanzar su nivel de tostado. Cuando finaliza el proceso, realizas una cata para comprobar el sabor de tu caf\u00e9 y puntuar&hellip;<\/p>\n","protected":false},"featured_media":5591,"comment_status":"open","ping_status":"closed","template":"","meta":[],"product_brand":[],"product_cat":[84],"product_tag":[],"class_list":{"0":"post-5589","1":"product","2":"type-product","3":"status-publish","4":"has-post-thumbnail","6":"product_cat-estrategia","8":"first","9":"instock","10":"taxable","11":"shipping-taxable","12":"purchasable","13":"product-type-simple"},"jetpack_sharing_enabled":true,"_links":{"self":[{"href":"https:\/\/veneludica.com\/index.php?rest_route=\/wp\/v2\/product\/5589","targetHints":{"allow":["GET"]}}],"collection":[{"href":"https:\/\/veneludica.com\/index.php?rest_route=\/wp\/v2\/product"}],"about":[{"href":"https:\/\/veneludica.com\/index.php?rest_route=\/wp\/v2\/types\/product"}],"replies":[{"embeddable":true,"href":"https:\/\/veneludica.com\/index.php?rest_route=%2Fwp%2Fv2%2Fcomments&post=5589"}],"version-history":[{"count":1,"href":"https:\/\/veneludica.com\/index.php?rest_route=\/wp\/v2\/product\/5589\/revisions"}],"predecessor-version":[{"id":5593,"href":"https:\/\/veneludica.com\/index.php?rest_route=\/wp\/v2\/product\/5589\/revisions\/5593"}],"wp:featuredmedia":[{"embeddable":true,"href":"https:\/\/veneludica.com\/index.php?rest_route=\/wp\/v2\/media\/5591"}],"wp:attachment":[{"href":"https:\/\/veneludica.com\/index.php?rest_route=%2Fwp%2Fv2%2Fmedia&parent=5589"}],"wp:term":[{"taxonomy":"product_brand","embeddable":true,"href":"https:\/\/veneludica.com\/index.php?rest_route=%2Fwp%2Fv2%2Fproduct_brand&post=5589"},{"taxonomy":"product_cat","embeddable":true,"href":"https:\/\/veneludica.com\/index.php?rest_route=%2Fwp%2Fv2%2Fproduct_cat&post=5589"},{"taxonomy":"product_tag","embeddable":true,"href":"https:\/\/veneludica.com\/index.php?rest_route=%2Fwp%2Fv2%2Fproduct_tag&post=5589"}],"curies":[{"name":"wp","href":"https:\/\/api.w.org\/{rel}","templated":true}]}}