{"id":5595,"date":"2026-01-07T22:30:35","date_gmt":"2026-01-07T22:30:35","guid":{"rendered":"https:\/\/veneludica.com\/?post_type=product&#038;p=5595"},"modified":"2026-01-07T22:30:35","modified_gmt":"2026-01-07T22:30:35","slug":"coffee-rush","status":"publish","type":"product","link":"https:\/\/veneludica.com\/?product=coffee-rush","title":{"rendered":"Coffee Rush"},"content":{"rendered":"<p data-start=\"95\" data-end=\"418\">Una taza de caf\u00e9 puede ser muy relajante\u2026 <strong data-start=\"137\" data-end=\"156\">para el cliente<\/strong>. Para la cafeter\u00eda, sin embargo, los pedidos se acumulan durante las horas punta, y <strong data-start=\"241\" data-end=\"283\">hoy no es una excepci\u00f3n en Coffee Rush<\/strong>.<br data-start=\"284\" data-end=\"287\" \/>Tu objetivo es claro: <strong data-start=\"309\" data-end=\"350\">completar los pedidos de los clientes<\/strong>, aumentar tu valoraci\u00f3n y ser reconocido como <strong data-start=\"397\" data-end=\"417\">el mejor barista<\/strong>.<\/p>\n<p data-start=\"420\" data-end=\"730\">En detalle, cada jugador se mueve por el <strong data-start=\"461\" data-end=\"488\">tablero de ingredientes<\/strong> para recolectar los ingredientes necesarios para cumplir los pedidos. <strong data-start=\"559\" data-end=\"580\">Completar pedidos<\/strong> aumenta tu <strong data-start=\"592\" data-end=\"606\">valoraci\u00f3n<\/strong>, mientras que los pedidos que no se atienden a tiempo se convierten en <strong data-start=\"678\" data-end=\"696\">penalizaciones<\/strong>, restando puntos a tu puntuaci\u00f3n.<\/p>\n<p data-start=\"732\" data-end=\"867\">Cuando un jugador ha completado <strong data-start=\"764\" data-end=\"780\">tres pedidos<\/strong>, puede activar una <strong data-start=\"800\" data-end=\"810\">mejora<\/strong> que le permite obtener ingredientes con mayor facilidad.<\/p>\n<p data-start=\"869\" data-end=\"1059\">La partida termina cuando se agotan todas las <strong data-start=\"915\" data-end=\"935\">cartas de pedido<\/strong> o cuando un barista obtiene su <strong data-start=\"967\" data-end=\"999\">quinta carta de penalizaci\u00f3n<\/strong>.<br data-start=\"1000\" data-end=\"1003\" \/>\u00a1El jugador con la <strong data-start=\"1022\" data-end=\"1042\">mayor valoraci\u00f3n<\/strong> gana la partida!<\/p>\n<p data-start=\"1066\" data-end=\"1084\"><a href=\"https:\/\/boardgamegeek.com\/boardgame\/377061\/coffee-rush\">PAGINA BGG<\/a><\/p>\n<p><iframe title=\"Coffee Rush\" width=\"640\" height=\"360\" src=\"https:\/\/www.youtube.com\/embed\/EVtcrrSrBi4?feature=oembed\" frameborder=\"0\" allow=\"accelerometer; autoplay; clipboard-write; encrypted-media; gyroscope; picture-in-picture; web-share\" referrerpolicy=\"strict-origin-when-cross-origin\" allowfullscreen><\/iframe><\/p>\n","protected":false},"excerpt":{"rendered":"<p>Una taza de caf\u00e9 puede ser muy relajante\u2026 para el cliente. Para la cafeter\u00eda, sin embargo, los pedidos se acumulan durante las horas punta, y hoy no es una excepci\u00f3n en Coffee Rush.Tu objetivo es claro: completar los pedidos de los clientes, aumentar tu valoraci\u00f3n y ser reconocido como el mejor barista. En detalle, cada jugador se mueve por el tablero de ingredientes para recolectar los ingredientes necesarios para cumplir&hellip;<\/p>\n","protected":false},"featured_media":5596,"comment_status":"open","ping_status":"closed","template":"","meta":[],"product_brand":[],"product_cat":[66,84,88],"product_tag":[],"class_list":{"0":"post-5595","1":"product","2":"type-product","3":"status-publish","4":"has-post-thumbnail","6":"product_cat-abstractos","7":"product_cat-estrategia","8":"product_cat-familiar","10":"first","11":"instock","12":"taxable","13":"shipping-taxable","14":"purchasable","15":"product-type-simple"},"jetpack_sharing_enabled":true,"_links":{"self":[{"href":"https:\/\/veneludica.com\/index.php?rest_route=\/wp\/v2\/product\/5595","targetHints":{"allow":["GET"]}}],"collection":[{"href":"https:\/\/veneludica.com\/index.php?rest_route=\/wp\/v2\/product"}],"about":[{"href":"https:\/\/veneludica.com\/index.php?rest_route=\/wp\/v2\/types\/product"}],"replies":[{"embeddable":true,"href":"https:\/\/veneludica.com\/index.php?rest_route=%2Fwp%2Fv2%2Fcomments&post=5595"}],"version-history":[{"count":1,"href":"https:\/\/veneludica.com\/index.php?rest_route=\/wp\/v2\/product\/5595\/revisions"}],"predecessor-version":[{"id":5598,"href":"https:\/\/veneludica.com\/index.php?rest_route=\/wp\/v2\/product\/5595\/revisions\/5598"}],"wp:featuredmedia":[{"embeddable":true,"href":"https:\/\/veneludica.com\/index.php?rest_route=\/wp\/v2\/media\/5596"}],"wp:attachment":[{"href":"https:\/\/veneludica.com\/index.php?rest_route=%2Fwp%2Fv2%2Fmedia&parent=5595"}],"wp:term":[{"taxonomy":"product_brand","embeddable":true,"href":"https:\/\/veneludica.com\/index.php?rest_route=%2Fwp%2Fv2%2Fproduct_brand&post=5595"},{"taxonomy":"product_cat","embeddable":true,"href":"https:\/\/veneludica.com\/index.php?rest_route=%2Fwp%2Fv2%2Fproduct_cat&post=5595"},{"taxonomy":"product_tag","embeddable":true,"href":"https:\/\/veneludica.com\/index.php?rest_route=%2Fwp%2Fv2%2Fproduct_tag&post=5595"}],"curies":[{"name":"wp","href":"https:\/\/api.w.org\/{rel}","templated":true}]}}