{"id":5599,"date":"2026-01-07T22:34:40","date_gmt":"2026-01-07T22:34:40","guid":{"rendered":"https:\/\/veneludica.com\/?post_type=product&#038;p=5599"},"modified":"2026-01-07T22:34:40","modified_gmt":"2026-01-07T22:34:40","slug":"coloretto","status":"publish","type":"product","link":"https:\/\/veneludica.com\/?product=coloretto","title":{"rendered":"Coloretto"},"content":{"rendered":"<p data-start=\"89\" data-end=\"515\">La jugabilidad de <strong data-start=\"107\" data-end=\"120\">Coloretto<\/strong> es muy sencilla: en tu turno puedes <strong data-start=\"157\" data-end=\"198\">robar una carta y a\u00f1adirla a una fila<\/strong>, o bien <strong data-start=\"207\" data-end=\"244\">tomar una fila completa de cartas<\/strong> y a\u00f1adirla a tu colecci\u00f3n. Cada fila puede tener <strong data-start=\"294\" data-end=\"322\">un m\u00e1ximo de tres cartas<\/strong>, as\u00ed que tarde o temprano todos los jugadores se ver\u00e1n obligados a coger una fila. Cuando todas las filas han sido reclamadas, comienza una <strong data-start=\"463\" data-end=\"478\">nueva ronda<\/strong>, y se vuelve a robar o tomar cartas.<\/p>\n<p data-start=\"517\" data-end=\"940\">\u00bfY cu\u00e1l es el objetivo con estas cartas? <strong data-start=\"558\" data-end=\"588\">Formar grandes colecciones<\/strong>, pero <strong data-start=\"595\" data-end=\"619\">solo de tres colores<\/strong>, ya que cada color adicional m\u00e1s all\u00e1 del tercero <strong data-start=\"670\" data-end=\"695\">te har\u00e1 perder puntos<\/strong>. Los <strong data-start=\"701\" data-end=\"714\">comodines<\/strong> son muy valiosos, ya que siempre cuentan como el color que m\u00e1s te convenga, y las cartas de <strong data-start=\"807\" data-end=\"820\">+2 puntos<\/strong> aportan puntos seguros, sirviendo como plan de respaldo si las cosas no salen bien con los colores que est\u00e1s reuniendo.<\/p>\n<p data-start=\"942\" data-end=\"1318\">Cuando quedan pocas cartas en el mazo, la ronda termina y todos los jugadores <strong data-start=\"1020\" data-end=\"1046\">calculan su puntuaci\u00f3n<\/strong>, eligiendo <strong data-start=\"1058\" data-end=\"1074\">tres colores<\/strong> que puntuar\u00e1n de forma positiva, mientras que cualquier otro color contar\u00e1 en negativo. Cada color se punt\u00faa siguiendo un <strong data-start=\"1197\" data-end=\"1232\">sistema de n\u00fameros triangulares<\/strong>:<br data-start=\"1233\" data-end=\"1236\" \/>la primera carta vale <strong data-start=\"1258\" data-end=\"1270\">\u00b11 punto<\/strong>, la segunda <strong data-start=\"1283\" data-end=\"1296\">\u00b12 puntos<\/strong>, y as\u00ed sucesivamente.<\/p>\n<p data-start=\"1320\" data-end=\"1376\">\u00a1El jugador con la <strong data-start=\"1339\" data-end=\"1359\">mayor puntuaci\u00f3n<\/strong> gana la partida!<\/p>\n<p data-start=\"1320\" data-end=\"1376\"><a href=\"https:\/\/boardgamegeek.com\/boardgame\/5782\/coloretto\">PAGINA BGG<\/a><\/p>\n<p><iframe title=\"Conociendo Coloretto\" width=\"640\" height=\"360\" src=\"https:\/\/www.youtube.com\/embed\/VsNDLAP2bsw?feature=oembed\" frameborder=\"0\" allow=\"accelerometer; autoplay; clipboard-write; encrypted-media; gyroscope; picture-in-picture; web-share\" referrerpolicy=\"strict-origin-when-cross-origin\" allowfullscreen><\/iframe><\/p>\n","protected":false},"excerpt":{"rendered":"<p>La jugabilidad de Coloretto es muy sencilla: en tu turno puedes robar una carta y a\u00f1adirla a una fila, o bien tomar una fila completa de cartas y a\u00f1adirla a tu colecci\u00f3n. Cada fila puede tener un m\u00e1ximo de tres cartas, as\u00ed que tarde o temprano todos los jugadores se ver\u00e1n obligados a coger una fila. Cuando todas las filas han sido reclamadas, comienza una nueva ronda, y se vuelve&hellip;<\/p>\n","protected":false},"featured_media":5600,"comment_status":"open","ping_status":"closed","template":"","meta":[],"product_brand":[],"product_cat":[88],"product_tag":[85],"class_list":{"0":"post-5599","1":"product","2":"type-product","3":"status-publish","4":"has-post-thumbnail","6":"product_cat-familiar","7":"product_tag-animales","9":"first","10":"instock","11":"taxable","12":"shipping-taxable","13":"purchasable","14":"product-type-simple"},"jetpack_sharing_enabled":true,"_links":{"self":[{"href":"https:\/\/veneludica.com\/index.php?rest_route=\/wp\/v2\/product\/5599","targetHints":{"allow":["GET"]}}],"collection":[{"href":"https:\/\/veneludica.com\/index.php?rest_route=\/wp\/v2\/product"}],"about":[{"href":"https:\/\/veneludica.com\/index.php?rest_route=\/wp\/v2\/types\/product"}],"replies":[{"embeddable":true,"href":"https:\/\/veneludica.com\/index.php?rest_route=%2Fwp%2Fv2%2Fcomments&post=5599"}],"version-history":[{"count":1,"href":"https:\/\/veneludica.com\/index.php?rest_route=\/wp\/v2\/product\/5599\/revisions"}],"predecessor-version":[{"id":5603,"href":"https:\/\/veneludica.com\/index.php?rest_route=\/wp\/v2\/product\/5599\/revisions\/5603"}],"wp:featuredmedia":[{"embeddable":true,"href":"https:\/\/veneludica.com\/index.php?rest_route=\/wp\/v2\/media\/5600"}],"wp:attachment":[{"href":"https:\/\/veneludica.com\/index.php?rest_route=%2Fwp%2Fv2%2Fmedia&parent=5599"}],"wp:term":[{"taxonomy":"product_brand","embeddable":true,"href":"https:\/\/veneludica.com\/index.php?rest_route=%2Fwp%2Fv2%2Fproduct_brand&post=5599"},{"taxonomy":"product_cat","embeddable":true,"href":"https:\/\/veneludica.com\/index.php?rest_route=%2Fwp%2Fv2%2Fproduct_cat&post=5599"},{"taxonomy":"product_tag","embeddable":true,"href":"https:\/\/veneludica.com\/index.php?rest_route=%2Fwp%2Fv2%2Fproduct_tag&post=5599"}],"curies":[{"name":"wp","href":"https:\/\/api.w.org\/{rel}","templated":true}]}}