{"id":5604,"date":"2026-01-08T05:02:10","date_gmt":"2026-01-08T05:02:10","guid":{"rendered":"https:\/\/veneludica.com\/?post_type=product&#038;p=5604"},"modified":"2026-01-08T05:02:10","modified_gmt":"2026-01-08T05:02:10","slug":"colt-express","status":"publish","type":"product","link":"https:\/\/veneludica.com\/?product=colt-express","title":{"rendered":"Colt Express"},"content":{"rendered":"<p data-start=\"157\" data-end=\"790\">El <strong data-start=\"160\" data-end=\"206\">11 de julio de 1899, a las 10 de la ma\u00f1ana<\/strong>, el <strong data-start=\"211\" data-end=\"236\">Union Pacific Express<\/strong> parti\u00f3 de <strong data-start=\"247\" data-end=\"271\">Folsom, Nuevo M\u00e9xico<\/strong>, con <strong data-start=\"277\" data-end=\"293\">47 pasajeros<\/strong> a bordo. Al cabo de unos minutos, se oyen <strong data-start=\"336\" data-end=\"348\">disparos<\/strong> y <strong data-start=\"351\" data-end=\"387\">pasos apresurados sobre el techo<\/strong>. Un grupo de <strong data-start=\"401\" data-end=\"433\">bandidos fuertemente armados<\/strong> ha llegado para robar a los honrados ciudadanos sus carteras y joyas.<br data-start=\"503\" data-end=\"506\" \/>\u00bfLograr\u00e1n hacerse con la <strong data-start=\"531\" data-end=\"607\">maleta que contiene la paga semanal de la compa\u00f1\u00eda carbonera Nice Valley<\/strong>, a pesar de estar bajo la vigilancia del <strong data-start=\"649\" data-end=\"672\">marshal Samuel Ford<\/strong>? \u00bfO acabar\u00e1n los propios bandidos estorb\u00e1ndose entre s\u00ed, ya que <strong data-start=\"737\" data-end=\"789\">solo el m\u00e1s rico de ellos puede salir victorioso<\/strong>?<\/p>\n<p data-start=\"792\" data-end=\"1062\">En <strong data-start=\"795\" data-end=\"811\">Colt Express<\/strong>, encarnas a un <strong data-start=\"827\" data-end=\"857\">bandido que asalta un tren<\/strong> al mismo tiempo que otros forajidos, y tu objetivo es convertirte en <strong data-start=\"927\" data-end=\"968\">el bandido m\u00e1s rico del Salvaje Oeste<\/strong>. El juego se desarrolla a lo largo de <strong data-start=\"1007\" data-end=\"1023\">cinco rondas<\/strong>, y cada ronda consta de <strong data-start=\"1048\" data-end=\"1061\">dos fases<\/strong>:<\/p>\n<h3 data-start=\"1064\" data-end=\"1091\">Fase 1: Planificaci\u00f3n<\/h3>\n<p data-start=\"1092\" data-end=\"1315\">Cada jugador juega <strong data-start=\"1111\" data-end=\"1140\">de 2 a 5 cartas de acci\u00f3n<\/strong> en una pila com\u00fan. Las cartas se colocan <strong data-start=\"1182\" data-end=\"1210\">boca arriba o boca abajo<\/strong>, seg\u00fan el tipo de ronda. En lugar de jugar una carta, un jugador puede <strong data-start=\"1282\" data-end=\"1303\">robar tres cartas<\/strong> de su mazo.<\/p>\n<h3 data-start=\"1317\" data-end=\"1340\">Fase 2: Ejecuci\u00f3n<\/h3>\n<p data-start=\"1341\" data-end=\"1492\">Las cartas de acci\u00f3n se resuelven <strong data-start=\"1375\" data-end=\"1412\">en el orden en que fueron jugadas<\/strong>, y los planes mejor trazados pueden salir mal debido a <strong data-start=\"1468\" data-end=\"1491\">errores y descuidos<\/strong>.<\/p>\n<p data-start=\"1494\" data-end=\"1845\">La acci\u00f3n tiene lugar en un <strong data-start=\"1522\" data-end=\"1545\">tren tridimensional<\/strong>, en el que los bandidos pueden moverse de un vag\u00f3n a otro, correr por el techo, <strong data-start=\"1626\" data-end=\"1654\">golpear a otros bandidos<\/strong>, <strong data-start=\"1656\" data-end=\"1671\">dispararles<\/strong>, <strong data-start=\"1673\" data-end=\"1698\">robar a los pasajeros<\/strong> o <strong data-start=\"1701\" data-end=\"1725\">desplazar al marshal<\/strong>. El tren tiene tantos vagones como jugadores, y cada vag\u00f3n comienza la partida con <strong data-start=\"1809\" data-end=\"1844\">gemas, sacos de bot\u00edn o maletas<\/strong>.<\/p>\n<p data-start=\"1847\" data-end=\"2276\">Cada jugador empieza una ronda con <strong data-start=\"1882\" data-end=\"1908\">seis cartas en la mano<\/strong>, cada una representando una acci\u00f3n distinta. Al inicio de la ronda se revela una <strong data-start=\"1990\" data-end=\"2008\">carta de ronda<\/strong>, que indica cu\u00e1ntas cartas se jugar\u00e1n, si se colocar\u00e1n boca arriba o boca abajo, si se juegan individualmente o por parejas, y qu\u00e9 <strong data-start=\"2140\" data-end=\"2159\">evento especial<\/strong> ocurrir\u00e1 al final de la ronda (por ejemplo, que todos los bandidos que est\u00e9n en el techo se muevan a la locomotora).<\/p>\n<p data-start=\"2278\" data-end=\"2682\">Solo puedes recoger <strong data-start=\"2298\" data-end=\"2324\">bot\u00edn, gemas o maletas<\/strong> jugando una carta de <strong data-start=\"2346\" data-end=\"2357\">\u00abrobar\u00bb<\/strong> cuando est\u00e9s en un vag\u00f3n que contenga alguno de estos objetos. Como todos quieren hacerse con el bot\u00edn, tendr\u00e1s que <strong data-start=\"2474\" data-end=\"2505\">moverte, golpear y disparar<\/strong> para apartar a los dem\u00e1s. Solo puedes golpear a un bandido que est\u00e9 en tu mismo vag\u00f3n; al hacerlo, ese bandido <strong data-start=\"2617\" data-end=\"2646\">suelta uno de sus botines<\/strong> y es empujado a un vag\u00f3n adyacente.<\/p>\n<p data-start=\"2684\" data-end=\"2906\">Cada personaje tiene una <strong data-start=\"2709\" data-end=\"2731\">habilidad especial<\/strong>, como comenzar la ronda con una carta adicional, jugar la primera carta boca abajo o <strong data-start=\"2817\" data-end=\"2850\">quedarte con un saco de bot\u00edn<\/strong> al golpear a alguien en lugar de dejarlo caer al suelo.<\/p>\n<p data-start=\"2908\" data-end=\"3368\">Puedes <strong data-start=\"2915\" data-end=\"2927\">disparar<\/strong> a un bandido que est\u00e9 en un vag\u00f3n adyacente o, si est\u00e1s sobre el techo del tren, <strong data-start=\"3009\" data-end=\"3045\">a cualquiera que est\u00e9 a la vista<\/strong>. Al hacerlo, le entregas una de tus <strong data-start=\"3082\" data-end=\"3100\">cartas de bala<\/strong>, que se baraja en su mazo y puede convertirse en una carta muerta en turnos futuros, oblig\u00e1ndole a robar en lugar de jugar. Si el <strong data-start=\"3231\" data-end=\"3242\">marshal<\/strong> termina en tu mismo vag\u00f3n \u2014normalmente porque otros bandidos lo han atra\u00eddo\u2014, tambi\u00e9n estar\u00e1 encantado de regalarte una bala.<\/p>\n<p data-start=\"3370\" data-end=\"3548\">Al final de la partida, el jugador que haya <strong data-start=\"3414\" data-end=\"3437\">disparado m\u00e1s balas<\/strong> recibe un <strong data-start=\"3448\" data-end=\"3480\">bono de fanfarr\u00f3n de 1.000 $<\/strong>, y <strong data-start=\"3484\" data-end=\"3523\">el bandido con el bot\u00edn m\u00e1s valioso<\/strong> se alza con la victoria.<\/p>\n<p data-start=\"3370\" data-end=\"3548\"><a href=\"https:\/\/boardgamegeek.com\/boardgame\/158899\/colt-express\">PAGINA BGG<\/a><\/p>\n<p><iframe title=\"Abriendo Colt Express\" width=\"640\" height=\"360\" src=\"https:\/\/www.youtube.com\/embed\/PiFP1Jw_Mfw?feature=oembed\" frameborder=\"0\" allow=\"accelerometer; autoplay; clipboard-write; encrypted-media; gyroscope; picture-in-picture; web-share\" referrerpolicy=\"strict-origin-when-cross-origin\" allowfullscreen><\/iframe><\/p>\n","protected":false},"excerpt":{"rendered":"<p>El 11 de julio de 1899, a las 10 de la ma\u00f1ana, el Union Pacific Express parti\u00f3 de Folsom, Nuevo M\u00e9xico, con 47 pasajeros a bordo. Al cabo de unos minutos, se oyen disparos y pasos apresurados sobre el techo. Un grupo de bandidos fuertemente armados ha llegado para robar a los honrados ciudadanos sus carteras y joyas.\u00bfLograr\u00e1n hacerse con la maleta que contiene la paga semanal de la compa\u00f1\u00eda&hellip;<\/p>\n","protected":false},"featured_media":5606,"comment_status":"open","ping_status":"closed","template":"","meta":[],"product_brand":[],"product_cat":[88],"product_tag":[94],"class_list":{"0":"post-5604","1":"product","2":"type-product","3":"status-publish","4":"has-post-thumbnail","6":"product_cat-familiar","7":"product_tag-trenes","9":"first","10":"instock","11":"taxable","12":"shipping-taxable","13":"purchasable","14":"product-type-simple"},"jetpack_sharing_enabled":true,"_links":{"self":[{"href":"https:\/\/veneludica.com\/index.php?rest_route=\/wp\/v2\/product\/5604","targetHints":{"allow":["GET"]}}],"collection":[{"href":"https:\/\/veneludica.com\/index.php?rest_route=\/wp\/v2\/product"}],"about":[{"href":"https:\/\/veneludica.com\/index.php?rest_route=\/wp\/v2\/types\/product"}],"replies":[{"embeddable":true,"href":"https:\/\/veneludica.com\/index.php?rest_route=%2Fwp%2Fv2%2Fcomments&post=5604"}],"version-history":[{"count":1,"href":"https:\/\/veneludica.com\/index.php?rest_route=\/wp\/v2\/product\/5604\/revisions"}],"predecessor-version":[{"id":5607,"href":"https:\/\/veneludica.com\/index.php?rest_route=\/wp\/v2\/product\/5604\/revisions\/5607"}],"wp:featuredmedia":[{"embeddable":true,"href":"https:\/\/veneludica.com\/index.php?rest_route=\/wp\/v2\/media\/5606"}],"wp:attachment":[{"href":"https:\/\/veneludica.com\/index.php?rest_route=%2Fwp%2Fv2%2Fmedia&parent=5604"}],"wp:term":[{"taxonomy":"product_brand","embeddable":true,"href":"https:\/\/veneludica.com\/index.php?rest_route=%2Fwp%2Fv2%2Fproduct_brand&post=5604"},{"taxonomy":"product_cat","embeddable":true,"href":"https:\/\/veneludica.com\/index.php?rest_route=%2Fwp%2Fv2%2Fproduct_cat&post=5604"},{"taxonomy":"product_tag","embeddable":true,"href":"https:\/\/veneludica.com\/index.php?rest_route=%2Fwp%2Fv2%2Fproduct_tag&post=5604"}],"curies":[{"name":"wp","href":"https:\/\/api.w.org\/{rel}","templated":true}]}}