{"id":5608,"date":"2026-01-08T05:07:56","date_gmt":"2026-01-08T05:07:56","guid":{"rendered":"https:\/\/veneludica.com\/?post_type=product&#038;p=5608"},"modified":"2026-01-08T05:07:56","modified_gmt":"2026-01-08T05:07:56","slug":"colt-express-bandits-expansion-belle","status":"publish","type":"product","link":"https:\/\/veneludica.com\/?product=colt-express-bandits-expansion-belle","title":{"rendered":"Colt Express: Bandits Expansion &#8211; Belle"},"content":{"rendered":"<p data-start=\"147\" data-end=\"768\">Cada una de las <strong data-start=\"163\" data-end=\"208\">seis expansiones de Colt Express: Bandits<\/strong> permite a los jugadores <strong data-start=\"233\" data-end=\"268\">competir contra el propio juego<\/strong>, que act\u00faa siguiendo las reglas espec\u00edficas de cada expansi\u00f3n. En cada una se cuenta una <strong data-start=\"358\" data-end=\"379\">historia distinta<\/strong>, ya que cada expansi\u00f3n introduce un <strong data-start=\"416\" data-end=\"437\">objetivo concreto<\/strong> y <strong data-start=\"440\" data-end=\"459\">nuevas acciones<\/strong> para el bandido controlado por el juego.<br data-start=\"500\" data-end=\"503\" \/>Este bandido <strong data-start=\"516\" data-end=\"542\">puede ganar la partida<\/strong>, y si eso ocurre, <strong data-start=\"561\" data-end=\"592\" data-is-only-node=\"\">todos los jugadores pierden<\/strong>. Por tanto, deber\u00e9is <strong data-start=\"614\" data-end=\"642\">colaborar entre vosotros<\/strong> para enfrentaros a este \u00abbot\u00bb, sin olvidar que, al final, <strong data-start=\"701\" data-end=\"732\">solo puede haber un ganador<\/strong>: el bandido m\u00e1s rico, por supuesto.<\/p>\n<h3 data-start=\"770\" data-end=\"789\">Expansi\u00f3n Belle<\/h3>\n<p data-start=\"791\" data-end=\"950\">En la expansi\u00f3n <strong data-start=\"807\" data-end=\"816\">Belle<\/strong>, Belle est\u00e1 en busca de <strong data-start=\"841\" data-end=\"850\">joyas<\/strong>. Siempre se mueve hacia el lugar donde haya <strong data-start=\"895\" data-end=\"908\">m\u00e1s joyas<\/strong> y dispone de <strong data-start=\"922\" data-end=\"949\">dos acciones especiales<\/strong>:<\/p>\n<ul data-start=\"952\" data-end=\"1138\">\n<li data-start=\"952\" data-end=\"1052\">\n<p data-start=\"954\" data-end=\"1052\"><strong data-start=\"954\" data-end=\"962\">Robo<\/strong>: le permite coger <strong data-start=\"981\" data-end=\"1010\">una joya por cada bandido<\/strong> que se encuentre en su misma ubicaci\u00f3n.<\/p>\n<\/li>\n<li data-start=\"1053\" data-end=\"1138\">\n<p data-start=\"1055\" data-end=\"1138\"><strong data-start=\"1055\" data-end=\"1066\">Encanto<\/strong>: hace que <strong data-start=\"1077\" data-end=\"1109\">todos los bandidos se muevan<\/strong> hacia la ubicaci\u00f3n de Belle.<\/p>\n<\/li>\n<\/ul>\n<p data-start=\"1140\" data-end=\"1280\">Adem\u00e1s, el <strong data-start=\"1151\" data-end=\"1162\">marshal<\/strong> tiene cierta debilidad por Belle, por lo que <strong data-start=\"1208\" data-end=\"1279\">ella puede permanecer en el vag\u00f3n en el que se encuentre el marshal<\/strong>.<\/p>\n<p data-start=\"1140\" data-end=\"1280\"><a href=\"https:\/\/boardgamegeek.com\/boardgame\/255347\/colt-express-bandits-belle\">PAGINA BGG<\/a><\/p>\n<p><iframe title=\"Colt Express Bandits: Belle Y Doc- Unboxing Espa\u00f1ol- Tu Turno\" width=\"640\" height=\"360\" src=\"https:\/\/www.youtube.com\/embed\/ZHfOsLN1GOQ?feature=oembed\" frameborder=\"0\" allow=\"accelerometer; autoplay; clipboard-write; encrypted-media; gyroscope; picture-in-picture; web-share\" referrerpolicy=\"strict-origin-when-cross-origin\" allowfullscreen><\/iframe><\/p>\n","protected":false},"excerpt":{"rendered":"<p>Cada una de las seis expansiones de Colt Express: Bandits permite a los jugadores competir contra el propio juego, que act\u00faa siguiendo las reglas espec\u00edficas de cada expansi\u00f3n. En cada una se cuenta una historia distinta, ya que cada expansi\u00f3n introduce un objetivo concreto y nuevas acciones para el bandido controlado por el juego.Este bandido puede ganar la partida, y si eso ocurre, todos los jugadores pierden. Por tanto, deber\u00e9is&hellip;<\/p>\n","protected":false},"featured_media":5609,"comment_status":"open","ping_status":"closed","template":"","meta":[],"product_brand":[],"product_cat":[141,88],"product_tag":[144],"class_list":{"0":"post-5608","1":"product","2":"type-product","3":"status-publish","4":"has-post-thumbnail","6":"product_cat-expansion","7":"product_cat-familiar","8":"product_tag-expansion","10":"first","11":"instock","12":"taxable","13":"shipping-taxable","14":"purchasable","15":"product-type-simple"},"jetpack_sharing_enabled":true,"_links":{"self":[{"href":"https:\/\/veneludica.com\/index.php?rest_route=\/wp\/v2\/product\/5608","targetHints":{"allow":["GET"]}}],"collection":[{"href":"https:\/\/veneludica.com\/index.php?rest_route=\/wp\/v2\/product"}],"about":[{"href":"https:\/\/veneludica.com\/index.php?rest_route=\/wp\/v2\/types\/product"}],"replies":[{"embeddable":true,"href":"https:\/\/veneludica.com\/index.php?rest_route=%2Fwp%2Fv2%2Fcomments&post=5608"}],"version-history":[{"count":1,"href":"https:\/\/veneludica.com\/index.php?rest_route=\/wp\/v2\/product\/5608\/revisions"}],"predecessor-version":[{"id":5610,"href":"https:\/\/veneludica.com\/index.php?rest_route=\/wp\/v2\/product\/5608\/revisions\/5610"}],"wp:featuredmedia":[{"embeddable":true,"href":"https:\/\/veneludica.com\/index.php?rest_route=\/wp\/v2\/media\/5609"}],"wp:attachment":[{"href":"https:\/\/veneludica.com\/index.php?rest_route=%2Fwp%2Fv2%2Fmedia&parent=5608"}],"wp:term":[{"taxonomy":"product_brand","embeddable":true,"href":"https:\/\/veneludica.com\/index.php?rest_route=%2Fwp%2Fv2%2Fproduct_brand&post=5608"},{"taxonomy":"product_cat","embeddable":true,"href":"https:\/\/veneludica.com\/index.php?rest_route=%2Fwp%2Fv2%2Fproduct_cat&post=5608"},{"taxonomy":"product_tag","embeddable":true,"href":"https:\/\/veneludica.com\/index.php?rest_route=%2Fwp%2Fv2%2Fproduct_tag&post=5608"}],"curies":[{"name":"wp","href":"https:\/\/api.w.org\/{rel}","templated":true}]}}