{"id":5611,"date":"2026-01-08T05:12:28","date_gmt":"2026-01-08T05:12:28","guid":{"rendered":"https:\/\/veneludica.com\/?post_type=product&#038;p=5611"},"modified":"2026-01-08T05:12:28","modified_gmt":"2026-01-08T05:12:28","slug":"colt-express-bandits-expansion-cheyenne","status":"publish","type":"product","link":"https:\/\/veneludica.com\/?product=colt-express-bandits-expansion-cheyenne","title":{"rendered":"Colt Express: Bandits Expansion &#8211; Cheyenne"},"content":{"rendered":"<p data-start=\"154\" data-end=\"731\">Cada una de las <strong data-start=\"170\" data-end=\"215\">seis expansiones de Colt Express: Bandits<\/strong> permite a los jugadores <strong data-start=\"240\" data-end=\"271\">enfrentarse al propio juego<\/strong>, que act\u00faa siguiendo las reglas espec\u00edficas de cada expansi\u00f3n. En cada una se desarrolla una <strong data-start=\"365\" data-end=\"387\">historia diferente<\/strong>, ya que cada expansi\u00f3n establece un <strong data-start=\"424\" data-end=\"445\">objetivo concreto<\/strong> y <strong data-start=\"448\" data-end=\"467\">nuevas acciones<\/strong> para el bandido controlado por el juego.<br data-start=\"508\" data-end=\"511\" \/>Este bandido puede <strong data-start=\"530\" data-end=\"550\" data-is-only-node=\"\">ganar la partida<\/strong>, y si eso ocurre, <strong data-start=\"569\" data-end=\"600\">todos los jugadores pierden<\/strong>. Por ello, es necesario <strong data-start=\"625\" data-end=\"656\">colaborar contra este \u201cbot\u201d<\/strong>, sin olvidar que al final <strong data-start=\"683\" data-end=\"709\">solo habr\u00e1 un vencedor<\/strong>: el bandido m\u00e1s rico.<\/p>\n<h3 data-start=\"733\" data-end=\"755\">Expansi\u00f3n Cheyenne<\/h3>\n<p data-start=\"757\" data-end=\"1166\">En la expansi\u00f3n <strong data-start=\"773\" data-end=\"785\">Cheyenne<\/strong>, Cheyenne ha cambiado su rev\u00f3lver por un <strong data-start=\"827\" data-end=\"835\">arco<\/strong>. Ten cuidado, ya que es <strong data-start=\"860\" data-end=\"895\">a\u00fan m\u00e1s certera con sus flechas<\/strong>, especialmente porque est\u00e1n <strong data-start=\"924\" data-end=\"939\">envenenadas<\/strong>. Cuando Cheyenne utiliza su arco, <strong data-start=\"974\" data-end=\"1035\">todos los bandidos objetivo reciben una flecha envenenada<\/strong>. Si no consiguen recoger un <strong data-start=\"1064\" data-end=\"1076\">ant\u00eddoto<\/strong> antes del final de la partida, <strong data-start=\"1108\" data-end=\"1135\">pierden autom\u00e1ticamente<\/strong>, sin importar cu\u00e1n ricos sean.<\/p>\n<p data-start=\"1168\" data-end=\"1429\">Cheyenne se mueve <strong data-start=\"1186\" data-end=\"1227\">m\u00e1s r\u00e1pido que cualquier otro bandido<\/strong>. Cuando termina su movimiento en una ubicaci\u00f3n donde haya otros bandidos, <strong data-start=\"1302\" data-end=\"1335\">les roba una bolsa a cada uno<\/strong>.<br data-start=\"1336\" data-end=\"1339\" \/>Cheyenne gana la partida si es <strong data-start=\"1370\" data-end=\"1428\">la bandida m\u00e1s rica entre los jugadores no envenenados<\/strong>.<\/p>\n<p data-start=\"1168\" data-end=\"1429\"><a href=\"https:\/\/boardgamegeek.com\/boardgameexpansion\/255348\/colt-express-bandits-cheyenne\">PAGINA BGG<\/a><\/p>\n<p><iframe title=\"Colt Express Bandits: Tuco y Cheyenne- Unboxing Espa\u00f1ol- Tu Turno\" width=\"640\" height=\"360\" src=\"https:\/\/www.youtube.com\/embed\/358xQeXYOqs?feature=oembed\" frameborder=\"0\" allow=\"accelerometer; autoplay; clipboard-write; encrypted-media; gyroscope; picture-in-picture; web-share\" referrerpolicy=\"strict-origin-when-cross-origin\" allowfullscreen><\/iframe><\/p>\n","protected":false},"excerpt":{"rendered":"<p>Cada una de las seis expansiones de Colt Express: Bandits permite a los jugadores enfrentarse al propio juego, que act\u00faa siguiendo las reglas espec\u00edficas de cada expansi\u00f3n. En cada una se desarrolla una historia diferente, ya que cada expansi\u00f3n establece un objetivo concreto y nuevas acciones para el bandido controlado por el juego.Este bandido puede ganar la partida, y si eso ocurre, todos los jugadores pierden. Por ello, es necesario&hellip;<\/p>\n","protected":false},"featured_media":5612,"comment_status":"open","ping_status":"closed","template":"","meta":[],"product_brand":[],"product_cat":[141,88],"product_tag":[144],"class_list":{"0":"post-5611","1":"product","2":"type-product","3":"status-publish","4":"has-post-thumbnail","6":"product_cat-expansion","7":"product_cat-familiar","8":"product_tag-expansion","10":"first","11":"instock","12":"taxable","13":"shipping-taxable","14":"purchasable","15":"product-type-simple"},"jetpack_sharing_enabled":true,"_links":{"self":[{"href":"https:\/\/veneludica.com\/index.php?rest_route=\/wp\/v2\/product\/5611","targetHints":{"allow":["GET"]}}],"collection":[{"href":"https:\/\/veneludica.com\/index.php?rest_route=\/wp\/v2\/product"}],"about":[{"href":"https:\/\/veneludica.com\/index.php?rest_route=\/wp\/v2\/types\/product"}],"replies":[{"embeddable":true,"href":"https:\/\/veneludica.com\/index.php?rest_route=%2Fwp%2Fv2%2Fcomments&post=5611"}],"version-history":[{"count":1,"href":"https:\/\/veneludica.com\/index.php?rest_route=\/wp\/v2\/product\/5611\/revisions"}],"predecessor-version":[{"id":5613,"href":"https:\/\/veneludica.com\/index.php?rest_route=\/wp\/v2\/product\/5611\/revisions\/5613"}],"wp:featuredmedia":[{"embeddable":true,"href":"https:\/\/veneludica.com\/index.php?rest_route=\/wp\/v2\/media\/5612"}],"wp:attachment":[{"href":"https:\/\/veneludica.com\/index.php?rest_route=%2Fwp%2Fv2%2Fmedia&parent=5611"}],"wp:term":[{"taxonomy":"product_brand","embeddable":true,"href":"https:\/\/veneludica.com\/index.php?rest_route=%2Fwp%2Fv2%2Fproduct_brand&post=5611"},{"taxonomy":"product_cat","embeddable":true,"href":"https:\/\/veneludica.com\/index.php?rest_route=%2Fwp%2Fv2%2Fproduct_cat&post=5611"},{"taxonomy":"product_tag","embeddable":true,"href":"https:\/\/veneludica.com\/index.php?rest_route=%2Fwp%2Fv2%2Fproduct_tag&post=5611"}],"curies":[{"name":"wp","href":"https:\/\/api.w.org\/{rel}","templated":true}]}}